{"id":20,"date":"2021-08-30T22:45:37","date_gmt":"2021-08-31T01:45:37","guid":{"rendered":"https:\/\/cbhmeiaponte.meioambiente.go.gov.br\/?page_id=20"},"modified":"2024-03-04T10:23:50","modified_gmt":"2024-03-04T13:23:50","slug":"sobre-o-cbh-rio-meia-ponte","status":"publish","type":"page","link":"https:\/\/cbhmeiaponte.meioambiente.go.gov.br\/?page_id=20","title":{"rendered":"Sobre o CBH Rio Meia Ponte"},"content":{"rendered":"\n<p>O CBH Meia Ponte foi institu\u00eddo em 16 de julho de 1997, por meio da lei n\u00ba 13.123. Ele \u00e9 um \u00f3rg\u00e3o colegiado, com atribui\u00e7\u00f5es deliberativas e consultivas, de n\u00edvel regional e estrat\u00e9gico, do Sistema Estadual de Gerenciamento de Recursos H\u00eddricos. Pela lei, a \u00e1rea de atua\u00e7\u00e3o do CBH Meia Ponte ser\u00e1 a totalidade da Bacia Hidrogr\u00e1fica do Rio Meia Ponte e outras definidas por legisla\u00e7\u00e3o espec\u00edfica.<\/p>\n\n\n\n<p>O comit\u00ea dever\u00e1 se reunir periodicamente para tratar de assuntos da bacia, focando no uso da \u00e1gua. Al\u00e9m disso, trabalhar em parceria com a sociedade para a sustentabilidade das Bacias Hidrogr\u00e1ficas da sua \u00e1rea de atua\u00e7\u00e3o.<\/p>\n\n\n\n<p>As atribui\u00e7\u00f5es do CBH Meia Ponte s\u00e3o diversas. Entre elas est\u00e1 a promo\u00e7\u00e3o do debate das quest\u00f5es relacionadas a Recursos H\u00eddricos com os demais Comit\u00eas; aprovar e acompanhar a execu\u00e7\u00e3o do Plano de Recursos H\u00eddricos da Bacia e propor a cria\u00e7\u00e3o das Ag\u00eancias de \u00c1gua da Bacia. Essas s\u00e3o algumas das v\u00e1rias compet\u00eancias que o comit\u00ea fica respons\u00e1vel.<\/p>\n\n\n\n<p>O rio Meia Ponte, afluente do rio Parana\u00edba, nasce na serra dos Brand\u00f5es, no munic\u00edpio de Itau\u00e7u. A bacia hidrogr\u00e1fica do rio Meia Ponte representa 3,56% da \u00e1rea do territ\u00f3rio do Estado. Est\u00e3o inseridos, nesta regi\u00e3o, 37 munic\u00edpios goianos, incluindo a capital goiana e as cidades de An\u00e1polis, Morrinhos, Goiatuba e Itumbiara.<\/p>\n","protected":false},"excerpt":{"rendered":"<p>O CBH Meia Ponte foi institu\u00eddo em 16 de julho de 1997, por meio da lei n\u00ba 13.123. Ele \u00e9 um \u00f3rg\u00e3o colegiado, com atribui\u00e7\u00f5es deliberativas e consultivas, de n\u00edvel regional e estrat\u00e9gico, do Sistema Estadual de Gerenciamento de Recursos H\u00eddricos. Pela lei, a \u00e1rea de atua\u00e7\u00e3o do CBH Meia Ponte ser\u00e1 a totalidade da [&hellip;]<\/p>\n","protected":false},"author":2,"featured_media":0,"parent":0,"menu_order":0,"comment_status":"closed","ping_status":"closed","template":"general-template.php","meta":{"footnotes":""},"class_list":["post-20","page","type-page","status-publish","hentry"],"yoast_head":"<!-- This site is optimized with the Yoast SEO plugin v27.3 - https:\/\/yoast.com\/product\/yoast-seo-wordpress\/ -->\n<title>Sobre o CBH Rio Meia Ponte - cbhmeiaponte<\/title>\n<meta name=\"robots\" content=\"index, follow, max-snippet:-1, max-image-preview:large, max-video-preview:-1\" \/>\n<link rel=\"canonical\" href=\"https:\/\/cbhmeiaponte.meioambiente.go.gov.br\/?page_id=20\" \/>\n<meta property=\"og:locale\" content=\"pt_BR\" \/>\n<meta property=\"og:type\" content=\"article\" \/>\n<meta property=\"og:title\" content=\"Sobre o CBH Rio Meia Ponte - cbhmeiaponte\" \/>\n<meta property=\"og:description\" content=\"O CBH Meia Ponte foi institu\u00eddo em 16 de julho de 1997, por meio da lei n\u00ba 13.123. Ele \u00e9 um \u00f3rg\u00e3o colegiado, com atribui\u00e7\u00f5es deliberativas e consultivas, de n\u00edvel regional e estrat\u00e9gico, do Sistema Estadual de Gerenciamento de Recursos H\u00eddricos. Pela lei, a \u00e1rea de atua\u00e7\u00e3o do CBH Meia Ponte ser\u00e1 a totalidade da [&hellip;]\" \/>\n<meta property=\"og:url\" content=\"https:\/\/cbhmeiaponte.meioambiente.go.gov.br\/?page_id=20\" \/>\n<meta property=\"og:site_name\" content=\"cbhmeiaponte\" \/>\n<meta property=\"article:modified_time\" content=\"2024-03-04T13:23:50+00:00\" \/>\n<meta name=\"twitter:card\" content=\"summary_large_image\" \/>\n<meta name=\"twitter:label1\" content=\"Est. tempo de leitura\" \/>\n\t<meta name=\"twitter:data1\" content=\"1 minuto\" \/>\n<script type=\"application\/ld+json\" class=\"yoast-schema-graph\">{\"@context\":\"https:\\\/\\\/schema.org\",\"@graph\":[{\"@type\":\"WebPage\",\"@id\":\"https:\\\/\\\/cbhmeiaponte.meioambiente.go.gov.br\\\/?page_id=20\",\"url\":\"https:\\\/\\\/cbhmeiaponte.meioambiente.go.gov.br\\\/?page_id=20\",\"name\":\"Sobre o CBH Rio Meia Ponte - cbhmeiaponte\",\"isPartOf\":{\"@id\":\"https:\\\/\\\/cbhmeiaponte.meioambiente.go.gov.br\\\/#website\"},\"datePublished\":\"2021-08-31T01:45:37+00:00\",\"dateModified\":\"2024-03-04T13:23:50+00:00\",\"breadcrumb\":{\"@id\":\"https:\\\/\\\/cbhmeiaponte.meioambiente.go.gov.br\\\/?page_id=20#breadcrumb\"},\"inLanguage\":\"pt-BR\",\"potentialAction\":[{\"@type\":\"ReadAction\",\"target\":[\"https:\\\/\\\/cbhmeiaponte.meioambiente.go.gov.br\\\/?page_id=20\"]}]},{\"@type\":\"BreadcrumbList\",\"@id\":\"https:\\\/\\\/cbhmeiaponte.meioambiente.go.gov.br\\\/?page_id=20#breadcrumb\",\"itemListElement\":[{\"@type\":\"ListItem\",\"position\":1,\"name\":\"In\u00edcio\",\"item\":\"https:\\\/\\\/cbhmeiaponte.meioambiente.go.gov.br\\\/\"},{\"@type\":\"ListItem\",\"position\":2,\"name\":\"Sobre o CBH Rio Meia Ponte\"}]},{\"@type\":\"WebSite\",\"@id\":\"https:\\\/\\\/cbhmeiaponte.meioambiente.go.gov.br\\\/#website\",\"url\":\"https:\\\/\\\/cbhmeiaponte.meioambiente.go.gov.br\\\/\",\"name\":\"cbhmeiaponte\",\"description\":\"Comit\u00ea da Bacia Hidrogr\u00e1fica do Rio Meia Ponte\",\"publisher\":{\"@id\":\"https:\\\/\\\/cbhmeiaponte.meioambiente.go.gov.br\\\/#organization\"},\"potentialAction\":[{\"@type\":\"SearchAction\",\"target\":{\"@type\":\"EntryPoint\",\"urlTemplate\":\"https:\\\/\\\/cbhmeiaponte.meioambiente.go.gov.br\\\/?s={search_term_string}\"},\"query-input\":{\"@type\":\"PropertyValueSpecification\",\"valueRequired\":true,\"valueName\":\"search_term_string\"}}],\"inLanguage\":\"pt-BR\"},{\"@type\":\"Organization\",\"@id\":\"https:\\\/\\\/cbhmeiaponte.meioambiente.go.gov.br\\\/#organization\",\"name\":\"cbhmeiaponte\",\"url\":\"https:\\\/\\\/cbhmeiaponte.meioambiente.go.gov.br\\\/\",\"logo\":{\"@type\":\"ImageObject\",\"inLanguage\":\"pt-BR\",\"@id\":\"https:\\\/\\\/cbhmeiaponte.meioambiente.go.gov.br\\\/#\\\/schema\\\/logo\\\/image\\\/\",\"url\":\"https:\\\/\\\/i0.wp.com\\\/cbhmeiaponte.meioambiente.go.gov.br\\\/wp-content\\\/uploads\\\/2022\\\/04\\\/cropped-CBH-Meia-Ponte.png?fit=315%2C80&ssl=1\",\"contentUrl\":\"https:\\\/\\\/i0.wp.com\\\/cbhmeiaponte.meioambiente.go.gov.br\\\/wp-content\\\/uploads\\\/2022\\\/04\\\/cropped-CBH-Meia-Ponte.png?fit=315%2C80&ssl=1\",\"width\":315,\"height\":80,\"caption\":\"cbhmeiaponte\"},\"image\":{\"@id\":\"https:\\\/\\\/cbhmeiaponte.meioambiente.go.gov.br\\\/#\\\/schema\\\/logo\\\/image\\\/\"}}]}<\/script>\n<!-- \/ Yoast SEO plugin. -->","yoast_head_json":{"title":"Sobre o CBH Rio Meia Ponte - cbhmeiaponte","robots":{"index":"index","follow":"follow","max-snippet":"max-snippet:-1","max-image-preview":"max-image-preview:large","max-video-preview":"max-video-preview:-1"},"canonical":"https:\/\/cbhmeiaponte.meioambiente.go.gov.br\/?page_id=20","og_locale":"pt_BR","og_type":"article","og_title":"Sobre o CBH Rio Meia Ponte - cbhmeiaponte","og_description":"O CBH Meia Ponte foi institu\u00eddo em 16 de julho de 1997, por meio da lei n\u00ba 13.123. Ele \u00e9 um \u00f3rg\u00e3o colegiado, com atribui\u00e7\u00f5es deliberativas e consultivas, de n\u00edvel regional e estrat\u00e9gico, do Sistema Estadual de Gerenciamento de Recursos H\u00eddricos. Pela lei, a \u00e1rea de atua\u00e7\u00e3o do CBH Meia Ponte ser\u00e1 a totalidade da [&hellip;]","og_url":"https:\/\/cbhmeiaponte.meioambiente.go.gov.br\/?page_id=20","og_site_name":"cbhmeiaponte","article_modified_time":"2024-03-04T13:23:50+00:00","twitter_card":"summary_large_image","twitter_misc":{"Est. tempo de leitura":"1 minuto"},"schema":{"@context":"https:\/\/schema.org","@graph":[{"@type":"WebPage","@id":"https:\/\/cbhmeiaponte.meioambiente.go.gov.br\/?page_id=20","url":"https:\/\/cbhmeiaponte.meioambiente.go.gov.br\/?page_id=20","name":"Sobre o CBH Rio Meia Ponte - cbhmeiaponte","isPartOf":{"@id":"https:\/\/cbhmeiaponte.meioambiente.go.gov.br\/#website"},"datePublished":"2021-08-31T01:45:37+00:00","dateModified":"2024-03-04T13:23:50+00:00","breadcrumb":{"@id":"https:\/\/cbhmeiaponte.meioambiente.go.gov.br\/?page_id=20#breadcrumb"},"inLanguage":"pt-BR","potentialAction":[{"@type":"ReadAction","target":["https:\/\/cbhmeiaponte.meioambiente.go.gov.br\/?page_id=20"]}]},{"@type":"BreadcrumbList","@id":"https:\/\/cbhmeiaponte.meioambiente.go.gov.br\/?page_id=20#breadcrumb","itemListElement":[{"@type":"ListItem","position":1,"name":"In\u00edcio","item":"https:\/\/cbhmeiaponte.meioambiente.go.gov.br\/"},{"@type":"ListItem","position":2,"name":"Sobre o CBH Rio Meia Ponte"}]},{"@type":"WebSite","@id":"https:\/\/cbhmeiaponte.meioambiente.go.gov.br\/#website","url":"https:\/\/cbhmeiaponte.meioambiente.go.gov.br\/","name":"cbhmeiaponte","description":"Comit\u00ea da Bacia Hidrogr\u00e1fica do Rio Meia Ponte","publisher":{"@id":"https:\/\/cbhmeiaponte.meioambiente.go.gov.br\/#organization"},"potentialAction":[{"@type":"SearchAction","target":{"@type":"EntryPoint","urlTemplate":"https:\/\/cbhmeiaponte.meioambiente.go.gov.br\/?s={search_term_string}"},"query-input":{"@type":"PropertyValueSpecification","valueRequired":true,"valueName":"search_term_string"}}],"inLanguage":"pt-BR"},{"@type":"Organization","@id":"https:\/\/cbhmeiaponte.meioambiente.go.gov.br\/#organization","name":"cbhmeiaponte","url":"https:\/\/cbhmeiaponte.meioambiente.go.gov.br\/","logo":{"@type":"ImageObject","inLanguage":"pt-BR","@id":"https:\/\/cbhmeiaponte.meioambiente.go.gov.br\/#\/schema\/logo\/image\/","url":"https:\/\/i0.wp.com\/cbhmeiaponte.meioambiente.go.gov.br\/wp-content\/uploads\/2022\/04\/cropped-CBH-Meia-Ponte.png?fit=315%2C80&ssl=1","contentUrl":"https:\/\/i0.wp.com\/cbhmeiaponte.meioambiente.go.gov.br\/wp-content\/uploads\/2022\/04\/cropped-CBH-Meia-Ponte.png?fit=315%2C80&ssl=1","width":315,"height":80,"caption":"cbhmeiaponte"},"image":{"@id":"https:\/\/cbhmeiaponte.meioambiente.go.gov.br\/#\/schema\/logo\/image\/"}}]}},"featured_image_src":null,"featured_image_src_square":null,"jetpack_sharing_enabled":true,"_links":{"self":[{"href":"https:\/\/cbhmeiaponte.meioambiente.go.gov.br\/index.php?rest_route=\/wp\/v2\/pages\/20","targetHints":{"allow":["GET"]}}],"collection":[{"href":"https:\/\/cbhmeiaponte.meioambiente.go.gov.br\/index.php?rest_route=\/wp\/v2\/pages"}],"about":[{"href":"https:\/\/cbhmeiaponte.meioambiente.go.gov.br\/index.php?rest_route=\/wp\/v2\/types\/page"}],"author":[{"embeddable":true,"href":"https:\/\/cbhmeiaponte.meioambiente.go.gov.br\/index.php?rest_route=\/wp\/v2\/users\/2"}],"replies":[{"embeddable":true,"href":"https:\/\/cbhmeiaponte.meioambiente.go.gov.br\/index.php?rest_route=%2Fwp%2Fv2%2Fcomments&post=20"}],"version-history":[{"count":3,"href":"https:\/\/cbhmeiaponte.meioambiente.go.gov.br\/index.php?rest_route=\/wp\/v2\/pages\/20\/revisions"}],"predecessor-version":[{"id":1453,"href":"https:\/\/cbhmeiaponte.meioambiente.go.gov.br\/index.php?rest_route=\/wp\/v2\/pages\/20\/revisions\/1453"}],"wp:attachment":[{"href":"https:\/\/cbhmeiaponte.meioambiente.go.gov.br\/index.php?rest_route=%2Fwp%2Fv2%2Fmedia&parent=20"}],"curies":[{"name":"wp","href":"https:\/\/api.w.org\/{rel}","templated":true}]}}