{"id":36,"date":"2021-08-30T22:48:03","date_gmt":"2021-08-31T01:48:03","guid":{"rendered":"https:\/\/cbhmeiaponte.meioambiente.go.gov.br\/?page_id=36"},"modified":"2024-01-16T15:51:51","modified_gmt":"2024-01-16T18:51:51","slug":"eleicoes","status":"publish","type":"page","link":"https:\/\/cbhmeiaponte.meioambiente.go.gov.br\/?page_id=36","title":{"rendered":"Processo Eleitoral \/ Gest\u00e3o 2023-2027"},"content":{"rendered":"\n<p>Os Comit\u00eas das Bacias Hidrogr\u00e1ficas do Estado de Goi\u00e1s, tendo por base a Lei Federal n\u00ba 9.433, de 08 de janeiro de 1997, a Lei Estadual n\u00ba 13.123, de 16 de julho de 1997, bem como o estabelecido em seus regimentos internos realizam elei\u00e7\u00f5es para escolha de seus integrantes, para um mandato de 04 (quatro) anos. E suas diretorias eleitas cumprem um mandato de 02 (dois) anos, sendo permitida uma reelei\u00e7\u00e3o.<\/p>\n\n\n\n<div class=\"wp-block-buttons is-horizontal is-layout-flex wp-block-buttons-is-layout-flex\">\n<div class=\"wp-block-button has-custom-font-size has-small-font-size\"><a class=\"wp-block-button__link wp-element-button\" href=\"https:\/\/cbhmeiaponte.meioambiente.go.gov.br\/wp-content\/uploads\/2021\/09\/DECRETO-5580-Abril-2002-Criacao-do-Comite.pdf\">Decreto de Cria\u00e7\u00e3o<\/a><\/div>\n<\/div>\n\n\n\n<div style=\"height:15px\" aria-hidden=\"true\" class=\"wp-block-spacer\"><\/div>\n\n\n\n<div class=\"wp-block-buttons is-layout-flex wp-block-buttons-is-layout-flex\">\n<div class=\"wp-block-button has-custom-font-size has-small-font-size\"><a class=\"wp-block-button__link wp-element-button\" href=\"https:\/\/cbhmeiaponte.meioambiente.go.gov.br\/wp-content\/uploads\/2023\/08\/Deliberacao-024-2023-CBH-Meia-Ponte-Processo-eleitoral-2023-2027.pdf\">Delibera\u00e7\u00e3o Processo Eleitoral<\/a><\/div>\n<\/div>\n\n\n\n<div style=\"height:15px\" aria-hidden=\"true\" class=\"wp-block-spacer\"><\/div>\n\n\n\n<div class=\"wp-block-buttons is-layout-flex wp-block-buttons-is-layout-flex\">\n<div class=\"wp-block-button has-custom-font-size has-small-font-size\"><a class=\"wp-block-button__link wp-element-button\" href=\"https:\/\/cbhmeiaponte.meioambiente.go.gov.br\/wp-content\/uploads\/2023\/08\/Anexo-I-Documentos-Exigidos-Meia-Ponte.pdf\">Anexo 1 &#8211; Documentos exigidos<\/a><\/div>\n\n\n\n<div class=\"wp-block-button has-custom-font-size has-small-font-size\"><a class=\"wp-block-button__link wp-element-button\" href=\"https:\/\/cbhmeiaponte.meioambiente.go.gov.br\/wp-content\/uploads\/2023\/08\/Anexo-II-DECLARACAO-Meia-Ponte.pdf\">Anexo 2 &#8211; Declara\u00e7\u00e3o<\/a><\/div>\n\n\n\n<div class=\"wp-block-button has-custom-font-size has-small-font-size\"><a class=\"wp-block-button__link wp-element-button\" href=\"https:\/\/cbhmeiaponte.meioambiente.go.gov.br\/wp-content\/uploads\/2023\/08\/ANEXO-III-Modelo-de-Oficio-para-Solicitacao-de-Inscricao-do-Poder-Publico-Minicipal-no-processo-Eleitoral-Meia-Ponte.pdf\">Anexo 3 &#8211; Oficio de solicita\u00e7\u00e3o de inscri\u00e7\u00e3o para os Munic\u00edpios<\/a><\/div>\n<\/div>\n\n\n\n<div style=\"height:15px\" aria-hidden=\"true\" class=\"wp-block-spacer\"><\/div>\n\n\n\n<div class=\"wp-block-buttons is-layout-flex wp-block-buttons-is-layout-flex\">\n<div class=\"wp-block-button has-custom-font-size has-small-font-size\"><a class=\"wp-block-button__link wp-element-button\" href=\"https:\/\/forms.gle\/94GWgb79PUQPmBtM6\">Formul\u00e1rio de Inscri\u00e7\u00e3o<\/a><\/div>\n<\/div>\n\n\n\n<div style=\"height:12px\" aria-hidden=\"true\" class=\"wp-block-spacer\"><\/div>\n\n\n\n<div class=\"wp-block-atomic-blocks-ab-accordion ab-block-accordion\"><details><summary class=\"ab-accordion-title\">Editais<\/summary><div class=\"ab-accordion-text\">\n<p><a href=\"https:\/\/cbhmeiaponte.meioambiente.go.gov.br\/wp-content\/uploads\/2023\/11\/Edital-CBH-Meia-Ponte-No-005_2023_Divulgac\u0327a\u0303o-Eleitos-e-convocac\u0327a\u0303o-Posse.pdf\">Edital N\u00ba 005\/2023 &#8211; DIVULGA\u00c7\u00c3O DOS ELEITOS E CONVOCA\u00c7\u00c3O PARA A ASSEMBLEIA DE POSSE E ELEI\u00c7\u00c3O DA DIRETORIA<\/a><\/p>\n\n\n\n<p><a href=\"https:\/\/cbhmeiaponte.meioambiente.go.gov.br\/wp-content\/uploads\/2023\/10\/Edital-CBH-Meia-Ponte-No-004_2023_RETIFICAC\u0327A\u0303O-da-Homologac\u0327a\u0303o-Habilitados-e-convocac\u0327a\u0303o-plena\u0301rias.pdf\" data-type=\"link\" data-id=\"https:\/\/cbhmeiaponte.meioambiente.go.gov.br\/wp-content\/uploads\/2023\/10\/Edital-CBH-Meia-Ponte-No-004_2023_RETIFICAC\u0327A\u0303O-da-Homologac\u0327a\u0303o-Habilitados-e-convocac\u0327a\u0303o-plena\u0301rias.pdf\">Edital N\u00ba 004\/2023 &#8211; RETIFICA\u00c7\u00c3O DO EDITAL N\u00ba 003\/2023<\/a><\/p>\n\n\n\n<p><a href=\"https:\/\/cbhmeiaponte.meioambiente.go.gov.br\/wp-content\/uploads\/2023\/10\/Edital-CBH-Meia-Ponte-No-003_2023_Homologac\u0327a\u0303o-Habilitados-e-convocac\u0327a\u0303o-plena\u0301rias.pdf\" data-type=\"link\" data-id=\"https:\/\/cbhmeiaponte.meioambiente.go.gov.br\/wp-content\/uploads\/2023\/10\/Edital-CBH-Meia-Ponte-No-003_2023_Homologac\u0327a\u0303o-Habilitados-e-convocac\u0327a\u0303o-plena\u0301rias.pdf\">Edital N\u00ba 003\/2023 \u2013 Divulga\u00e7\u00e3o do resultado final da an\u00e1lise das inscri\u00e7\u00f5es habilitadas e convoca\u00e7\u00e3o para as plenarias setoriais.<\/a><\/p>\n\n\n\n<p><a href=\"https:\/\/cbhmeiaponte.meioambiente.go.gov.br\/wp-content\/uploads\/2023\/10\/Edital-CBH-Meia-Ponte-No-002_2023_Divulgac\u0327a\u0303o-Habilitados-Inabilitados-e-Pendentes.pdf\">Edital N\u00ba 002\/2023 \u2013 Divulga\u00e7\u00e3o Habilitados, inabilitados e pendentes<\/a><\/p>\n\n\n\n<p><a href=\"https:\/\/cbhmeiaponte.meioambiente.go.gov.br\/wp-content\/uploads\/2023\/08\/Edital-CBH-Meia-Ponte-No-001_2023_Convocac\u0327a\u0303o-Processo-Eleitoral.pdf\" data-type=\"link\" data-id=\"https:\/\/cbhmeiaponte.meioambiente.go.gov.br\/wp-content\/uploads\/2023\/08\/Edital-CBH-Meia-Ponte-No-001_2023_Convocac\u0327a\u0303o-Processo-Eleitoral.pdf\">Edital N\u00ba 001\/2023 &#8211; Convocac\u0327a\u0303o Processo Eleitoral<\/a><\/p>\n<\/div><\/details><\/div>\n\n\n\n<div class=\"wp-block-atomic-blocks-ab-accordion ab-block-accordion\"><details><summary class=\"ab-accordion-title\">Atas &#8211; Plenarias Setoriais<\/summary><div class=\"ab-accordion-text\">\n<p class=\"has-small-font-size\"><a href=\"https:\/\/cbhmeiaponte.meioambiente.go.gov.br\/wp-content\/uploads\/2024\/01\/Ata_Poder-Pu\u0301blico-Municipal_Meia-Ponte_corrigida.pdf\" data-type=\"link\" data-id=\"https:\/\/cbhmeiaponte.meioambiente.go.gov.br\/wp-content\/uploads\/2024\/01\/Ata_Poder-Pu\u0301blico-Municipal_Meia-Ponte_corrigida.pdf\">ATA REUNI\u00c3O PLEN\u00c1RIA PARA A ELEI\u00c7\u00c3O DOS MEMBROS, TITULARES E SUPLENTES, REPRESENTANTES DO PODER P\u00daBLICO MUNICIPAL, PARA A RENOVA\u00c7\u00c3O DO COMIT\u00ca DA BACIA HIDROGR\u00c1FICA DO RIO MEIA PONTE GEST\u00c3O 2023\/2027<\/a><\/p>\n\n\n\n<p class=\"has-small-font-size\"><a href=\"https:\/\/cbhmeiaponte.meioambiente.go.gov.br\/wp-content\/uploads\/2023\/11\/Ata_Sociedade-Civil_ONGs_Meia-Ponte.pdf\" data-type=\"link\" data-id=\"https:\/\/cbhmeiaponte.meioambiente.go.gov.br\/wp-content\/uploads\/2023\/11\/Ata_Sociedade-Civil_ONGs_Meia-Ponte.pdf\">ATA REUNI\u00c3O PLEN\u00c1RIA PARA A ELEI\u00c7\u00c3O DOS MEMBROS, TITULARES E SUPLENTES, REPRESENTANTES DA SOCIEDADE CIVIL, SETOR DE ORGANIZA\u00c7\u00d5ES N\u00c3O GOVERNAMENTAIS, PARA A RENOVA\u00c7\u00c3O DO COMIT\u00ca DA BACIA HIDROGR\u00c1FICA DO RIO MEIA PONTE GEST\u00c3O 2023\/2027<\/a><\/p>\n\n\n\n<p class=\"has-small-font-size\"><a href=\"https:\/\/cbhmeiaponte.meioambiente.go.gov.br\/wp-content\/uploads\/2023\/11\/Ata_Sociedade-Civil_OTEPs_Meia-Ponte.pdf\" data-type=\"link\" data-id=\"https:\/\/cbhmeiaponte.meioambiente.go.gov.br\/wp-content\/uploads\/2023\/11\/Ata_Sociedade-Civil_OTEPs_Meia-Ponte.pdf\">ATA REUNI\u00c3O PLEN\u00c1RIA PARA A ELEI\u00c7\u00c3O DOS MEMBROS, TITULARES E SUPLENTES, REPRESENTANTES DA SOCIEDADE CIVIL, SETOR DE ORGANIZA\u00c7\u00d5ES T\u00c9CNICAS E DE ENSINO E PESQUISA, PARA A RENOVA\u00c7\u00c3O DO COMIT\u00ca DA BACIA HIDROGR\u00c1FICA DO RIO MEIA PONTE GEST\u00c3O 2023\/2027<\/a><\/p>\n\n\n\n<p class=\"has-small-font-size\"><a href=\"https:\/\/cbhmeiaponte.meioambiente.go.gov.br\/wp-content\/uploads\/2024\/01\/Ata_Usua\u0301rios_Abastecimento_Meia-Ponte_corrigida.pdf\" data-type=\"link\" data-id=\"https:\/\/cbhmeiaponte.meioambiente.go.gov.br\/wp-content\/uploads\/2024\/01\/Ata_Usua\u0301rios_Abastecimento_Meia-Ponte_corrigida.pdf\">ATA REUNI\u00c3O PLEN\u00c1RIA PARA A ELEI\u00c7\u00c3O DOS MEMBROS, TITULARES E SUPLENTES, REPRESENTANTES DOS USU\u00c1RIOS DE RECURSOS H\u00cdDRICOS, SETOR DE ABASTECIMENTO URBANO E DILUI\u00c7\u00c3O DE EFLUENTES, PARA A RENOVA\u00c7\u00c3O DO COMIT\u00ca DA BACIA HIDROGR\u00c1FICA DO RIO MEIA PONTE 2023\/2027<\/a><\/p>\n\n\n\n<p class=\"has-small-font-size\"><a href=\"https:\/\/cbhmeiaponte.meioambiente.go.gov.br\/wp-content\/uploads\/2023\/11\/Ata_Usua\u0301rios_Hidroeletricidade_Meia-Ponte.pdf\" data-type=\"link\" data-id=\"https:\/\/cbhmeiaponte.meioambiente.go.gov.br\/wp-content\/uploads\/2023\/11\/Ata_Usua\u0301rios_Hidroeletricidade_Meia-Ponte.pdf\">ATA REUNI\u00c3O PLEN\u00c1RIA PARA A ELEI\u00c7\u00c3O DOS MEMBROS, TITULARES E SUPLENTES, REPRESENTANTES DOS USU\u00c1RIOS DE RECURSOS H\u00cdDRICOS, SETOR DE HIDROELETRICIDADE, PARA A RENOVA\u00c7\u00c3O DO COMIT\u00ca DA BACIA HIDROGR\u00c1FICA DO RIO MEIA PONTE GEST\u00c3O 2023\/2027<\/a><\/p>\n\n\n\n<p class=\"has-small-font-size\"><a href=\"https:\/\/cbhmeiaponte.meioambiente.go.gov.br\/wp-content\/uploads\/2024\/01\/Ata_Usua\u0301rios_Indu\u0301stria_Meia-Ponte_corrigida.pdf\" data-type=\"link\" data-id=\"https:\/\/cbhmeiaponte.meioambiente.go.gov.br\/wp-content\/uploads\/2024\/01\/Ata_Usua\u0301rios_Indu\u0301stria_Meia-Ponte_corrigida.pdf\">ATA REUNI\u00c3O PLEN\u00c1RIA PARA A ELEI\u00c7\u00c3O DOS MEMBROS, TITULARES E SUPLENTES, REPRESENTANTES DOS USU\u00c1RIOS DE RECURSOS H\u00cdDRICOS, SETOR DE IND\u00daSTRIA E MINERA\u00c7\u00c3O, PARA A RENOVA\u00c7\u00c3O DO COMIT\u00ca DA BACIA HIDROGR\u00c1FICA DO RIO MEIA PONTE GEST\u00c3O 2023\/2027<\/a><\/p>\n\n\n\n<p class=\"has-small-font-size\"><a href=\"https:\/\/cbhmeiaponte.meioambiente.go.gov.br\/wp-content\/uploads\/2024\/01\/Ata_Usua\u0301rios_Irrigac\u0327a\u0303o_Meia-Ponte_corrigida.pdf\" data-type=\"link\" data-id=\"https:\/\/cbhmeiaponte.meioambiente.go.gov.br\/wp-content\/uploads\/2024\/01\/Ata_Usua\u0301rios_Irrigac\u0327a\u0303o_Meia-Ponte_corrigida.pdf\">ATA REUNI\u00c3O PLEN\u00c1RIA PARA A ELEI\u00c7\u00c3O DOS MEMBROS, TITULARES E SUPLENTES, REPRESENTANTES DOS USU\u00c1RIOS DE RECURSOS H\u00cdDRICOS, SETOR DE IRRIGA\u00c7\u00c3O E USO AGROPECU\u00c1RIO, PARA A RENOVA\u00c7\u00c3O DO COMIT\u00ca DA BACIA HIDROGR\u00c1FICA DO RIO MEIA PONTE GEST\u00c3O 2023\/2027<\/a><\/p>\n<\/div><\/details><\/div>\n\n\n\n<div class=\"wp-block-atomic-blocks-ab-accordion ab-block-accordion\"><details><summary class=\"ab-accordion-title\">Ata &#8211; Assembleia de Posse<\/summary><div class=\"ab-accordion-text\">\n<p class=\"has-small-font-size\"><a href=\"https:\/\/cbhmeiaponte.meioambiente.go.gov.br\/wp-content\/uploads\/2024\/01\/ATA-Assembleia-de-Posse-Meia-Ponte.pdf\" data-type=\"link\" data-id=\"https:\/\/cbhmeiaponte.meioambiente.go.gov.br\/wp-content\/uploads\/2024\/01\/ATA-Assembleia-de-Posse-Meia-Ponte.pdf\">ATA DA ASSEMBLEIA DE POSSE E ELEI\u00c7\u00c3O DA DIRETORIA DO COMIT\u00ca DA BACIA HIDROGR\u00c1FICA DO RIO MEIA PONTE &#8211; CBH MEIA PONTE PARA O MANDATO 2023 A 2027<\/a><\/p>\n\n\n\n<p class=\"has-small-font-size\"><\/p>\n<\/div><\/details><\/div>\n\n\n\n<div class=\"wp-block-atomic-blocks-ab-accordion ab-block-accordion\"><details><summary class=\"ab-accordion-title\">Listas de Presen\u00e7a &#8211; Plenarias Setoriais<\/summary><div class=\"ab-accordion-text\">\n<p><a href=\"https:\/\/cbhmeiaponte.meioambiente.go.gov.br\/wp-content\/uploads\/2023\/11\/Lista-de-presenca-Plenaria-30-de-Outubro.pdf\" data-type=\"link\" data-id=\"https:\/\/cbhmeiaponte.meioambiente.go.gov.br\/wp-content\/uploads\/2023\/11\/Lista-de-presenca-Plenaria-30-de-Outubro.pdf\">Plenaria Setorial &#8211; 30 de Outubro de 2023<\/a><\/p>\n<\/div><\/details><\/div>\n\n\n\n<div class=\"wp-block-atomic-blocks-ab-accordion ab-block-accordion\"><details><summary class=\"ab-accordion-title\">Lista de Presen\u00e7a &#8211; Assembleia de Posse<\/summary><div class=\"ab-accordion-text\">\n<p><a href=\"https:\/\/cbhmeiaponte.meioambiente.go.gov.br\/wp-content\/uploads\/2024\/01\/Lista-de-Presenca-Assembleia-de-posse-Meia-Ponte-07_Nov.pdf\" data-type=\"link\" data-id=\"https:\/\/cbhmeiaponte.meioambiente.go.gov.br\/wp-content\/uploads\/2024\/01\/Lista-de-Presenca-Assembleia-de-posse-Meia-Ponte-07_Nov.pdf\">Assembleia de posse e elei\u00e7\u00e3o da diretoria \u2013 07 de Novembro de 2023<\/a><\/p>\n<\/div><\/details><\/div>\n","protected":false},"excerpt":{"rendered":"<p>Os Comit\u00eas das Bacias Hidrogr\u00e1ficas do Estado de Goi\u00e1s, tendo por base a Lei Federal n\u00ba 9.433, de 08 de janeiro de 1997, a Lei Estadual n\u00ba 13.123, de 16 de julho de 1997, bem como o estabelecido em seus regimentos internos realizam elei\u00e7\u00f5es para escolha de seus integrantes, para um mandato de 04 (quatro) [&hellip;]<\/p>\n","protected":false},"author":2,"featured_media":0,"parent":0,"menu_order":0,"comment_status":"closed","ping_status":"closed","template":"general-template.php","meta":{"footnotes":""},"class_list":["post-36","page","type-page","status-publish","hentry"],"yoast_head":"<!-- This site is optimized with the Yoast SEO plugin v27.3 - https:\/\/yoast.com\/product\/yoast-seo-wordpress\/ -->\n<title>Processo Eleitoral \/ Gest\u00e3o 2023-2027 - cbhmeiaponte<\/title>\n<meta name=\"robots\" content=\"index, follow, max-snippet:-1, max-image-preview:large, max-video-preview:-1\" \/>\n<link rel=\"canonical\" href=\"https:\/\/cbhmeiaponte.meioambiente.go.gov.br\/?page_id=36\" \/>\n<meta property=\"og:locale\" content=\"pt_BR\" \/>\n<meta property=\"og:type\" content=\"article\" \/>\n<meta property=\"og:title\" content=\"Processo Eleitoral \/ Gest\u00e3o 2023-2027 - cbhmeiaponte\" \/>\n<meta property=\"og:description\" content=\"Os Comit\u00eas das Bacias Hidrogr\u00e1ficas do Estado de Goi\u00e1s, tendo por base a Lei Federal n\u00ba 9.433, de 08 de janeiro de 1997, a Lei Estadual n\u00ba 13.123, de 16 de julho de 1997, bem como o estabelecido em seus regimentos internos realizam elei\u00e7\u00f5es para escolha de seus integrantes, para um mandato de 04 (quatro) [&hellip;]\" \/>\n<meta property=\"og:url\" content=\"https:\/\/cbhmeiaponte.meioambiente.go.gov.br\/?page_id=36\" \/>\n<meta property=\"og:site_name\" content=\"cbhmeiaponte\" \/>\n<meta property=\"article:modified_time\" content=\"2024-01-16T18:51:51+00:00\" \/>\n<meta name=\"twitter:card\" content=\"summary_large_image\" \/>\n<meta name=\"twitter:label1\" content=\"Est. tempo de leitura\" \/>\n\t<meta name=\"twitter:data1\" content=\"3 minutos\" \/>\n<script type=\"application\/ld+json\" class=\"yoast-schema-graph\">{\"@context\":\"https:\\\/\\\/schema.org\",\"@graph\":[{\"@type\":\"WebPage\",\"@id\":\"https:\\\/\\\/cbhmeiaponte.meioambiente.go.gov.br\\\/?page_id=36\",\"url\":\"https:\\\/\\\/cbhmeiaponte.meioambiente.go.gov.br\\\/?page_id=36\",\"name\":\"Processo Eleitoral \\\/ Gest\u00e3o 2023-2027 - cbhmeiaponte\",\"isPartOf\":{\"@id\":\"https:\\\/\\\/cbhmeiaponte.meioambiente.go.gov.br\\\/#website\"},\"datePublished\":\"2021-08-31T01:48:03+00:00\",\"dateModified\":\"2024-01-16T18:51:51+00:00\",\"breadcrumb\":{\"@id\":\"https:\\\/\\\/cbhmeiaponte.meioambiente.go.gov.br\\\/?page_id=36#breadcrumb\"},\"inLanguage\":\"pt-BR\",\"potentialAction\":[{\"@type\":\"ReadAction\",\"target\":[\"https:\\\/\\\/cbhmeiaponte.meioambiente.go.gov.br\\\/?page_id=36\"]}]},{\"@type\":\"BreadcrumbList\",\"@id\":\"https:\\\/\\\/cbhmeiaponte.meioambiente.go.gov.br\\\/?page_id=36#breadcrumb\",\"itemListElement\":[{\"@type\":\"ListItem\",\"position\":1,\"name\":\"In\u00edcio\",\"item\":\"https:\\\/\\\/cbhmeiaponte.meioambiente.go.gov.br\\\/\"},{\"@type\":\"ListItem\",\"position\":2,\"name\":\"Processo Eleitoral \\\/ Gest\u00e3o 2023-2027\"}]},{\"@type\":\"WebSite\",\"@id\":\"https:\\\/\\\/cbhmeiaponte.meioambiente.go.gov.br\\\/#website\",\"url\":\"https:\\\/\\\/cbhmeiaponte.meioambiente.go.gov.br\\\/\",\"name\":\"cbhmeiaponte\",\"description\":\"Comit\u00ea da Bacia Hidrogr\u00e1fica do Rio Meia Ponte\",\"publisher\":{\"@id\":\"https:\\\/\\\/cbhmeiaponte.meioambiente.go.gov.br\\\/#organization\"},\"potentialAction\":[{\"@type\":\"SearchAction\",\"target\":{\"@type\":\"EntryPoint\",\"urlTemplate\":\"https:\\\/\\\/cbhmeiaponte.meioambiente.go.gov.br\\\/?s={search_term_string}\"},\"query-input\":{\"@type\":\"PropertyValueSpecification\",\"valueRequired\":true,\"valueName\":\"search_term_string\"}}],\"inLanguage\":\"pt-BR\"},{\"@type\":\"Organization\",\"@id\":\"https:\\\/\\\/cbhmeiaponte.meioambiente.go.gov.br\\\/#organization\",\"name\":\"cbhmeiaponte\",\"url\":\"https:\\\/\\\/cbhmeiaponte.meioambiente.go.gov.br\\\/\",\"logo\":{\"@type\":\"ImageObject\",\"inLanguage\":\"pt-BR\",\"@id\":\"https:\\\/\\\/cbhmeiaponte.meioambiente.go.gov.br\\\/#\\\/schema\\\/logo\\\/image\\\/\",\"url\":\"https:\\\/\\\/i0.wp.com\\\/cbhmeiaponte.meioambiente.go.gov.br\\\/wp-content\\\/uploads\\\/2022\\\/04\\\/cropped-CBH-Meia-Ponte.png?fit=315%2C80&ssl=1\",\"contentUrl\":\"https:\\\/\\\/i0.wp.com\\\/cbhmeiaponte.meioambiente.go.gov.br\\\/wp-content\\\/uploads\\\/2022\\\/04\\\/cropped-CBH-Meia-Ponte.png?fit=315%2C80&ssl=1\",\"width\":315,\"height\":80,\"caption\":\"cbhmeiaponte\"},\"image\":{\"@id\":\"https:\\\/\\\/cbhmeiaponte.meioambiente.go.gov.br\\\/#\\\/schema\\\/logo\\\/image\\\/\"}}]}<\/script>\n<!-- \/ Yoast SEO plugin. -->","yoast_head_json":{"title":"Processo Eleitoral \/ Gest\u00e3o 2023-2027 - cbhmeiaponte","robots":{"index":"index","follow":"follow","max-snippet":"max-snippet:-1","max-image-preview":"max-image-preview:large","max-video-preview":"max-video-preview:-1"},"canonical":"https:\/\/cbhmeiaponte.meioambiente.go.gov.br\/?page_id=36","og_locale":"pt_BR","og_type":"article","og_title":"Processo Eleitoral \/ Gest\u00e3o 2023-2027 - cbhmeiaponte","og_description":"Os Comit\u00eas das Bacias Hidrogr\u00e1ficas do Estado de Goi\u00e1s, tendo por base a Lei Federal n\u00ba 9.433, de 08 de janeiro de 1997, a Lei Estadual n\u00ba 13.123, de 16 de julho de 1997, bem como o estabelecido em seus regimentos internos realizam elei\u00e7\u00f5es para escolha de seus integrantes, para um mandato de 04 (quatro) [&hellip;]","og_url":"https:\/\/cbhmeiaponte.meioambiente.go.gov.br\/?page_id=36","og_site_name":"cbhmeiaponte","article_modified_time":"2024-01-16T18:51:51+00:00","twitter_card":"summary_large_image","twitter_misc":{"Est. tempo de leitura":"3 minutos"},"schema":{"@context":"https:\/\/schema.org","@graph":[{"@type":"WebPage","@id":"https:\/\/cbhmeiaponte.meioambiente.go.gov.br\/?page_id=36","url":"https:\/\/cbhmeiaponte.meioambiente.go.gov.br\/?page_id=36","name":"Processo Eleitoral \/ Gest\u00e3o 2023-2027 - cbhmeiaponte","isPartOf":{"@id":"https:\/\/cbhmeiaponte.meioambiente.go.gov.br\/#website"},"datePublished":"2021-08-31T01:48:03+00:00","dateModified":"2024-01-16T18:51:51+00:00","breadcrumb":{"@id":"https:\/\/cbhmeiaponte.meioambiente.go.gov.br\/?page_id=36#breadcrumb"},"inLanguage":"pt-BR","potentialAction":[{"@type":"ReadAction","target":["https:\/\/cbhmeiaponte.meioambiente.go.gov.br\/?page_id=36"]}]},{"@type":"BreadcrumbList","@id":"https:\/\/cbhmeiaponte.meioambiente.go.gov.br\/?page_id=36#breadcrumb","itemListElement":[{"@type":"ListItem","position":1,"name":"In\u00edcio","item":"https:\/\/cbhmeiaponte.meioambiente.go.gov.br\/"},{"@type":"ListItem","position":2,"name":"Processo Eleitoral \/ Gest\u00e3o 2023-2027"}]},{"@type":"WebSite","@id":"https:\/\/cbhmeiaponte.meioambiente.go.gov.br\/#website","url":"https:\/\/cbhmeiaponte.meioambiente.go.gov.br\/","name":"cbhmeiaponte","description":"Comit\u00ea da Bacia Hidrogr\u00e1fica do Rio Meia Ponte","publisher":{"@id":"https:\/\/cbhmeiaponte.meioambiente.go.gov.br\/#organization"},"potentialAction":[{"@type":"SearchAction","target":{"@type":"EntryPoint","urlTemplate":"https:\/\/cbhmeiaponte.meioambiente.go.gov.br\/?s={search_term_string}"},"query-input":{"@type":"PropertyValueSpecification","valueRequired":true,"valueName":"search_term_string"}}],"inLanguage":"pt-BR"},{"@type":"Organization","@id":"https:\/\/cbhmeiaponte.meioambiente.go.gov.br\/#organization","name":"cbhmeiaponte","url":"https:\/\/cbhmeiaponte.meioambiente.go.gov.br\/","logo":{"@type":"ImageObject","inLanguage":"pt-BR","@id":"https:\/\/cbhmeiaponte.meioambiente.go.gov.br\/#\/schema\/logo\/image\/","url":"https:\/\/i0.wp.com\/cbhmeiaponte.meioambiente.go.gov.br\/wp-content\/uploads\/2022\/04\/cropped-CBH-Meia-Ponte.png?fit=315%2C80&ssl=1","contentUrl":"https:\/\/i0.wp.com\/cbhmeiaponte.meioambiente.go.gov.br\/wp-content\/uploads\/2022\/04\/cropped-CBH-Meia-Ponte.png?fit=315%2C80&ssl=1","width":315,"height":80,"caption":"cbhmeiaponte"},"image":{"@id":"https:\/\/cbhmeiaponte.meioambiente.go.gov.br\/#\/schema\/logo\/image\/"}}]}},"featured_image_src":null,"featured_image_src_square":null,"jetpack_sharing_enabled":true,"_links":{"self":[{"href":"https:\/\/cbhmeiaponte.meioambiente.go.gov.br\/index.php?rest_route=\/wp\/v2\/pages\/36","targetHints":{"allow":["GET"]}}],"collection":[{"href":"https:\/\/cbhmeiaponte.meioambiente.go.gov.br\/index.php?rest_route=\/wp\/v2\/pages"}],"about":[{"href":"https:\/\/cbhmeiaponte.meioambiente.go.gov.br\/index.php?rest_route=\/wp\/v2\/types\/page"}],"author":[{"embeddable":true,"href":"https:\/\/cbhmeiaponte.meioambiente.go.gov.br\/index.php?rest_route=\/wp\/v2\/users\/2"}],"replies":[{"embeddable":true,"href":"https:\/\/cbhmeiaponte.meioambiente.go.gov.br\/index.php?rest_route=%2Fwp%2Fv2%2Fcomments&post=36"}],"version-history":[{"count":55,"href":"https:\/\/cbhmeiaponte.meioambiente.go.gov.br\/index.php?rest_route=\/wp\/v2\/pages\/36\/revisions"}],"predecessor-version":[{"id":1404,"href":"https:\/\/cbhmeiaponte.meioambiente.go.gov.br\/index.php?rest_route=\/wp\/v2\/pages\/36\/revisions\/1404"}],"wp:attachment":[{"href":"https:\/\/cbhmeiaponte.meioambiente.go.gov.br\/index.php?rest_route=%2Fwp%2Fv2%2Fmedia&parent=36"}],"curies":[{"name":"wp","href":"https:\/\/api.w.org\/{rel}","templated":true}]}}