{"id":378,"date":"2021-09-21T10:00:30","date_gmt":"2021-09-21T13:00:30","guid":{"rendered":"https:\/\/cbhmeiaponte.meioambiente.go.gov.br\/?page_id=378"},"modified":"2026-02-19T09:14:21","modified_gmt":"2026-02-19T12:14:21","slug":"reunioes-2","status":"publish","type":"page","link":"https:\/\/cbhmeiaponte.meioambiente.go.gov.br\/?page_id=378","title":{"rendered":"Reuni\u00f5es"},"content":{"rendered":"\n<h1 class=\"wp-block-heading\" id=\"proximas-reunioes\">Pr\u00f3ximas Reuni\u00f5es<\/h1>\n\n\n\n<div class=\"wp-block-buttons is-layout-flex wp-block-buttons-is-layout-flex\">\n<div class=\"wp-block-button\"><a class=\"wp-block-button__link wp-element-button\" href=\"https:\/\/cbhmeiaponte.meioambiente.go.gov.br\/wp-content\/uploads\/2026\/02\/Agenda-de-Reuniao-CBH-Meia-Ponte-at.pdf\">Baixar agenda 2026 &#8211; CBH Meia Ponte<\/a><\/div>\n<\/div>\n\n\n<div class=\"wptb-container-legacy\" data-table-id=\"569\">\n    <table class=\"wptb-preview-table wptb-element-main-table_setting-569\" style=\"border-spacing: 3px 3px; border-collapse: collapse !important; min-width: 433px; border: 1px solid rgb(209, 209, 209); \" data-border-spacing-columns=\"3\" data-border-spacing-rows=\"3\" data-reconstraction=\"1\" data-wptb-table-directives=\"eyJpbm5lckJvcmRlcnMiOnsiYWN0aXZlIjoiYWxsIiwiYm9yZGVyV2lkdGgiOjEsImJvcmRlclJhZGl1c2VzIjp7ImFsbCI6MCwicm93IjowLCJjb2x1bW4iOjB9fX0=\" data-wptb-responsive-directives=\"eyJyZXNwb25zaXZlRW5hYmxlZCI6ZmFsc2UsInJlc3BvbnNpdmVNb2RlIjoiYXV0byIsInJlbGF0aXZlV2lkdGgiOiJ3aW5kb3ciLCJwcmVzZXJ2ZVJvd0NvbG9yIjpmYWxzZSwiaGVhZGVyRnVsbHlNZXJnZWQiOmZhbHNlLCJicmVha3BvaW50cyI6eyJkZXNrdG9wIjp7Im5hbWUiOiJkZXNrdG9wIiwid2lkdGgiOjEwMjR9LCJ0YWJsZXQiOnsibmFtZSI6InRhYmxldCIsIndpZHRoIjo3MDB9LCJtb2JpbGUiOnsibmFtZSI6Im1vYmlsZSIsIndpZHRoIjozMDB9fSwibW9kZU9wdGlvbnMiOnsiYXV0byI6eyJkaXNhYmxlZCI6eyJkZXNrdG9wIjpmYWxzZSwidGFibGV0IjpmYWxzZSwibW9iaWxlIjpmYWxzZX0sInRvcFJvd0FzSGVhZGVyIjp7ImRlc2t0b3AiOmZhbHNlLCJ0YWJsZXQiOnRydWUsIm1vYmlsZSI6dHJ1ZX0sInJlcGVhdE1lcmdlZEhlYWRlciI6eyJkZXNrdG9wIjp0cnVlLCJ0YWJsZXQiOnRydWUsIm1vYmlsZSI6dHJ1ZX0sInN0YXRpY1RvcFJvdyI6eyJkZXNrdG9wIjpmYWxzZSwidGFibGV0IjpmYWxzZSwibW9iaWxlIjpmYWxzZX0sImNlbGxTdGFja0RpcmVjdGlvbiI6eyJkZXNrdG9wIjoicm93IiwidGFibGV0Ijoicm93IiwibW9iaWxlIjoicm93In0sImNlbGxzUGVyUm93Ijp7ImRlc2t0b3AiOjEsInRhYmxldCI6MiwibW9iaWxlIjoyfX19fQ==\" data-wptb-cells-width-auto-count=\"3\" data-wptb-horizontal-scroll-status=\"1\" data-wptb-extra-styles=\"LyogRW50ZXIgeW91ciBjdXN0b20gQ1NTIHJ1bGVzIGhlcmUgKi8=\" data-wptb-pro-pagination-top-row-header=\"false\" data-wptb-rows-per-page=\"10\" data-wptb-pro-search-top-row-header=\"false\" data-wptb-searchbar-position=\"left\" role=\"table\" data-table-columns=\"3\" data-wptb-table-alignment=\"center\" data-wptb-td-width-auto=\"120\" data-wptb-table-tds-sum-max-width=\"433\" data-wptb-header-background-color=\"rgb(10, 53, 52)\" ><tbody data-global-font-color=\"rgb(0, 0, 0)\" data-global-link-color=\"rgb(0, 0, 0)\" data-global-font-size=\"15\" ><tr  class=\"wptb-row \" style=\"background-color: rgb(10, 53, 52); \"><td class=\"wptb-cell \" colspan=\"3\" rowspan=\"1\" style=\"padding: 10px; border-width: 1px; border-color: rgb(209, 209, 209); border-style: solid; border-radius: 0px; \" data-y-index=\"0\" data-x-index=\"0\" data-wptb-css-td-auto-width=\"true\" data-wptb-css-td-auto-height=\"true\" data-wptb-cell-vertical-alignment=\"center\" ><div class=\"wptb-text-container wptb-ph-element wptb-element-text-597\" style=\"color: rgb(255, 255, 255); font-size: 15px; \"><div style=\"position: relative;\"><p style=\"text-align: center;\">REUNI\u00d5ES 1\u00ba SEMESTRE - 2026<\/p><\/div><\/div><\/td><\/tr><tr  class=\"wptb-row \" style=\"\"><td class=\"wptb-cell \" colspan=\"1\" rowspan=\"1\" style=\"padding: 10px; border-width: 1px; border-color: rgb(209, 209, 209); border-style: solid; border-radius: 0px; \" data-y-index=\"1\" data-x-index=\"0\" data-wptb-css-td-auto-width=\"true\" data-wptb-css-td-auto-height=\"true\" data-wptb-cell-vertical-alignment=\"center\" ><div class=\"wptb-text-container wptb-ph-element wptb-element-text-598\" style=\"color: rgb(74, 85, 104); font-size: 15px; \"><div style=\"position: relative;\"><p style=\"text-align: center;\" data-mce-style=\"text-align: center;\">REUNI\u00c3O<\/p><p><\/p><p><\/p><\/div><\/div><\/td><td class=\"wptb-cell \" colspan=\"1\" rowspan=\"1\" style=\"padding: 10px; border-width: 1px; border-color: rgb(209, 209, 209); border-style: solid; border-radius: 0px; \" data-y-index=\"1\" data-x-index=\"1\" data-wptb-css-td-auto-width=\"true\" data-wptb-css-td-auto-height=\"true\" data-wptb-cell-vertical-alignment=\"center\" ><div class=\"wptb-text-container wptb-ph-element wptb-element-text-599\" style=\"color: rgb(74, 85, 104); font-size: 15px; \"><div style=\"position: relative;\"><p style=\"text-align: center;\" data-mce-style=\"text-align: center;\">DATA<\/p><p><\/p><p><\/p><\/div><\/div><\/td><td class=\"wptb-cell \" colspan=\"1\" rowspan=\"1\" style=\"padding: 10px; width: 127px; border-width: 1px; border-color: rgb(209, 209, 209); border-style: solid; border-radius: 0px; \" data-y-index=\"1\" data-x-index=\"2\" data-wptb-css-td-auto-width=\"false\" data-wptb-css-td-auto-height=\"true\" data-wptb-cell-vertical-alignment=\"center\" ><div class=\"wptb-text-container wptb-ph-element wptb-element-text-600\" style=\"color: rgb(74, 85, 104); font-size: 15px; \"><div style=\"position: relative;\"><p style=\"text-align: center;\" data-mce-style=\"text-align: center;\">CONVOCA\u00c7\u00c3O<\/p><p><\/p><p><\/p><\/div><\/div><\/td><\/tr><tr  class=\"wptb-row \" style=\"\"><td class=\"wptb-cell \" colspan=\"1\" rowspan=\"1\" style=\"padding: 10px; border-width: 1px; border-color: rgb(209, 209, 209); border-style: solid; border-radius: 0px; \" data-y-index=\"2\" data-x-index=\"0\" data-wptb-css-td-auto-width=\"true\" data-wptb-css-td-auto-height=\"true\" data-wptb-cell-vertical-alignment=\"center\" ><div class=\"wptb-text-container wptb-ph-element wptb-element-text-601\" style=\"color: rgb(74, 85, 104); font-size: 15px; \"><div style=\"position: relative;\"><p style=\"text-align: center;\">26\u00aa Reuni\u00e3o Extraordin\u00e1ria\u00a0<\/p><\/div><\/div><\/td><td class=\"wptb-cell \" colspan=\"1\" rowspan=\"1\" style=\"padding: 10px; border-width: 1px; border-color: rgb(209, 209, 209); border-style: solid; border-radius: 0px; \" data-y-index=\"2\" data-x-index=\"1\" data-wptb-css-td-auto-width=\"true\" data-wptb-css-td-auto-height=\"true\" data-wptb-cell-vertical-alignment=\"center\" ><div class=\"wptb-text-container wptb-ph-element wptb-element-text-602\" style=\"color: rgb(74, 85, 104); font-size: 15px; \"><div style=\"position: relative;\"><p style=\"text-align: center;\">11\/06\/2026<\/p><\/div><\/div><\/td><td class=\"wptb-cell \" colspan=\"1\" rowspan=\"1\" style=\"padding: 10px; width: 127px; border-width: 1px; border-color: rgb(209, 209, 209); border-style: solid; border-radius: 0px; \" data-y-index=\"2\" data-x-index=\"2\" data-wptb-css-td-auto-width=\"false\" data-wptb-css-td-auto-height=\"true\" data-wptb-cell-vertical-alignment=\"center\" ><div class=\"wptb-image-container wptb-ph-element wptb-element-image-1\" data-wptb-image-alignment=\"center\" data-wptb-image-size-relative=\"container\"  style=\"\"><div class=\"wptb-image-wrapper\"><span  class=\"wptb-link-target\" style=\"float: none; width: 30%; \"><img data-recalc-dims=\"1\" fetchpriority=\"high\" decoding=\"async\" class=\"wptb-image-element-target\" height=\"512\" width=\"512\" src=\"https:\/\/i0.wp.com\/cbhmeiaponte.meioambiente.go.gov.br\/wp-content\/uploads\/2025\/01\/documento.png?resize=512%2C512&#038;ssl=1\"  style=\"width: 100%\" \/><\/span><\/div><\/div><\/td><\/tr><\/tbody><\/table>\n<\/div>\n\n\n\n<div class=\"wptb-container-legacy\" data-table-id=\"1161\">\n    <table class=\"wptb-preview-table wptb-element-main-table_setting-1161\" style=\"border-spacing: 3px 3px; border-collapse: collapse !important; min-width: 433px; border: 1px solid rgb(209, 209, 209); \" data-border-spacing-columns=\"3\" data-border-spacing-rows=\"3\" data-reconstraction=\"1\" data-wptb-table-directives=\"eyJpbm5lckJvcmRlcnMiOnsiYWN0aXZlIjoiYWxsIiwiYm9yZGVyV2lkdGgiOjEsImJvcmRlclJhZGl1c2VzIjp7ImFsbCI6MCwicm93IjowLCJjb2x1bW4iOjB9fX0=\" data-wptb-responsive-directives=\"eyJyZXNwb25zaXZlRW5hYmxlZCI6ZmFsc2UsInJlc3BvbnNpdmVNb2RlIjoiYXV0byIsInJlbGF0aXZlV2lkdGgiOiJ3aW5kb3ciLCJwcmVzZXJ2ZVJvd0NvbG9yIjpmYWxzZSwiaGVhZGVyRnVsbHlNZXJnZWQiOmZhbHNlLCJicmVha3BvaW50cyI6eyJkZXNrdG9wIjp7Im5hbWUiOiJkZXNrdG9wIiwid2lkdGgiOjEwMjR9LCJ0YWJsZXQiOnsibmFtZSI6InRhYmxldCIsIndpZHRoIjo3MDB9LCJtb2JpbGUiOnsibmFtZSI6Im1vYmlsZSIsIndpZHRoIjozMDB9fSwibW9kZU9wdGlvbnMiOnsiYXV0byI6eyJkaXNhYmxlZCI6eyJkZXNrdG9wIjpmYWxzZSwidGFibGV0IjpmYWxzZSwibW9iaWxlIjpmYWxzZX0sInRvcFJvd0FzSGVhZGVyIjp7ImRlc2t0b3AiOmZhbHNlLCJ0YWJsZXQiOnRydWUsIm1vYmlsZSI6dHJ1ZX0sInJlcGVhdE1lcmdlZEhlYWRlciI6eyJkZXNrdG9wIjp0cnVlLCJ0YWJsZXQiOnRydWUsIm1vYmlsZSI6dHJ1ZX0sInN0YXRpY1RvcFJvdyI6eyJkZXNrdG9wIjpmYWxzZSwidGFibGV0IjpmYWxzZSwibW9iaWxlIjpmYWxzZX0sImNlbGxTdGFja0RpcmVjdGlvbiI6eyJkZXNrdG9wIjoicm93IiwidGFibGV0Ijoicm93IiwibW9iaWxlIjoicm93In0sImNlbGxzUGVyUm93Ijp7ImRlc2t0b3AiOjEsInRhYmxldCI6MiwibW9iaWxlIjoyfX19fQ==\" data-wptb-cells-width-auto-count=\"3\" data-wptb-horizontal-scroll-status=\"1\" data-wptb-extra-styles=\"LyogRW50ZXIgeW91ciBjdXN0b20gQ1NTIHJ1bGVzIGhlcmUgKi8=\" data-wptb-pro-pagination-top-row-header=\"false\" data-wptb-rows-per-page=\"10\" data-wptb-pro-search-top-row-header=\"false\" data-wptb-searchbar-position=\"left\" role=\"table\" data-table-columns=\"3\" data-wptb-table-alignment=\"center\" data-wptb-td-width-auto=\"120\" data-wptb-table-tds-sum-max-width=\"433\" data-wptb-header-background-color=\"rgb(10, 53, 52)\" ><tbody data-global-font-color=\"rgb(0, 0, 0)\" data-global-link-color=\"rgb(0, 0, 0)\" data-global-font-size=\"15\" ><tr  class=\"wptb-row \" style=\"background-color: rgb(10, 53, 52); \"><td class=\"wptb-cell \" colspan=\"3\" rowspan=\"1\" style=\"padding: 10px; border-width: 1px; border-color: rgb(209, 209, 209); border-style: solid; border-radius: 0px; \" data-y-index=\"0\" data-x-index=\"0\" data-wptb-css-td-auto-width=\"true\" data-wptb-css-td-auto-height=\"true\" data-wptb-cell-vertical-alignment=\"center\" ><div class=\"wptb-text-container wptb-ph-element wptb-element-text-597\" style=\"color: rgb(255, 255, 255); font-size: 15px; \"><div style=\"position: relative;\"><p style=\"text-align: center;\">REUNI\u00d5ES 2\u00ba SEMESTRE - 2026<\/p><\/div><\/div><\/td><\/tr><tr  class=\"wptb-row \" style=\"\"><td class=\"wptb-cell \" colspan=\"1\" rowspan=\"1\" style=\"padding: 10px; border-width: 1px; border-color: rgb(209, 209, 209); border-style: solid; border-radius: 0px; \" data-y-index=\"1\" data-x-index=\"0\" data-wptb-css-td-auto-width=\"true\" data-wptb-css-td-auto-height=\"true\" data-wptb-cell-vertical-alignment=\"center\" ><div class=\"wptb-text-container wptb-ph-element wptb-element-text-598\" style=\"color: rgb(74, 85, 104); font-size: 15px; \"><div style=\"position: relative;\"><p style=\"text-align: center;\" data-mce-style=\"text-align: center;\">REUNI\u00c3O<\/p><p><\/p><p><\/p><\/div><\/div><\/td><td class=\"wptb-cell \" colspan=\"1\" rowspan=\"1\" style=\"padding: 10px; border-width: 1px; border-color: rgb(209, 209, 209); border-style: solid; border-radius: 0px; \" data-y-index=\"1\" data-x-index=\"1\" data-wptb-css-td-auto-width=\"true\" data-wptb-css-td-auto-height=\"true\" data-wptb-cell-vertical-alignment=\"center\" ><div class=\"wptb-text-container wptb-ph-element wptb-element-text-599\" style=\"color: rgb(74, 85, 104); font-size: 15px; \"><div style=\"position: relative;\"><p style=\"text-align: center;\" data-mce-style=\"text-align: center;\">DATA<\/p><p><\/p><p><\/p><\/div><\/div><\/td><td class=\"wptb-cell \" colspan=\"1\" rowspan=\"1\" style=\"padding: 10px; width: 127px; border-width: 1px; border-color: rgb(209, 209, 209); border-style: solid; border-radius: 0px; \" data-y-index=\"1\" data-x-index=\"2\" data-wptb-css-td-auto-width=\"false\" data-wptb-css-td-auto-height=\"true\" data-wptb-cell-vertical-alignment=\"center\" ><div class=\"wptb-text-container wptb-ph-element wptb-element-text-600\" style=\"color: rgb(74, 85, 104); font-size: 15px; \"><div style=\"position: relative;\"><p>CONVOCA\u00c7\u00c3O<\/p><p><\/p><p><\/p><\/div><\/div><\/td><\/tr><tr  class=\"wptb-row \" style=\"\"><td class=\"wptb-cell \" colspan=\"1\" rowspan=\"1\" style=\"padding: 10px; border-width: 1px; border-color: rgb(209, 209, 209); border-style: solid; border-radius: 0px; \" data-y-index=\"2\" data-x-index=\"0\" data-wptb-css-td-auto-width=\"true\" data-wptb-css-td-auto-height=\"true\" data-wptb-cell-vertical-alignment=\"center\" ><div class=\"wptb-text-container wptb-ph-element wptb-element-text-601\" style=\"color: rgb(0, 0, 0); font-size: 15px; \"><div style=\"position: relative;\"><p style=\"text-align: center;\">27\u00aa Reuni\u00e3o Extraordin\u00e1ria<\/p><\/div><\/div><\/td><td class=\"wptb-cell \" colspan=\"1\" rowspan=\"1\" style=\"padding: 10px; border-width: 1px; border-color: rgb(209, 209, 209); border-style: solid; border-radius: 0px; \" data-y-index=\"2\" data-x-index=\"1\" data-wptb-css-td-auto-width=\"true\" data-wptb-css-td-auto-height=\"true\" data-wptb-cell-vertical-alignment=\"center\" ><div class=\"wptb-text-container wptb-ph-element wptb-element-text-602\" style=\"color: rgb(0, 0, 0); font-size: 15px; \"><div style=\"position: relative;\"><p style=\"text-align: center;\">03\/09\/2026<\/p><\/div><\/div><\/td><td class=\"wptb-cell \" colspan=\"1\" rowspan=\"1\" style=\"padding: 10px; width: 127px; border-width: 1px; border-color: rgb(209, 209, 209); border-style: solid; border-radius: 0px; \" data-y-index=\"2\" data-x-index=\"2\" data-wptb-css-td-auto-width=\"false\" data-wptb-css-td-auto-height=\"true\" data-wptb-cell-vertical-alignment=\"center\" ><div class=\"wptb-image-container wptb-ph-element wptb-element-image-1\" data-wptb-image-alignment=\"center\" data-wptb-image-size-relative=\"container\"  style=\"\"><div class=\"wptb-image-wrapper\"><span  class=\"wptb-link-target\" style=\"float: none; width: 30%; \"><img data-recalc-dims=\"1\" fetchpriority=\"high\" decoding=\"async\" class=\"wptb-image-element-target\" height=\"512\" width=\"512\" src=\"https:\/\/i0.wp.com\/cbhmeiaponte.meioambiente.go.gov.br\/wp-content\/uploads\/2025\/01\/documento.png?resize=512%2C512&#038;ssl=1\"  style=\"width: 100%\" \/><\/span><\/div><\/div><\/td><\/tr><tr  class=\"wptb-row \" style=\"\"><td class=\"wptb-cell \" colspan=\"1\" rowspan=\"1\" style=\"padding: 10px; border-width: 1px; border-color: rgb(209, 209, 209); border-style: solid; border-radius: 0px; \" data-y-index=\"3\" data-x-index=\"0\" data-wptb-css-td-auto-width=\"true\" data-wptb-css-td-auto-height=\"true\" data-wptb-cell-vertical-alignment=\"center\" ><div class=\"wptb-text-container wptb-ph-element wptb-element-text-603\" style=\"color: rgb(0, 0, 0); font-size: 15px; \"><div style=\"position: relative;\"><p style=\"text-align: center;\">22\u00aa Reuni\u00e3o Ordin\u00e1ria<\/p><\/div><\/div><\/td><td class=\"wptb-cell \" colspan=\"1\" rowspan=\"1\" style=\"padding: 10px; border-width: 1px; border-color: rgb(209, 209, 209); border-style: solid; border-radius: 0px; \" data-y-index=\"3\" data-x-index=\"1\" data-wptb-css-td-auto-width=\"true\" data-wptb-css-td-auto-height=\"true\" data-wptb-cell-vertical-alignment=\"center\" ><div class=\"wptb-text-container wptb-ph-element wptb-element-text-604\" style=\"color: rgb(0, 0, 0); font-size: 15px; \"><div style=\"position: relative;\"><p style=\"text-align: center;\">06\/11\/2026<\/p><\/div><\/div><\/td><td class=\"wptb-cell \" colspan=\"1\" rowspan=\"1\" style=\"padding: 10px; width: 127px; border-width: 1px; border-color: rgb(209, 209, 209); border-style: solid; border-radius: 0px; \" data-y-index=\"3\" data-x-index=\"2\" data-wptb-css-td-auto-width=\"false\" data-wptb-css-td-auto-height=\"true\" data-wptb-cell-vertical-alignment=\"center\" ><div class=\"wptb-image-container wptb-ph-element wptb-element-image-2\" data-wptb-image-alignment=\"center\" data-wptb-image-size-relative=\"container\"  style=\"\"><div class=\"wptb-image-wrapper\"><span  class=\"wptb-link-target\" style=\"float: none; width: 30%; \"><img data-recalc-dims=\"1\" fetchpriority=\"high\" decoding=\"async\" class=\"wptb-image-element-target\" height=\"512\" width=\"512\" src=\"https:\/\/i0.wp.com\/cbhmeiaponte.meioambiente.go.gov.br\/wp-content\/uploads\/2025\/01\/documento.png?resize=512%2C512&#038;ssl=1\"  style=\"width: 100%\" \/><\/span><\/div><\/div><\/td><\/tr><\/tbody><\/table>\n<\/div>\n\n\n\n\n<p><\/p>\n","protected":false},"excerpt":{"rendered":"<p>Pr\u00f3ximas Reuni\u00f5es<\/p>\n","protected":false},"author":2,"featured_media":0,"parent":0,"menu_order":0,"comment_status":"closed","ping_status":"closed","template":"general-template.php","meta":{"footnotes":""},"class_list":["post-378","page","type-page","status-publish","hentry"],"yoast_head":"<!-- This site is optimized with the Yoast SEO plugin v27.3 - https:\/\/yoast.com\/product\/yoast-seo-wordpress\/ -->\n<title>Reuni\u00f5es - cbhmeiaponte<\/title>\n<meta name=\"robots\" content=\"index, follow, max-snippet:-1, max-image-preview:large, max-video-preview:-1\" \/>\n<link rel=\"canonical\" href=\"https:\/\/cbhmeiaponte.meioambiente.go.gov.br\/?page_id=378\" \/>\n<meta property=\"og:locale\" content=\"pt_BR\" \/>\n<meta property=\"og:type\" content=\"article\" \/>\n<meta property=\"og:title\" content=\"Reuni\u00f5es - cbhmeiaponte\" \/>\n<meta property=\"og:description\" content=\"Pr\u00f3ximas Reuni\u00f5es\" \/>\n<meta property=\"og:url\" content=\"https:\/\/cbhmeiaponte.meioambiente.go.gov.br\/?page_id=378\" \/>\n<meta property=\"og:site_name\" content=\"cbhmeiaponte\" \/>\n<meta property=\"article:modified_time\" content=\"2026-02-19T12:14:21+00:00\" \/>\n<meta name=\"twitter:card\" content=\"summary_large_image\" \/>\n<meta name=\"twitter:label1\" content=\"Est. tempo de leitura\" \/>\n\t<meta name=\"twitter:data1\" content=\"1 minuto\" \/>\n<script type=\"application\/ld+json\" class=\"yoast-schema-graph\">{\"@context\":\"https:\\\/\\\/schema.org\",\"@graph\":[{\"@type\":\"WebPage\",\"@id\":\"https:\\\/\\\/cbhmeiaponte.meioambiente.go.gov.br\\\/?page_id=378\",\"url\":\"https:\\\/\\\/cbhmeiaponte.meioambiente.go.gov.br\\\/?page_id=378\",\"name\":\"Reuni\u00f5es - cbhmeiaponte\",\"isPartOf\":{\"@id\":\"https:\\\/\\\/cbhmeiaponte.meioambiente.go.gov.br\\\/#website\"},\"datePublished\":\"2021-09-21T13:00:30+00:00\",\"dateModified\":\"2026-02-19T12:14:21+00:00\",\"breadcrumb\":{\"@id\":\"https:\\\/\\\/cbhmeiaponte.meioambiente.go.gov.br\\\/?page_id=378#breadcrumb\"},\"inLanguage\":\"pt-BR\",\"potentialAction\":[{\"@type\":\"ReadAction\",\"target\":[\"https:\\\/\\\/cbhmeiaponte.meioambiente.go.gov.br\\\/?page_id=378\"]}]},{\"@type\":\"BreadcrumbList\",\"@id\":\"https:\\\/\\\/cbhmeiaponte.meioambiente.go.gov.br\\\/?page_id=378#breadcrumb\",\"itemListElement\":[{\"@type\":\"ListItem\",\"position\":1,\"name\":\"In\u00edcio\",\"item\":\"https:\\\/\\\/cbhmeiaponte.meioambiente.go.gov.br\\\/\"},{\"@type\":\"ListItem\",\"position\":2,\"name\":\"Reuni\u00f5es\"}]},{\"@type\":\"WebSite\",\"@id\":\"https:\\\/\\\/cbhmeiaponte.meioambiente.go.gov.br\\\/#website\",\"url\":\"https:\\\/\\\/cbhmeiaponte.meioambiente.go.gov.br\\\/\",\"name\":\"cbhmeiaponte\",\"description\":\"Comit\u00ea da Bacia Hidrogr\u00e1fica do Rio Meia Ponte\",\"publisher\":{\"@id\":\"https:\\\/\\\/cbhmeiaponte.meioambiente.go.gov.br\\\/#organization\"},\"potentialAction\":[{\"@type\":\"SearchAction\",\"target\":{\"@type\":\"EntryPoint\",\"urlTemplate\":\"https:\\\/\\\/cbhmeiaponte.meioambiente.go.gov.br\\\/?s={search_term_string}\"},\"query-input\":{\"@type\":\"PropertyValueSpecification\",\"valueRequired\":true,\"valueName\":\"search_term_string\"}}],\"inLanguage\":\"pt-BR\"},{\"@type\":\"Organization\",\"@id\":\"https:\\\/\\\/cbhmeiaponte.meioambiente.go.gov.br\\\/#organization\",\"name\":\"cbhmeiaponte\",\"url\":\"https:\\\/\\\/cbhmeiaponte.meioambiente.go.gov.br\\\/\",\"logo\":{\"@type\":\"ImageObject\",\"inLanguage\":\"pt-BR\",\"@id\":\"https:\\\/\\\/cbhmeiaponte.meioambiente.go.gov.br\\\/#\\\/schema\\\/logo\\\/image\\\/\",\"url\":\"https:\\\/\\\/i0.wp.com\\\/cbhmeiaponte.meioambiente.go.gov.br\\\/wp-content\\\/uploads\\\/2022\\\/04\\\/cropped-CBH-Meia-Ponte.png?fit=315%2C80&ssl=1\",\"contentUrl\":\"https:\\\/\\\/i0.wp.com\\\/cbhmeiaponte.meioambiente.go.gov.br\\\/wp-content\\\/uploads\\\/2022\\\/04\\\/cropped-CBH-Meia-Ponte.png?fit=315%2C80&ssl=1\",\"width\":315,\"height\":80,\"caption\":\"cbhmeiaponte\"},\"image\":{\"@id\":\"https:\\\/\\\/cbhmeiaponte.meioambiente.go.gov.br\\\/#\\\/schema\\\/logo\\\/image\\\/\"}}]}<\/script>\n<!-- \/ Yoast SEO plugin. -->","yoast_head_json":{"title":"Reuni\u00f5es - cbhmeiaponte","robots":{"index":"index","follow":"follow","max-snippet":"max-snippet:-1","max-image-preview":"max-image-preview:large","max-video-preview":"max-video-preview:-1"},"canonical":"https:\/\/cbhmeiaponte.meioambiente.go.gov.br\/?page_id=378","og_locale":"pt_BR","og_type":"article","og_title":"Reuni\u00f5es - cbhmeiaponte","og_description":"Pr\u00f3ximas Reuni\u00f5es","og_url":"https:\/\/cbhmeiaponte.meioambiente.go.gov.br\/?page_id=378","og_site_name":"cbhmeiaponte","article_modified_time":"2026-02-19T12:14:21+00:00","twitter_card":"summary_large_image","twitter_misc":{"Est. tempo de leitura":"1 minuto"},"schema":{"@context":"https:\/\/schema.org","@graph":[{"@type":"WebPage","@id":"https:\/\/cbhmeiaponte.meioambiente.go.gov.br\/?page_id=378","url":"https:\/\/cbhmeiaponte.meioambiente.go.gov.br\/?page_id=378","name":"Reuni\u00f5es - cbhmeiaponte","isPartOf":{"@id":"https:\/\/cbhmeiaponte.meioambiente.go.gov.br\/#website"},"datePublished":"2021-09-21T13:00:30+00:00","dateModified":"2026-02-19T12:14:21+00:00","breadcrumb":{"@id":"https:\/\/cbhmeiaponte.meioambiente.go.gov.br\/?page_id=378#breadcrumb"},"inLanguage":"pt-BR","potentialAction":[{"@type":"ReadAction","target":["https:\/\/cbhmeiaponte.meioambiente.go.gov.br\/?page_id=378"]}]},{"@type":"BreadcrumbList","@id":"https:\/\/cbhmeiaponte.meioambiente.go.gov.br\/?page_id=378#breadcrumb","itemListElement":[{"@type":"ListItem","position":1,"name":"In\u00edcio","item":"https:\/\/cbhmeiaponte.meioambiente.go.gov.br\/"},{"@type":"ListItem","position":2,"name":"Reuni\u00f5es"}]},{"@type":"WebSite","@id":"https:\/\/cbhmeiaponte.meioambiente.go.gov.br\/#website","url":"https:\/\/cbhmeiaponte.meioambiente.go.gov.br\/","name":"cbhmeiaponte","description":"Comit\u00ea da Bacia Hidrogr\u00e1fica do Rio Meia Ponte","publisher":{"@id":"https:\/\/cbhmeiaponte.meioambiente.go.gov.br\/#organization"},"potentialAction":[{"@type":"SearchAction","target":{"@type":"EntryPoint","urlTemplate":"https:\/\/cbhmeiaponte.meioambiente.go.gov.br\/?s={search_term_string}"},"query-input":{"@type":"PropertyValueSpecification","valueRequired":true,"valueName":"search_term_string"}}],"inLanguage":"pt-BR"},{"@type":"Organization","@id":"https:\/\/cbhmeiaponte.meioambiente.go.gov.br\/#organization","name":"cbhmeiaponte","url":"https:\/\/cbhmeiaponte.meioambiente.go.gov.br\/","logo":{"@type":"ImageObject","inLanguage":"pt-BR","@id":"https:\/\/cbhmeiaponte.meioambiente.go.gov.br\/#\/schema\/logo\/image\/","url":"https:\/\/i0.wp.com\/cbhmeiaponte.meioambiente.go.gov.br\/wp-content\/uploads\/2022\/04\/cropped-CBH-Meia-Ponte.png?fit=315%2C80&ssl=1","contentUrl":"https:\/\/i0.wp.com\/cbhmeiaponte.meioambiente.go.gov.br\/wp-content\/uploads\/2022\/04\/cropped-CBH-Meia-Ponte.png?fit=315%2C80&ssl=1","width":315,"height":80,"caption":"cbhmeiaponte"},"image":{"@id":"https:\/\/cbhmeiaponte.meioambiente.go.gov.br\/#\/schema\/logo\/image\/"}}]}},"featured_image_src":null,"featured_image_src_square":null,"jetpack_sharing_enabled":true,"_links":{"self":[{"href":"https:\/\/cbhmeiaponte.meioambiente.go.gov.br\/index.php?rest_route=\/wp\/v2\/pages\/378","targetHints":{"allow":["GET"]}}],"collection":[{"href":"https:\/\/cbhmeiaponte.meioambiente.go.gov.br\/index.php?rest_route=\/wp\/v2\/pages"}],"about":[{"href":"https:\/\/cbhmeiaponte.meioambiente.go.gov.br\/index.php?rest_route=\/wp\/v2\/types\/page"}],"author":[{"embeddable":true,"href":"https:\/\/cbhmeiaponte.meioambiente.go.gov.br\/index.php?rest_route=\/wp\/v2\/users\/2"}],"replies":[{"embeddable":true,"href":"https:\/\/cbhmeiaponte.meioambiente.go.gov.br\/index.php?rest_route=%2Fwp%2Fv2%2Fcomments&post=378"}],"version-history":[{"count":35,"href":"https:\/\/cbhmeiaponte.meioambiente.go.gov.br\/index.php?rest_route=\/wp\/v2\/pages\/378\/revisions"}],"predecessor-version":[{"id":1892,"href":"https:\/\/cbhmeiaponte.meioambiente.go.gov.br\/index.php?rest_route=\/wp\/v2\/pages\/378\/revisions\/1892"}],"wp:attachment":[{"href":"https:\/\/cbhmeiaponte.meioambiente.go.gov.br\/index.php?rest_route=%2Fwp%2Fv2%2Fmedia&parent=378"}],"curies":[{"name":"wp","href":"https:\/\/api.w.org\/{rel}","templated":true}]}}