{"id":38,"date":"2021-08-30T22:48:21","date_gmt":"2021-08-31T01:48:21","guid":{"rendered":"https:\/\/cbhmeiaponte.meioambiente.go.gov.br\/?page_id=38"},"modified":"2022-01-13T15:27:28","modified_gmt":"2022-01-13T18:27:28","slug":"caracteristicas","status":"publish","type":"page","link":"https:\/\/cbhmeiaponte.meioambiente.go.gov.br\/?page_id=38","title":{"rendered":"Caracter\u00edsticas"},"content":{"rendered":"\n<p>A Bacia Hidrogr\u00e1fica do Rio Meia Ponte est\u00e1 localizada na regi\u00e3o centro-sul do Estado.&nbsp;&nbsp;Est\u00e3o inseridos nela 39 munic\u00edpios, e pode ser considerada a principal bacia hidrogr\u00e1fica goiana,&nbsp;por concentrar, em apenas 4,2% do territ\u00f3rio do Estado, aproximadamente 40% de sua popula\u00e7\u00e3o, incluindo a Regi\u00e3o Metropolitana de Goi\u00e2nia e importantes munic\u00edpios, polos industriais e agroindustriais, que utilizam as suas \u00e1guas para diversas atividades.<\/p>\n\n\n\n<p>Esta Bacia faz parte do complexo hidrogr\u00e1fico da Bacia Hidrogr\u00e1fica do Rio Paran\u00e1 e abrange uma \u00e1rea de aproximadamente 12.180 km<sup>2<\/sup>, percorrendo 415 km at\u00e9 desaguar no Rio Parana\u00edba pela margem direita. As nascentes do Rio Meia Ponte localizam-se na Serra dos Brand\u00f5es, munic\u00edpio de Itau\u00e7u, no Estado de Goi\u00e1s e sua foz est\u00e1 situada no Rio Parana\u00edba, munic\u00edpio de Cachoeira Dourada, divisa do Estado de Goi\u00e1s com o Estado de Minas Gerais.&nbsp;<\/p>\n\n\n\n<p>A bacia est\u00e1 situada no centro-sul do Estado de Goi\u00e1s, limitando-se ao norte com a Bacia Hidrogr\u00e1fica do Rio das Almas, a oeste com a Bacia Hidrogr\u00e1fica do Rio dos Bois, a nordeste com a Bacia Hidrogr\u00e1fica do Rio Corumb\u00e1 e ao sul o Rio Meia Ponte des\u00e1gua no Rio Parana\u00edba. O Rio Meia Ponte tem como principais afluentes pela margem esquerda os rios Inhumas, Jo\u00e3o Leite, Caldas e o Ribeir\u00e3o Formiga e pela margem direita o Rio Dourados e o Ribeir\u00e3o Boa Vista do Rancho.<\/p>\n\n\n\n<p>A bacia possui grande import\u00e2ncia por abastecer a capital do Estado, correspondendo a 3,6% do territ\u00f3rio, onde est\u00e3o inseridos 39 munic\u00edpios. Trata-se de uma regi\u00e3o acentuadamente populosa, com elevada densidade demogr\u00e1fica nos munic\u00edpios de Goi\u00e2nia, Aparecida de Goi\u00e2nia, An\u00e1polis, Senador Canedo e Itumbiara, perfazendo aproximadamente 3,131 milh\u00f5es de habitantes (48% do Estado), segundo estimativas de 2016 do IBGE.<\/p>\n\n\n\n<p class=\"has-text-align-center\"><img fetchpriority=\"high\" decoding=\"async\" width=\"440\" height=\"414\" alt=\"Mapa\n\nDescri\u00e7\u00e3o gerada automaticamente\" src=\"https:\/\/lh3.googleusercontent.com\/4IUeUnlOm8pBitTiQz-ZMTZolikJ8FV5vX7NjMtPP17TUcAUi2md4OeShe2oA3mzZuVVzuUMT8vYiDiQWNjyqRnbWVfc3Ra4tOWQgvvZYwZxqvTJTEphQb8YmylzQ0wnFg\"><\/p>\n\n\n\n<p>Atualmente, a regi\u00e3o da bacia do Rio Meia Ponte \u00e9 uma das mais desenvolvidas do Estado, principalmente no setor de com\u00e9rcio e da agroind\u00fastria, por estar pr\u00f3ximo \u00e0 capital, Goi\u00e2nia. Associadas a estas atividades econ\u00f4micas est\u00e1 o surgimento de grandes centros urbanos, aumentando a demanda pelo uso da \u00e1gua para o consumo e como mat\u00e9ria-prima para a produ\u00e7\u00e3o industrial e agr\u00edcola.<\/p>\n\n\n\n<p>O PIB da bacia do Rio Meia Ponte corresponde a 39,81% do PIB do Estado de Goi\u00e1s, e sua composi\u00e7\u00e3o \u00e9 a seguinte: 61,50% do setor de servi\u00e7os, 2,61% do setor agropecu\u00e1rio, 21,46% do setor industrial e 14,43% do setor administrativo.<\/p>\n\n\n\n<p class=\"has-text-align-center\"><img decoding=\"async\" width=\"630\" height=\"787\" alt=\"Mapa\n\nDescri\u00e7\u00e3o gerada automaticamente\" src=\"https:\/\/lh6.googleusercontent.com\/BpfBwo_bNveYbhUZQXhAtaV87NFz1yC01NunNqjeYcr-2JXehzavplNrawivvhiJkYxhsdAUA9DdwuRUjCLZoKvLogu6ZmujgKK6Pm1Trg0qZ4oO27VkyXr4STYzr1cSRg\"><\/p>\n\n\n\n<p>Fonte: Diagn\u00f3stico da UPGRH Do Rio Meia Ponte &#8211; (Produto 2) &#8211; Vers\u00e3o 6.0 \u2013 P\u00e1g. 26<\/p>\n\n\n\n<p><a href=\"http:\/\/pbapgo.meioambiente.go.gov.br\/wp-content\/uploads\/2021\/09\/RT-02-Diagnostico-UPGRH-Rio-Meia-Ponte-V6.pdf\">http:\/\/pbapgo.meioambiente.go.gov.br\/wp-content\/uploads\/2021\/09\/RT-02-Diagnostico-UPGRH-Rio-Meia-Ponte-V6.pdf<\/a><\/p>\n\n\n\n<p>Na Bacia Hidrogr\u00e1fica do Rio Meia Ponte, destaca-se a regi\u00e3o do Alto Rio Meia Ponte, que representa a \u00e1rea a montante (acima) da&nbsp;capta\u00e7\u00e3o respons\u00e1vel pelo abastecimento de aproximadamente 50% da popula\u00e7\u00e3o de Goi\u00e2nia e Regi\u00e3o Metropolitana. Ela tem uma \u00e1rea de 1.599,70 km\u00b2, o que representa 0,47% da \u00e1rea do Estado. Est\u00e1 inserida, total ou parcialmente, no territ\u00f3rio de 11 munic\u00edpios:&nbsp;Brazabrantes, Campo Limpo de Goi\u00e1s, Damol\u00e2ndia, Goi\u00e2nia, Goianira, Inhumas, Itua\u00e7u, Ner\u00f3polis, Nova Veneza, Ouro Verde de Goi\u00e1s e Santo Ant\u00f4nio de Goi\u00e1s.&nbsp;&nbsp;<\/p>\n\n\n\n<p>De forma geral, considerando os dados e informa\u00e7\u00f5es do Plano Estadual de Recursos H\u00eddricos de Goi\u00e1s, Plano de Bacia e demais estudos existentes, entre as principais interfer\u00eancias encontradas, que afetam direta ou indiretamente a disponibilidade h\u00eddrica superficial e subterr\u00e2nea em quantidade e qualidade, \u00e9 poss\u00edvel citar:&nbsp;<\/p>\n\n\n\n<ul class=\"wp-block-list\"><li>Problemas de uso e ocupa\u00e7\u00e3o do solo;&nbsp;<\/li><li>Degrada\u00e7\u00e3o das \u00e1reas de preserva\u00e7\u00e3o permanente, entorno de nascentes e margens dos mananciais;&nbsp;<\/li><li>Carreamento de sedimentos e assoreamento dos mananciais;&nbsp;<\/li><li>Comprometimento da capacidade de infiltra\u00e7\u00e3o e de recarga de aqu\u00edferos;&nbsp;<\/li><li>Lan\u00e7amento de efluentes;&nbsp;<\/li><li>Polui\u00e7\u00e3o difusa e disposi\u00e7\u00e3o inadequada de res\u00edduos s\u00f3lidos;&nbsp;<\/li><li>Problemas relacionados \u00e0 expans\u00e3o urbana;&nbsp;<\/li><li>Expans\u00e3o dos m\u00faltiplos usos dos recursos h\u00eddricos; e&nbsp;<\/li><li>Interfer\u00eancias, usos e capta\u00e7\u00f5es de \u00e1gua irregulares.<\/li><\/ul>\n","protected":false},"excerpt":{"rendered":"<p>A Bacia Hidrogr\u00e1fica do Rio Meia Ponte est\u00e1 localizada na regi\u00e3o centro-sul do Estado.&nbsp;&nbsp;Est\u00e3o inseridos nela 39 munic\u00edpios, e pode ser considerada a principal bacia hidrogr\u00e1fica goiana,&nbsp;por concentrar, em apenas 4,2% do territ\u00f3rio do Estado, aproximadamente 40% de sua popula\u00e7\u00e3o, incluindo a Regi\u00e3o Metropolitana de Goi\u00e2nia e importantes munic\u00edpios, polos industriais e agroindustriais, que utilizam [&hellip;]<\/p>\n","protected":false},"author":2,"featured_media":0,"parent":0,"menu_order":0,"comment_status":"closed","ping_status":"closed","template":"general-template.php","meta":{"footnotes":""},"class_list":["post-38","page","type-page","status-publish","hentry"],"yoast_head":"<!-- This site is optimized with the Yoast SEO plugin v27.3 - https:\/\/yoast.com\/product\/yoast-seo-wordpress\/ -->\n<title>Caracter\u00edsticas - cbhmeiaponte<\/title>\n<meta name=\"robots\" content=\"index, follow, max-snippet:-1, max-image-preview:large, max-video-preview:-1\" \/>\n<link rel=\"canonical\" href=\"https:\/\/cbhmeiaponte.meioambiente.go.gov.br\/?page_id=38\" \/>\n<meta property=\"og:locale\" content=\"pt_BR\" \/>\n<meta property=\"og:type\" content=\"article\" \/>\n<meta property=\"og:title\" content=\"Caracter\u00edsticas - cbhmeiaponte\" \/>\n<meta property=\"og:description\" content=\"A Bacia Hidrogr\u00e1fica do Rio Meia Ponte est\u00e1 localizada na regi\u00e3o centro-sul do Estado.&nbsp;&nbsp;Est\u00e3o inseridos nela 39 munic\u00edpios, e pode ser considerada a principal bacia hidrogr\u00e1fica goiana,&nbsp;por concentrar, em apenas 4,2% do territ\u00f3rio do Estado, aproximadamente 40% de sua popula\u00e7\u00e3o, incluindo a Regi\u00e3o Metropolitana de Goi\u00e2nia e importantes munic\u00edpios, polos industriais e agroindustriais, que utilizam [&hellip;]\" \/>\n<meta property=\"og:url\" content=\"https:\/\/cbhmeiaponte.meioambiente.go.gov.br\/?page_id=38\" \/>\n<meta property=\"og:site_name\" content=\"cbhmeiaponte\" \/>\n<meta property=\"article:modified_time\" content=\"2022-01-13T18:27:28+00:00\" \/>\n<meta property=\"og:image\" content=\"https:\/\/lh3.googleusercontent.com\/4IUeUnlOm8pBitTiQz-ZMTZolikJ8FV5vX7NjMtPP17TUcAUi2md4OeShe2oA3mzZuVVzuUMT8vYiDiQWNjyqRnbWVfc3Ra4tOWQgvvZYwZxqvTJTEphQb8YmylzQ0wnFg\" \/>\n<meta name=\"twitter:card\" content=\"summary_large_image\" \/>\n<meta name=\"twitter:label1\" content=\"Est. tempo de leitura\" \/>\n\t<meta name=\"twitter:data1\" content=\"3 minutos\" \/>\n<script type=\"application\/ld+json\" class=\"yoast-schema-graph\">{\"@context\":\"https:\\\/\\\/schema.org\",\"@graph\":[{\"@type\":\"WebPage\",\"@id\":\"https:\\\/\\\/cbhmeiaponte.meioambiente.go.gov.br\\\/?page_id=38\",\"url\":\"https:\\\/\\\/cbhmeiaponte.meioambiente.go.gov.br\\\/?page_id=38\",\"name\":\"Caracter\u00edsticas - cbhmeiaponte\",\"isPartOf\":{\"@id\":\"https:\\\/\\\/cbhmeiaponte.meioambiente.go.gov.br\\\/#website\"},\"primaryImageOfPage\":{\"@id\":\"https:\\\/\\\/cbhmeiaponte.meioambiente.go.gov.br\\\/?page_id=38#primaryimage\"},\"image\":{\"@id\":\"https:\\\/\\\/cbhmeiaponte.meioambiente.go.gov.br\\\/?page_id=38#primaryimage\"},\"thumbnailUrl\":\"https:\\\/\\\/lh3.googleusercontent.com\\\/4IUeUnlOm8pBitTiQz-ZMTZolikJ8FV5vX7NjMtPP17TUcAUi2md4OeShe2oA3mzZuVVzuUMT8vYiDiQWNjyqRnbWVfc3Ra4tOWQgvvZYwZxqvTJTEphQb8YmylzQ0wnFg\",\"datePublished\":\"2021-08-31T01:48:21+00:00\",\"dateModified\":\"2022-01-13T18:27:28+00:00\",\"breadcrumb\":{\"@id\":\"https:\\\/\\\/cbhmeiaponte.meioambiente.go.gov.br\\\/?page_id=38#breadcrumb\"},\"inLanguage\":\"pt-BR\",\"potentialAction\":[{\"@type\":\"ReadAction\",\"target\":[\"https:\\\/\\\/cbhmeiaponte.meioambiente.go.gov.br\\\/?page_id=38\"]}]},{\"@type\":\"ImageObject\",\"inLanguage\":\"pt-BR\",\"@id\":\"https:\\\/\\\/cbhmeiaponte.meioambiente.go.gov.br\\\/?page_id=38#primaryimage\",\"url\":\"https:\\\/\\\/lh3.googleusercontent.com\\\/4IUeUnlOm8pBitTiQz-ZMTZolikJ8FV5vX7NjMtPP17TUcAUi2md4OeShe2oA3mzZuVVzuUMT8vYiDiQWNjyqRnbWVfc3Ra4tOWQgvvZYwZxqvTJTEphQb8YmylzQ0wnFg\",\"contentUrl\":\"https:\\\/\\\/lh3.googleusercontent.com\\\/4IUeUnlOm8pBitTiQz-ZMTZolikJ8FV5vX7NjMtPP17TUcAUi2md4OeShe2oA3mzZuVVzuUMT8vYiDiQWNjyqRnbWVfc3Ra4tOWQgvvZYwZxqvTJTEphQb8YmylzQ0wnFg\"},{\"@type\":\"BreadcrumbList\",\"@id\":\"https:\\\/\\\/cbhmeiaponte.meioambiente.go.gov.br\\\/?page_id=38#breadcrumb\",\"itemListElement\":[{\"@type\":\"ListItem\",\"position\":1,\"name\":\"In\u00edcio\",\"item\":\"https:\\\/\\\/cbhmeiaponte.meioambiente.go.gov.br\\\/\"},{\"@type\":\"ListItem\",\"position\":2,\"name\":\"Caracter\u00edsticas\"}]},{\"@type\":\"WebSite\",\"@id\":\"https:\\\/\\\/cbhmeiaponte.meioambiente.go.gov.br\\\/#website\",\"url\":\"https:\\\/\\\/cbhmeiaponte.meioambiente.go.gov.br\\\/\",\"name\":\"cbhmeiaponte\",\"description\":\"Comit\u00ea da Bacia Hidrogr\u00e1fica do Rio Meia Ponte\",\"publisher\":{\"@id\":\"https:\\\/\\\/cbhmeiaponte.meioambiente.go.gov.br\\\/#organization\"},\"potentialAction\":[{\"@type\":\"SearchAction\",\"target\":{\"@type\":\"EntryPoint\",\"urlTemplate\":\"https:\\\/\\\/cbhmeiaponte.meioambiente.go.gov.br\\\/?s={search_term_string}\"},\"query-input\":{\"@type\":\"PropertyValueSpecification\",\"valueRequired\":true,\"valueName\":\"search_term_string\"}}],\"inLanguage\":\"pt-BR\"},{\"@type\":\"Organization\",\"@id\":\"https:\\\/\\\/cbhmeiaponte.meioambiente.go.gov.br\\\/#organization\",\"name\":\"cbhmeiaponte\",\"url\":\"https:\\\/\\\/cbhmeiaponte.meioambiente.go.gov.br\\\/\",\"logo\":{\"@type\":\"ImageObject\",\"inLanguage\":\"pt-BR\",\"@id\":\"https:\\\/\\\/cbhmeiaponte.meioambiente.go.gov.br\\\/#\\\/schema\\\/logo\\\/image\\\/\",\"url\":\"https:\\\/\\\/i0.wp.com\\\/cbhmeiaponte.meioambiente.go.gov.br\\\/wp-content\\\/uploads\\\/2022\\\/04\\\/cropped-CBH-Meia-Ponte.png?fit=315%2C80&ssl=1\",\"contentUrl\":\"https:\\\/\\\/i0.wp.com\\\/cbhmeiaponte.meioambiente.go.gov.br\\\/wp-content\\\/uploads\\\/2022\\\/04\\\/cropped-CBH-Meia-Ponte.png?fit=315%2C80&ssl=1\",\"width\":315,\"height\":80,\"caption\":\"cbhmeiaponte\"},\"image\":{\"@id\":\"https:\\\/\\\/cbhmeiaponte.meioambiente.go.gov.br\\\/#\\\/schema\\\/logo\\\/image\\\/\"}}]}<\/script>\n<!-- \/ Yoast SEO plugin. -->","yoast_head_json":{"title":"Caracter\u00edsticas - cbhmeiaponte","robots":{"index":"index","follow":"follow","max-snippet":"max-snippet:-1","max-image-preview":"max-image-preview:large","max-video-preview":"max-video-preview:-1"},"canonical":"https:\/\/cbhmeiaponte.meioambiente.go.gov.br\/?page_id=38","og_locale":"pt_BR","og_type":"article","og_title":"Caracter\u00edsticas - cbhmeiaponte","og_description":"A Bacia Hidrogr\u00e1fica do Rio Meia Ponte est\u00e1 localizada na regi\u00e3o centro-sul do Estado.&nbsp;&nbsp;Est\u00e3o inseridos nela 39 munic\u00edpios, e pode ser considerada a principal bacia hidrogr\u00e1fica goiana,&nbsp;por concentrar, em apenas 4,2% do territ\u00f3rio do Estado, aproximadamente 40% de sua popula\u00e7\u00e3o, incluindo a Regi\u00e3o Metropolitana de Goi\u00e2nia e importantes munic\u00edpios, polos industriais e agroindustriais, que utilizam [&hellip;]","og_url":"https:\/\/cbhmeiaponte.meioambiente.go.gov.br\/?page_id=38","og_site_name":"cbhmeiaponte","article_modified_time":"2022-01-13T18:27:28+00:00","og_image":[{"url":"https:\/\/lh3.googleusercontent.com\/4IUeUnlOm8pBitTiQz-ZMTZolikJ8FV5vX7NjMtPP17TUcAUi2md4OeShe2oA3mzZuVVzuUMT8vYiDiQWNjyqRnbWVfc3Ra4tOWQgvvZYwZxqvTJTEphQb8YmylzQ0wnFg","type":"","width":"","height":""}],"twitter_card":"summary_large_image","twitter_misc":{"Est. tempo de leitura":"3 minutos"},"schema":{"@context":"https:\/\/schema.org","@graph":[{"@type":"WebPage","@id":"https:\/\/cbhmeiaponte.meioambiente.go.gov.br\/?page_id=38","url":"https:\/\/cbhmeiaponte.meioambiente.go.gov.br\/?page_id=38","name":"Caracter\u00edsticas - cbhmeiaponte","isPartOf":{"@id":"https:\/\/cbhmeiaponte.meioambiente.go.gov.br\/#website"},"primaryImageOfPage":{"@id":"https:\/\/cbhmeiaponte.meioambiente.go.gov.br\/?page_id=38#primaryimage"},"image":{"@id":"https:\/\/cbhmeiaponte.meioambiente.go.gov.br\/?page_id=38#primaryimage"},"thumbnailUrl":"https:\/\/lh3.googleusercontent.com\/4IUeUnlOm8pBitTiQz-ZMTZolikJ8FV5vX7NjMtPP17TUcAUi2md4OeShe2oA3mzZuVVzuUMT8vYiDiQWNjyqRnbWVfc3Ra4tOWQgvvZYwZxqvTJTEphQb8YmylzQ0wnFg","datePublished":"2021-08-31T01:48:21+00:00","dateModified":"2022-01-13T18:27:28+00:00","breadcrumb":{"@id":"https:\/\/cbhmeiaponte.meioambiente.go.gov.br\/?page_id=38#breadcrumb"},"inLanguage":"pt-BR","potentialAction":[{"@type":"ReadAction","target":["https:\/\/cbhmeiaponte.meioambiente.go.gov.br\/?page_id=38"]}]},{"@type":"ImageObject","inLanguage":"pt-BR","@id":"https:\/\/cbhmeiaponte.meioambiente.go.gov.br\/?page_id=38#primaryimage","url":"https:\/\/lh3.googleusercontent.com\/4IUeUnlOm8pBitTiQz-ZMTZolikJ8FV5vX7NjMtPP17TUcAUi2md4OeShe2oA3mzZuVVzuUMT8vYiDiQWNjyqRnbWVfc3Ra4tOWQgvvZYwZxqvTJTEphQb8YmylzQ0wnFg","contentUrl":"https:\/\/lh3.googleusercontent.com\/4IUeUnlOm8pBitTiQz-ZMTZolikJ8FV5vX7NjMtPP17TUcAUi2md4OeShe2oA3mzZuVVzuUMT8vYiDiQWNjyqRnbWVfc3Ra4tOWQgvvZYwZxqvTJTEphQb8YmylzQ0wnFg"},{"@type":"BreadcrumbList","@id":"https:\/\/cbhmeiaponte.meioambiente.go.gov.br\/?page_id=38#breadcrumb","itemListElement":[{"@type":"ListItem","position":1,"name":"In\u00edcio","item":"https:\/\/cbhmeiaponte.meioambiente.go.gov.br\/"},{"@type":"ListItem","position":2,"name":"Caracter\u00edsticas"}]},{"@type":"WebSite","@id":"https:\/\/cbhmeiaponte.meioambiente.go.gov.br\/#website","url":"https:\/\/cbhmeiaponte.meioambiente.go.gov.br\/","name":"cbhmeiaponte","description":"Comit\u00ea da Bacia Hidrogr\u00e1fica do Rio Meia Ponte","publisher":{"@id":"https:\/\/cbhmeiaponte.meioambiente.go.gov.br\/#organization"},"potentialAction":[{"@type":"SearchAction","target":{"@type":"EntryPoint","urlTemplate":"https:\/\/cbhmeiaponte.meioambiente.go.gov.br\/?s={search_term_string}"},"query-input":{"@type":"PropertyValueSpecification","valueRequired":true,"valueName":"search_term_string"}}],"inLanguage":"pt-BR"},{"@type":"Organization","@id":"https:\/\/cbhmeiaponte.meioambiente.go.gov.br\/#organization","name":"cbhmeiaponte","url":"https:\/\/cbhmeiaponte.meioambiente.go.gov.br\/","logo":{"@type":"ImageObject","inLanguage":"pt-BR","@id":"https:\/\/cbhmeiaponte.meioambiente.go.gov.br\/#\/schema\/logo\/image\/","url":"https:\/\/i0.wp.com\/cbhmeiaponte.meioambiente.go.gov.br\/wp-content\/uploads\/2022\/04\/cropped-CBH-Meia-Ponte.png?fit=315%2C80&ssl=1","contentUrl":"https:\/\/i0.wp.com\/cbhmeiaponte.meioambiente.go.gov.br\/wp-content\/uploads\/2022\/04\/cropped-CBH-Meia-Ponte.png?fit=315%2C80&ssl=1","width":315,"height":80,"caption":"cbhmeiaponte"},"image":{"@id":"https:\/\/cbhmeiaponte.meioambiente.go.gov.br\/#\/schema\/logo\/image\/"}}]}},"featured_image_src":null,"featured_image_src_square":null,"jetpack_sharing_enabled":true,"_links":{"self":[{"href":"https:\/\/cbhmeiaponte.meioambiente.go.gov.br\/index.php?rest_route=\/wp\/v2\/pages\/38","targetHints":{"allow":["GET"]}}],"collection":[{"href":"https:\/\/cbhmeiaponte.meioambiente.go.gov.br\/index.php?rest_route=\/wp\/v2\/pages"}],"about":[{"href":"https:\/\/cbhmeiaponte.meioambiente.go.gov.br\/index.php?rest_route=\/wp\/v2\/types\/page"}],"author":[{"embeddable":true,"href":"https:\/\/cbhmeiaponte.meioambiente.go.gov.br\/index.php?rest_route=\/wp\/v2\/users\/2"}],"replies":[{"embeddable":true,"href":"https:\/\/cbhmeiaponte.meioambiente.go.gov.br\/index.php?rest_route=%2Fwp%2Fv2%2Fcomments&post=38"}],"version-history":[{"count":3,"href":"https:\/\/cbhmeiaponte.meioambiente.go.gov.br\/index.php?rest_route=\/wp\/v2\/pages\/38\/revisions"}],"predecessor-version":[{"id":610,"href":"https:\/\/cbhmeiaponte.meioambiente.go.gov.br\/index.php?rest_route=\/wp\/v2\/pages\/38\/revisions\/610"}],"wp:attachment":[{"href":"https:\/\/cbhmeiaponte.meioambiente.go.gov.br\/index.php?rest_route=%2Fwp%2Fv2%2Fmedia&parent=38"}],"curies":[{"name":"wp","href":"https:\/\/api.w.org\/{rel}","templated":true}]}}