{"id":44,"date":"2021-08-30T22:49:15","date_gmt":"2021-08-31T01:49:15","guid":{"rendered":"https:\/\/cbhmeiaponte.meioambiente.go.gov.br\/?page_id=44"},"modified":"2022-01-13T16:35:07","modified_gmt":"2022-01-13T19:35:07","slug":"turismo-e-lazer","status":"publish","type":"page","link":"https:\/\/cbhmeiaponte.meioambiente.go.gov.br\/?page_id=44","title":{"rendered":"Caracteriza\u00e7\u00e3o Bi\u00f3tica da Bacia"},"content":{"rendered":"\n<h2 class=\"wp-block-heading\"><strong>Biomas<\/strong><\/h2>\n\n\n\n<p>A bacia hidrogr\u00e1fica do Rio Meia Ponte \u00e9 dividida em Cerrado e Mata Atl\u00e2ntica, sendo que o Cerrado ocupa a maior parte de sua extens\u00e3o territorial.&nbsp; Sua \u00e1rea total \u00e9 de 14.521, 81 km\u00b2, com o Cerrado ocupando uma \u00e1rea de 12.934,43 km\u00b2, o que representa aproximadamente 89% da \u00e1rea total e a Mata Atl\u00e2ntica com<br>1.583,375 km\u00b2, representando os 11% restantes da sua \u00e1rea total. O cerrado \u00e9 o bioma predominante na regi\u00e3o, mas a bacia sofreu s\u00e9rios problemas de desmatamento em decorr\u00eancia da implanta\u00e7\u00e3o de atividades agropecu\u00e1rias.<\/p>\n\n\n\n<p class=\"has-text-align-center\"><img fetchpriority=\"high\" decoding=\"async\" width=\"589\" height=\"737\" alt=\"Mapa\n\nDescri\u00e7\u00e3o gerada automaticamente\" src=\"https:\/\/lh6.googleusercontent.com\/fGqtbTmSyMD5_1VKq2vKoyqpnNmYI69mhgCNXEa9_E527VeKITpLh4lwC9SVuY4ec9r5jupcW3IYwYl2bgoK2JQXzo5mxNavf6DOWUt2hl2OqrWeHLKrUfiQZCnrObP7rA\"><\/p>\n\n\n\n<p>Fonte: Diagn\u00f3stico da UPGRH Do Rio Meia Ponte &#8211; (Produto 2) &#8211; Vers\u00e3o 6.0 \u2013 P\u00e1g. 147<\/p>\n\n\n\n<p><a href=\"http:\/\/pbapgo.meioambiente.go.gov.br\/wp-content\/uploads\/2021\/09\/RT-02-Diagnostico-UPGRH-Rio-Meia-Ponte-V6.pdf\">http:\/\/pbapgo.meioambiente.go.gov.br\/wp-content\/uploads\/2021\/09\/RT-02-Diagnostico-UPGRH-Rio-Meia-Ponte-V6.pdf<\/a><\/p>\n\n\n\n<h2 class=\"wp-block-heading\">Uso e Cobertura do Solo<\/h2>\n\n\n\n<p>A bacia do Rio Meia Ponte possui 3,4% de \u00e1rea urbana e 51,9% de pastagens. O restante da composi\u00e7\u00e3o do uso do solo \u00e9: 22,9% de vegeta\u00e7\u00e3o natural; 20,6% de lavouras; 0,8% de corpos h\u00eddricos; e 0,4% de silvicultura.<\/p>\n\n\n\n<p>H\u00e1 um grande contraste da regi\u00e3o norte do mapa com a regi\u00e3o sul. A primeira possui uma grande \u00e1rea urbana e a segunda extensas \u00e1reas de lavouras, sendo elas separadas por \u00e1reas de pastagens. Na \u00e1rea urbana ao norte fica a regi\u00e3o metropolitana de Goi\u00e2nia, onde est\u00e1 localizada cerca de um sexto da popula\u00e7\u00e3o do estado de Goi\u00e1s. Na parte sul da regi\u00e3o o destaque est\u00e1 nas cidades de Itumbiara e Goiatuba, que s\u00e3o grandes produtoras de cana de a\u00e7\u00facar e Morrinhos pela produ\u00e7\u00e3o de leite, tomate, batata inglesa e goiaba, segundo dados do Instituto M\u00e1rio Borges.<\/p>\n\n\n\n<p>A maior \u00e1rea de vegeta\u00e7\u00e3o nativa est\u00e1 localizada no nordeste de Goi\u00e2nia, sendo essa a \u00c1rea de Prote\u00e7\u00e3o Ambiental do Ribeir\u00e3o Jo\u00e3o Leite, a respons\u00e1vel pela prote\u00e7\u00e3o e manuten\u00e7\u00e3o da qualidade da \u00e1gua da barragem do Jo\u00e3o Leite.&nbsp;<\/p>\n\n\n\n<p>O principal manancial da bacia \u00e9 o pr\u00f3prio Rio Meia Ponte, dividindo a bacia em duas de norte a sul. O balan\u00e7o qualitativo e quantitativo do Rio Meia Ponte mostra que sua situa\u00e7\u00e3o ap\u00f3s passar por Goi\u00e2nia se torna preocupante.<\/p>\n\n\n\n<p class=\"has-text-align-center\"><img decoding=\"async\" width=\"635\" height=\"794\" alt=\"Mapa\n\nDescri\u00e7\u00e3o gerada automaticamente\" src=\"https:\/\/lh6.googleusercontent.com\/md-J_WSOxZ5SGNL2Cnenq7AUJoKjm8snFr9u4bCEV-p_bJCz3QEoy2l15G7aqH3RkGGTZUTSVWEKl6WZZCWRYneu3mG9I_31hkTQtoHTvLfrV7TwI4-Ltj3m7s1-dgV5Ow\"><\/p>\n\n\n\n<p>Fonte: Diagn\u00f3stico da UPGRH Do Rio Meia Ponte &#8211; (Produto 2) &#8211; Vers\u00e3o 6.0 \u2013 P\u00e1g. 148<\/p>\n\n\n\n<p><a href=\"http:\/\/pbapgo.meioambiente.go.gov.br\/wp-content\/uploads\/2021\/09\/RT-02-Diagnostico-UPGRH-Rio-Meia-Ponte-V6.pdf\">http:\/\/pbapgo.meioambiente.go.gov.br\/wp-content\/uploads\/2021\/09\/RT-02-Diagnostico-UPGRH-Rio-Meia-Ponte-V6.pdf<\/a><\/p>\n\n\n\n<h2 class=\"wp-block-heading\"><strong>Unidades de Conserva\u00e7\u00e3o (UCs)&nbsp;<\/strong><\/h2>\n\n\n\n<p>Entre as Unidades de Conserva\u00e7\u00e3o existentes nesta UPGRH se destacam o Parque Estadual Altamiro de Moura Pacheco, a \u00e1rea de Prote\u00e7\u00e3o Ambiental do Ribeir\u00e3o do Jo\u00e3o Leite (APA do Jo\u00e3o Leite, Parque Estadual Telma Ortegal e o Ref\u00fagio de Vida Silvestre do Meia Ponte, localizado no munic\u00edpio de Goiatuba, al\u00e9m das quatro RPNN\u2019s \u2013 Reservas Particulares do Patrim\u00f4nio Natural.&nbsp;<\/p>\n\n\n\n<p>De acordo com a Portaria do Minist\u00e9rio do Meio Ambiente n\u00b0 463, de 18 de dezembro de 2018, as APCBs s\u00e3o regi\u00f5es reconhecidas como importantes para a conserva\u00e7\u00e3o, utiliza\u00e7\u00e3o sustent\u00e1vel e reparti\u00e7\u00e3o de benef\u00edcios da biodiversidade brasileira. Devido \u00e0 grande press\u00e3o antr\u00f3pica se viu necess\u00e1rio intervir com a\u00e7\u00f5es que visam conservar a biodiversidade local e ainda permitir que o uso dos recursos naturais seja unicamente sustent\u00e1vel. Conforme estudo realizado pelo WWF (2004), foram identificadas 40 \u00e1reas priorit\u00e1rias para conserva\u00e7\u00e3o da biodiversidade no estado de Goi\u00e1s, sendo 19 nesta UPGRH.<\/p>\n\n\n\n<p class=\"has-text-align-center\"><img decoding=\"async\" width=\"567\" height=\"708\" src=\"https:\/\/lh6.googleusercontent.com\/sFl1L-MHxsVHaGN54UVqx6FhOydzbT3ohaxJCqYlyk0R0Oveneei9VXMYrVKchHg18N1SBZEo7zzSLuosibk_hE1zPq1QPIyyaVQXuPf7mAs7UT2UFIYxG7HHX0NgXwV6w\"><\/p>\n\n\n\n<p>Fonte: Diagn\u00f3stico da UPGRH Do Rio Meia Ponte &#8211; (Produto 2) &#8211; Vers\u00e3o 6.0 \u2013 P\u00e1g. 156<\/p>\n\n\n\n<p><a href=\"http:\/\/pbapgo.meioambiente.go.gov.br\/wp-content\/uploads\/2021\/09\/RT-02-Diagnostico-UPGRH-Rio-Meia-Ponte-V6.pdf\">http:\/\/pbapgo.meioambiente.go.gov.br\/wp-content\/uploads\/2021\/09\/RT-02-Diagnostico-UPGRH-Rio-Meia-Ponte-V6.pdf<\/a><\/p>\n\n\n\n<p><\/p>\n","protected":false},"excerpt":{"rendered":"<p>Biomas A bacia hidrogr\u00e1fica do Rio Meia Ponte \u00e9 dividida em Cerrado e Mata Atl\u00e2ntica, sendo que o Cerrado ocupa a maior parte de sua extens\u00e3o territorial.&nbsp; Sua \u00e1rea total \u00e9 de 14.521, 81 km\u00b2, com o Cerrado ocupando uma \u00e1rea de 12.934,43 km\u00b2, o que representa aproximadamente 89% da \u00e1rea total e a Mata [&hellip;]<\/p>\n","protected":false},"author":2,"featured_media":0,"parent":0,"menu_order":0,"comment_status":"closed","ping_status":"closed","template":"general-template.php","meta":{"footnotes":""},"class_list":["post-44","page","type-page","status-publish","hentry"],"yoast_head":"<!-- This site is optimized with the Yoast SEO plugin v27.3 - https:\/\/yoast.com\/product\/yoast-seo-wordpress\/ -->\n<title>Caracteriza\u00e7\u00e3o Bi\u00f3tica da Bacia - cbhmeiaponte<\/title>\n<meta name=\"robots\" content=\"index, follow, max-snippet:-1, max-image-preview:large, max-video-preview:-1\" \/>\n<link rel=\"canonical\" href=\"https:\/\/cbhmeiaponte.meioambiente.go.gov.br\/?page_id=44\" \/>\n<meta property=\"og:locale\" content=\"pt_BR\" \/>\n<meta property=\"og:type\" content=\"article\" \/>\n<meta property=\"og:title\" content=\"Caracteriza\u00e7\u00e3o Bi\u00f3tica da Bacia - cbhmeiaponte\" \/>\n<meta property=\"og:description\" content=\"Biomas A bacia hidrogr\u00e1fica do Rio Meia Ponte \u00e9 dividida em Cerrado e Mata Atl\u00e2ntica, sendo que o Cerrado ocupa a maior parte de sua extens\u00e3o territorial.&nbsp; Sua \u00e1rea total \u00e9 de 14.521, 81 km\u00b2, com o Cerrado ocupando uma \u00e1rea de 12.934,43 km\u00b2, o que representa aproximadamente 89% da \u00e1rea total e a Mata [&hellip;]\" \/>\n<meta property=\"og:url\" content=\"https:\/\/cbhmeiaponte.meioambiente.go.gov.br\/?page_id=44\" \/>\n<meta property=\"og:site_name\" content=\"cbhmeiaponte\" \/>\n<meta property=\"article:modified_time\" content=\"2022-01-13T19:35:07+00:00\" \/>\n<meta property=\"og:image\" content=\"https:\/\/lh6.googleusercontent.com\/fGqtbTmSyMD5_1VKq2vKoyqpnNmYI69mhgCNXEa9_E527VeKITpLh4lwC9SVuY4ec9r5jupcW3IYwYl2bgoK2JQXzo5mxNavf6DOWUt2hl2OqrWeHLKrUfiQZCnrObP7rA\" \/>\n<meta name=\"twitter:card\" content=\"summary_large_image\" \/>\n<meta name=\"twitter:label1\" content=\"Est. tempo de leitura\" \/>\n\t<meta name=\"twitter:data1\" content=\"3 minutos\" \/>\n<script type=\"application\/ld+json\" class=\"yoast-schema-graph\">{\"@context\":\"https:\\\/\\\/schema.org\",\"@graph\":[{\"@type\":\"WebPage\",\"@id\":\"https:\\\/\\\/cbhmeiaponte.meioambiente.go.gov.br\\\/?page_id=44\",\"url\":\"https:\\\/\\\/cbhmeiaponte.meioambiente.go.gov.br\\\/?page_id=44\",\"name\":\"Caracteriza\u00e7\u00e3o Bi\u00f3tica da Bacia - cbhmeiaponte\",\"isPartOf\":{\"@id\":\"https:\\\/\\\/cbhmeiaponte.meioambiente.go.gov.br\\\/#website\"},\"primaryImageOfPage\":{\"@id\":\"https:\\\/\\\/cbhmeiaponte.meioambiente.go.gov.br\\\/?page_id=44#primaryimage\"},\"image\":{\"@id\":\"https:\\\/\\\/cbhmeiaponte.meioambiente.go.gov.br\\\/?page_id=44#primaryimage\"},\"thumbnailUrl\":\"https:\\\/\\\/lh6.googleusercontent.com\\\/fGqtbTmSyMD5_1VKq2vKoyqpnNmYI69mhgCNXEa9_E527VeKITpLh4lwC9SVuY4ec9r5jupcW3IYwYl2bgoK2JQXzo5mxNavf6DOWUt2hl2OqrWeHLKrUfiQZCnrObP7rA\",\"datePublished\":\"2021-08-31T01:49:15+00:00\",\"dateModified\":\"2022-01-13T19:35:07+00:00\",\"breadcrumb\":{\"@id\":\"https:\\\/\\\/cbhmeiaponte.meioambiente.go.gov.br\\\/?page_id=44#breadcrumb\"},\"inLanguage\":\"pt-BR\",\"potentialAction\":[{\"@type\":\"ReadAction\",\"target\":[\"https:\\\/\\\/cbhmeiaponte.meioambiente.go.gov.br\\\/?page_id=44\"]}]},{\"@type\":\"ImageObject\",\"inLanguage\":\"pt-BR\",\"@id\":\"https:\\\/\\\/cbhmeiaponte.meioambiente.go.gov.br\\\/?page_id=44#primaryimage\",\"url\":\"https:\\\/\\\/lh6.googleusercontent.com\\\/fGqtbTmSyMD5_1VKq2vKoyqpnNmYI69mhgCNXEa9_E527VeKITpLh4lwC9SVuY4ec9r5jupcW3IYwYl2bgoK2JQXzo5mxNavf6DOWUt2hl2OqrWeHLKrUfiQZCnrObP7rA\",\"contentUrl\":\"https:\\\/\\\/lh6.googleusercontent.com\\\/fGqtbTmSyMD5_1VKq2vKoyqpnNmYI69mhgCNXEa9_E527VeKITpLh4lwC9SVuY4ec9r5jupcW3IYwYl2bgoK2JQXzo5mxNavf6DOWUt2hl2OqrWeHLKrUfiQZCnrObP7rA\"},{\"@type\":\"BreadcrumbList\",\"@id\":\"https:\\\/\\\/cbhmeiaponte.meioambiente.go.gov.br\\\/?page_id=44#breadcrumb\",\"itemListElement\":[{\"@type\":\"ListItem\",\"position\":1,\"name\":\"In\u00edcio\",\"item\":\"https:\\\/\\\/cbhmeiaponte.meioambiente.go.gov.br\\\/\"},{\"@type\":\"ListItem\",\"position\":2,\"name\":\"Caracteriza\u00e7\u00e3o Bi\u00f3tica da Bacia\"}]},{\"@type\":\"WebSite\",\"@id\":\"https:\\\/\\\/cbhmeiaponte.meioambiente.go.gov.br\\\/#website\",\"url\":\"https:\\\/\\\/cbhmeiaponte.meioambiente.go.gov.br\\\/\",\"name\":\"cbhmeiaponte\",\"description\":\"Comit\u00ea da Bacia Hidrogr\u00e1fica do Rio Meia Ponte\",\"publisher\":{\"@id\":\"https:\\\/\\\/cbhmeiaponte.meioambiente.go.gov.br\\\/#organization\"},\"potentialAction\":[{\"@type\":\"SearchAction\",\"target\":{\"@type\":\"EntryPoint\",\"urlTemplate\":\"https:\\\/\\\/cbhmeiaponte.meioambiente.go.gov.br\\\/?s={search_term_string}\"},\"query-input\":{\"@type\":\"PropertyValueSpecification\",\"valueRequired\":true,\"valueName\":\"search_term_string\"}}],\"inLanguage\":\"pt-BR\"},{\"@type\":\"Organization\",\"@id\":\"https:\\\/\\\/cbhmeiaponte.meioambiente.go.gov.br\\\/#organization\",\"name\":\"cbhmeiaponte\",\"url\":\"https:\\\/\\\/cbhmeiaponte.meioambiente.go.gov.br\\\/\",\"logo\":{\"@type\":\"ImageObject\",\"inLanguage\":\"pt-BR\",\"@id\":\"https:\\\/\\\/cbhmeiaponte.meioambiente.go.gov.br\\\/#\\\/schema\\\/logo\\\/image\\\/\",\"url\":\"https:\\\/\\\/i0.wp.com\\\/cbhmeiaponte.meioambiente.go.gov.br\\\/wp-content\\\/uploads\\\/2022\\\/04\\\/cropped-CBH-Meia-Ponte.png?fit=315%2C80&ssl=1\",\"contentUrl\":\"https:\\\/\\\/i0.wp.com\\\/cbhmeiaponte.meioambiente.go.gov.br\\\/wp-content\\\/uploads\\\/2022\\\/04\\\/cropped-CBH-Meia-Ponte.png?fit=315%2C80&ssl=1\",\"width\":315,\"height\":80,\"caption\":\"cbhmeiaponte\"},\"image\":{\"@id\":\"https:\\\/\\\/cbhmeiaponte.meioambiente.go.gov.br\\\/#\\\/schema\\\/logo\\\/image\\\/\"}}]}<\/script>\n<!-- \/ Yoast SEO plugin. -->","yoast_head_json":{"title":"Caracteriza\u00e7\u00e3o Bi\u00f3tica da Bacia - cbhmeiaponte","robots":{"index":"index","follow":"follow","max-snippet":"max-snippet:-1","max-image-preview":"max-image-preview:large","max-video-preview":"max-video-preview:-1"},"canonical":"https:\/\/cbhmeiaponte.meioambiente.go.gov.br\/?page_id=44","og_locale":"pt_BR","og_type":"article","og_title":"Caracteriza\u00e7\u00e3o Bi\u00f3tica da Bacia - cbhmeiaponte","og_description":"Biomas A bacia hidrogr\u00e1fica do Rio Meia Ponte \u00e9 dividida em Cerrado e Mata Atl\u00e2ntica, sendo que o Cerrado ocupa a maior parte de sua extens\u00e3o territorial.&nbsp; Sua \u00e1rea total \u00e9 de 14.521, 81 km\u00b2, com o Cerrado ocupando uma \u00e1rea de 12.934,43 km\u00b2, o que representa aproximadamente 89% da \u00e1rea total e a Mata [&hellip;]","og_url":"https:\/\/cbhmeiaponte.meioambiente.go.gov.br\/?page_id=44","og_site_name":"cbhmeiaponte","article_modified_time":"2022-01-13T19:35:07+00:00","og_image":[{"url":"https:\/\/lh6.googleusercontent.com\/fGqtbTmSyMD5_1VKq2vKoyqpnNmYI69mhgCNXEa9_E527VeKITpLh4lwC9SVuY4ec9r5jupcW3IYwYl2bgoK2JQXzo5mxNavf6DOWUt2hl2OqrWeHLKrUfiQZCnrObP7rA","type":"","width":"","height":""}],"twitter_card":"summary_large_image","twitter_misc":{"Est. tempo de leitura":"3 minutos"},"schema":{"@context":"https:\/\/schema.org","@graph":[{"@type":"WebPage","@id":"https:\/\/cbhmeiaponte.meioambiente.go.gov.br\/?page_id=44","url":"https:\/\/cbhmeiaponte.meioambiente.go.gov.br\/?page_id=44","name":"Caracteriza\u00e7\u00e3o Bi\u00f3tica da Bacia - cbhmeiaponte","isPartOf":{"@id":"https:\/\/cbhmeiaponte.meioambiente.go.gov.br\/#website"},"primaryImageOfPage":{"@id":"https:\/\/cbhmeiaponte.meioambiente.go.gov.br\/?page_id=44#primaryimage"},"image":{"@id":"https:\/\/cbhmeiaponte.meioambiente.go.gov.br\/?page_id=44#primaryimage"},"thumbnailUrl":"https:\/\/lh6.googleusercontent.com\/fGqtbTmSyMD5_1VKq2vKoyqpnNmYI69mhgCNXEa9_E527VeKITpLh4lwC9SVuY4ec9r5jupcW3IYwYl2bgoK2JQXzo5mxNavf6DOWUt2hl2OqrWeHLKrUfiQZCnrObP7rA","datePublished":"2021-08-31T01:49:15+00:00","dateModified":"2022-01-13T19:35:07+00:00","breadcrumb":{"@id":"https:\/\/cbhmeiaponte.meioambiente.go.gov.br\/?page_id=44#breadcrumb"},"inLanguage":"pt-BR","potentialAction":[{"@type":"ReadAction","target":["https:\/\/cbhmeiaponte.meioambiente.go.gov.br\/?page_id=44"]}]},{"@type":"ImageObject","inLanguage":"pt-BR","@id":"https:\/\/cbhmeiaponte.meioambiente.go.gov.br\/?page_id=44#primaryimage","url":"https:\/\/lh6.googleusercontent.com\/fGqtbTmSyMD5_1VKq2vKoyqpnNmYI69mhgCNXEa9_E527VeKITpLh4lwC9SVuY4ec9r5jupcW3IYwYl2bgoK2JQXzo5mxNavf6DOWUt2hl2OqrWeHLKrUfiQZCnrObP7rA","contentUrl":"https:\/\/lh6.googleusercontent.com\/fGqtbTmSyMD5_1VKq2vKoyqpnNmYI69mhgCNXEa9_E527VeKITpLh4lwC9SVuY4ec9r5jupcW3IYwYl2bgoK2JQXzo5mxNavf6DOWUt2hl2OqrWeHLKrUfiQZCnrObP7rA"},{"@type":"BreadcrumbList","@id":"https:\/\/cbhmeiaponte.meioambiente.go.gov.br\/?page_id=44#breadcrumb","itemListElement":[{"@type":"ListItem","position":1,"name":"In\u00edcio","item":"https:\/\/cbhmeiaponte.meioambiente.go.gov.br\/"},{"@type":"ListItem","position":2,"name":"Caracteriza\u00e7\u00e3o Bi\u00f3tica da Bacia"}]},{"@type":"WebSite","@id":"https:\/\/cbhmeiaponte.meioambiente.go.gov.br\/#website","url":"https:\/\/cbhmeiaponte.meioambiente.go.gov.br\/","name":"cbhmeiaponte","description":"Comit\u00ea da Bacia Hidrogr\u00e1fica do Rio Meia Ponte","publisher":{"@id":"https:\/\/cbhmeiaponte.meioambiente.go.gov.br\/#organization"},"potentialAction":[{"@type":"SearchAction","target":{"@type":"EntryPoint","urlTemplate":"https:\/\/cbhmeiaponte.meioambiente.go.gov.br\/?s={search_term_string}"},"query-input":{"@type":"PropertyValueSpecification","valueRequired":true,"valueName":"search_term_string"}}],"inLanguage":"pt-BR"},{"@type":"Organization","@id":"https:\/\/cbhmeiaponte.meioambiente.go.gov.br\/#organization","name":"cbhmeiaponte","url":"https:\/\/cbhmeiaponte.meioambiente.go.gov.br\/","logo":{"@type":"ImageObject","inLanguage":"pt-BR","@id":"https:\/\/cbhmeiaponte.meioambiente.go.gov.br\/#\/schema\/logo\/image\/","url":"https:\/\/i0.wp.com\/cbhmeiaponte.meioambiente.go.gov.br\/wp-content\/uploads\/2022\/04\/cropped-CBH-Meia-Ponte.png?fit=315%2C80&ssl=1","contentUrl":"https:\/\/i0.wp.com\/cbhmeiaponte.meioambiente.go.gov.br\/wp-content\/uploads\/2022\/04\/cropped-CBH-Meia-Ponte.png?fit=315%2C80&ssl=1","width":315,"height":80,"caption":"cbhmeiaponte"},"image":{"@id":"https:\/\/cbhmeiaponte.meioambiente.go.gov.br\/#\/schema\/logo\/image\/"}}]}},"featured_image_src":null,"featured_image_src_square":null,"jetpack_sharing_enabled":true,"_links":{"self":[{"href":"https:\/\/cbhmeiaponte.meioambiente.go.gov.br\/index.php?rest_route=\/wp\/v2\/pages\/44","targetHints":{"allow":["GET"]}}],"collection":[{"href":"https:\/\/cbhmeiaponte.meioambiente.go.gov.br\/index.php?rest_route=\/wp\/v2\/pages"}],"about":[{"href":"https:\/\/cbhmeiaponte.meioambiente.go.gov.br\/index.php?rest_route=\/wp\/v2\/types\/page"}],"author":[{"embeddable":true,"href":"https:\/\/cbhmeiaponte.meioambiente.go.gov.br\/index.php?rest_route=\/wp\/v2\/users\/2"}],"replies":[{"embeddable":true,"href":"https:\/\/cbhmeiaponte.meioambiente.go.gov.br\/index.php?rest_route=%2Fwp%2Fv2%2Fcomments&post=44"}],"version-history":[{"count":3,"href":"https:\/\/cbhmeiaponte.meioambiente.go.gov.br\/index.php?rest_route=\/wp\/v2\/pages\/44\/revisions"}],"predecessor-version":[{"id":621,"href":"https:\/\/cbhmeiaponte.meioambiente.go.gov.br\/index.php?rest_route=\/wp\/v2\/pages\/44\/revisions\/621"}],"wp:attachment":[{"href":"https:\/\/cbhmeiaponte.meioambiente.go.gov.br\/index.php?rest_route=%2Fwp%2Fv2%2Fmedia&parent=44"}],"curies":[{"name":"wp","href":"https:\/\/api.w.org\/{rel}","templated":true}]}}