{"id":452,"date":"2021-09-21T16:57:56","date_gmt":"2021-09-21T19:57:56","guid":{"rendered":"https:\/\/cbhmeiaponte.meioambiente.go.gov.br\/?page_id=452"},"modified":"2021-09-24T14:37:55","modified_gmt":"2021-09-24T17:37:55","slug":"oficios","status":"publish","type":"page","link":"https:\/\/cbhmeiaponte.meioambiente.go.gov.br\/?page_id=452","title":{"rendered":"Of\u00edcios e Portarias"},"content":{"rendered":"\n<p>Nesta p\u00e1gina ser\u00e1 poss\u00edvel acompanhar os of\u00edcios e portarias criados pelo Comit\u00ea de Bacia Hidrogr\u00e1fica do Rio Meia Ponte (CBH Meia Ponte). Os documentos s\u00e3o oficiais e elaborados pelo comit\u00ea e direcionados a agentes de ordem p\u00fablica e privada acerca de assuntos referentes \u00e0 bacia do Rio Meia Ponte. Para acessar os arquivos, clique nos links abaixo para as respectivas p\u00e1ginas.<\/p>\n\n\n\n<div class=\"wp-block-atomic-blocks-ab-accordion ab-block-accordion\"><details><summary class=\"ab-accordion-title\">Of\u00edcios<\/summary><div class=\"ab-accordion-text\">\n<p><a href=\"https:\/\/cbhmeiaponte.meioambiente.go.gov.br\/wp-content\/uploads\/2021\/09\/Oficio-040-2021.pdf\" data-type=\"URL\" data-id=\"https:\/\/cbhmeiaponte.meioambiente.go.gov.br\/wp-content\/uploads\/2021\/09\/Oficio-040-2021.pdf\" target=\"_blank\" rel=\"noreferrer noopener\">Of\u00edcio 040 &#8211; 2021<\/a><\/p>\n\n\n\n<p><a href=\"https:\/\/cbhmeiaponte.meioambiente.go.gov.br\/wp-content\/uploads\/2021\/09\/Oficio-040-2019.pdf\" data-type=\"URL\" data-id=\"https:\/\/cbhmeiaponte.meioambiente.go.gov.br\/wp-content\/uploads\/2021\/09\/Oficio-040-2019.pdf\" target=\"_blank\" rel=\"noreferrer noopener\">Of\u00edcio 040 &#8211; 2019<\/a><\/p>\n\n\n\n<p><a href=\"https:\/\/cbhmeiaponte.meioambiente.go.gov.br\/wp-content\/uploads\/2021\/09\/Oficio-036-2019.pdf\" data-type=\"URL\" data-id=\"https:\/\/cbhmeiaponte.meioambiente.go.gov.br\/wp-content\/uploads\/2021\/09\/Oficio-036-2019.pdf\" target=\"_blank\" rel=\"noreferrer noopener\">Of\u00edcio 036 &#8211; 2019<\/a><\/p>\n\n\n\n<p><a href=\"https:\/\/cbhmeiaponte.meioambiente.go.gov.br\/wp-content\/uploads\/2021\/09\/Oficio-001-2016.pdf\" data-type=\"URL\" data-id=\"https:\/\/cbhmeiaponte.meioambiente.go.gov.br\/wp-content\/uploads\/2021\/09\/Oficio-001-2016.pdf\" target=\"_blank\" rel=\"noreferrer noopener\">Of\u00edcio 001 &#8211; 2016<\/a><\/p>\n<\/div><\/details><\/div>\n\n\n\n<div class=\"wp-block-atomic-blocks-ab-accordion ab-block-accordion\"><details><summary class=\"ab-accordion-title\">Portarias<\/summary><div class=\"ab-accordion-text\">\n<p> <a rel=\"noreferrer noopener\" href=\"https:\/\/cbhmeiaponte.meioambiente.go.gov.br\/wp-content\/uploads\/2021\/09\/Portaria-002-2018-Instituicao-GT-Monitoramento-de-Crise-Hidrica.pdf\" data-type=\"URL\" data-id=\"https:\/\/cbhmeiaponte.meioambiente.go.gov.br\/wp-content\/uploads\/2021\/09\/Portaria-002-2018-Instituicao-GT-Monitoramento-de-Crise-Hidrica.pdf\" target=\"_blank\">Portaria 002-2018 &#8211; Institui\u00e7\u00e3o GT Monitoramento de Crise H\u00ecdrica<\/a> <\/p>\n<\/div><\/details><\/div>\n\n\n\n<p><\/p>\n","protected":false},"excerpt":{"rendered":"<p>Nesta p\u00e1gina ser\u00e1 poss\u00edvel acompanhar os of\u00edcios e portarias criados pelo Comit\u00ea de Bacia Hidrogr\u00e1fica do Rio Meia Ponte (CBH Meia Ponte). Os documentos s\u00e3o oficiais e elaborados pelo comit\u00ea e direcionados a agentes de ordem p\u00fablica e privada acerca de assuntos referentes \u00e0 bacia do Rio Meia Ponte. Para acessar os arquivos, clique nos [&hellip;]<\/p>\n","protected":false},"author":2,"featured_media":0,"parent":0,"menu_order":0,"comment_status":"closed","ping_status":"closed","template":"general-template.php","meta":{"footnotes":""},"class_list":["post-452","page","type-page","status-publish","hentry"],"yoast_head":"<!-- This site is optimized with the Yoast SEO plugin v27.3 - https:\/\/yoast.com\/product\/yoast-seo-wordpress\/ -->\n<title>Of\u00edcios e Portarias - cbhmeiaponte<\/title>\n<meta name=\"robots\" content=\"index, follow, max-snippet:-1, max-image-preview:large, max-video-preview:-1\" \/>\n<link rel=\"canonical\" href=\"https:\/\/cbhmeiaponte.meioambiente.go.gov.br\/?page_id=452\" \/>\n<meta property=\"og:locale\" content=\"pt_BR\" \/>\n<meta property=\"og:type\" content=\"article\" \/>\n<meta property=\"og:title\" content=\"Of\u00edcios e Portarias - cbhmeiaponte\" \/>\n<meta property=\"og:description\" content=\"Nesta p\u00e1gina ser\u00e1 poss\u00edvel acompanhar os of\u00edcios e portarias criados pelo Comit\u00ea de Bacia Hidrogr\u00e1fica do Rio Meia Ponte (CBH Meia Ponte). Os documentos s\u00e3o oficiais e elaborados pelo comit\u00ea e direcionados a agentes de ordem p\u00fablica e privada acerca de assuntos referentes \u00e0 bacia do Rio Meia Ponte. Para acessar os arquivos, clique nos [&hellip;]\" \/>\n<meta property=\"og:url\" content=\"https:\/\/cbhmeiaponte.meioambiente.go.gov.br\/?page_id=452\" \/>\n<meta property=\"og:site_name\" content=\"cbhmeiaponte\" \/>\n<meta property=\"article:modified_time\" content=\"2021-09-24T17:37:55+00:00\" \/>\n<meta name=\"twitter:card\" content=\"summary_large_image\" \/>\n<script type=\"application\/ld+json\" class=\"yoast-schema-graph\">{\"@context\":\"https:\\\/\\\/schema.org\",\"@graph\":[{\"@type\":\"WebPage\",\"@id\":\"https:\\\/\\\/cbhmeiaponte.meioambiente.go.gov.br\\\/?page_id=452\",\"url\":\"https:\\\/\\\/cbhmeiaponte.meioambiente.go.gov.br\\\/?page_id=452\",\"name\":\"Of\u00edcios e Portarias - cbhmeiaponte\",\"isPartOf\":{\"@id\":\"https:\\\/\\\/cbhmeiaponte.meioambiente.go.gov.br\\\/#website\"},\"datePublished\":\"2021-09-21T19:57:56+00:00\",\"dateModified\":\"2021-09-24T17:37:55+00:00\",\"breadcrumb\":{\"@id\":\"https:\\\/\\\/cbhmeiaponte.meioambiente.go.gov.br\\\/?page_id=452#breadcrumb\"},\"inLanguage\":\"pt-BR\",\"potentialAction\":[{\"@type\":\"ReadAction\",\"target\":[\"https:\\\/\\\/cbhmeiaponte.meioambiente.go.gov.br\\\/?page_id=452\"]}]},{\"@type\":\"BreadcrumbList\",\"@id\":\"https:\\\/\\\/cbhmeiaponte.meioambiente.go.gov.br\\\/?page_id=452#breadcrumb\",\"itemListElement\":[{\"@type\":\"ListItem\",\"position\":1,\"name\":\"In\u00edcio\",\"item\":\"https:\\\/\\\/cbhmeiaponte.meioambiente.go.gov.br\\\/\"},{\"@type\":\"ListItem\",\"position\":2,\"name\":\"Of\u00edcios e Portarias\"}]},{\"@type\":\"WebSite\",\"@id\":\"https:\\\/\\\/cbhmeiaponte.meioambiente.go.gov.br\\\/#website\",\"url\":\"https:\\\/\\\/cbhmeiaponte.meioambiente.go.gov.br\\\/\",\"name\":\"cbhmeiaponte\",\"description\":\"Comit\u00ea da Bacia Hidrogr\u00e1fica do Rio Meia Ponte\",\"publisher\":{\"@id\":\"https:\\\/\\\/cbhmeiaponte.meioambiente.go.gov.br\\\/#organization\"},\"potentialAction\":[{\"@type\":\"SearchAction\",\"target\":{\"@type\":\"EntryPoint\",\"urlTemplate\":\"https:\\\/\\\/cbhmeiaponte.meioambiente.go.gov.br\\\/?s={search_term_string}\"},\"query-input\":{\"@type\":\"PropertyValueSpecification\",\"valueRequired\":true,\"valueName\":\"search_term_string\"}}],\"inLanguage\":\"pt-BR\"},{\"@type\":\"Organization\",\"@id\":\"https:\\\/\\\/cbhmeiaponte.meioambiente.go.gov.br\\\/#organization\",\"name\":\"cbhmeiaponte\",\"url\":\"https:\\\/\\\/cbhmeiaponte.meioambiente.go.gov.br\\\/\",\"logo\":{\"@type\":\"ImageObject\",\"inLanguage\":\"pt-BR\",\"@id\":\"https:\\\/\\\/cbhmeiaponte.meioambiente.go.gov.br\\\/#\\\/schema\\\/logo\\\/image\\\/\",\"url\":\"https:\\\/\\\/i0.wp.com\\\/cbhmeiaponte.meioambiente.go.gov.br\\\/wp-content\\\/uploads\\\/2022\\\/04\\\/cropped-CBH-Meia-Ponte.png?fit=315%2C80&ssl=1\",\"contentUrl\":\"https:\\\/\\\/i0.wp.com\\\/cbhmeiaponte.meioambiente.go.gov.br\\\/wp-content\\\/uploads\\\/2022\\\/04\\\/cropped-CBH-Meia-Ponte.png?fit=315%2C80&ssl=1\",\"width\":315,\"height\":80,\"caption\":\"cbhmeiaponte\"},\"image\":{\"@id\":\"https:\\\/\\\/cbhmeiaponte.meioambiente.go.gov.br\\\/#\\\/schema\\\/logo\\\/image\\\/\"}}]}<\/script>\n<!-- \/ Yoast SEO plugin. -->","yoast_head_json":{"title":"Of\u00edcios e Portarias - cbhmeiaponte","robots":{"index":"index","follow":"follow","max-snippet":"max-snippet:-1","max-image-preview":"max-image-preview:large","max-video-preview":"max-video-preview:-1"},"canonical":"https:\/\/cbhmeiaponte.meioambiente.go.gov.br\/?page_id=452","og_locale":"pt_BR","og_type":"article","og_title":"Of\u00edcios e Portarias - cbhmeiaponte","og_description":"Nesta p\u00e1gina ser\u00e1 poss\u00edvel acompanhar os of\u00edcios e portarias criados pelo Comit\u00ea de Bacia Hidrogr\u00e1fica do Rio Meia Ponte (CBH Meia Ponte). Os documentos s\u00e3o oficiais e elaborados pelo comit\u00ea e direcionados a agentes de ordem p\u00fablica e privada acerca de assuntos referentes \u00e0 bacia do Rio Meia Ponte. Para acessar os arquivos, clique nos [&hellip;]","og_url":"https:\/\/cbhmeiaponte.meioambiente.go.gov.br\/?page_id=452","og_site_name":"cbhmeiaponte","article_modified_time":"2021-09-24T17:37:55+00:00","twitter_card":"summary_large_image","schema":{"@context":"https:\/\/schema.org","@graph":[{"@type":"WebPage","@id":"https:\/\/cbhmeiaponte.meioambiente.go.gov.br\/?page_id=452","url":"https:\/\/cbhmeiaponte.meioambiente.go.gov.br\/?page_id=452","name":"Of\u00edcios e Portarias - cbhmeiaponte","isPartOf":{"@id":"https:\/\/cbhmeiaponte.meioambiente.go.gov.br\/#website"},"datePublished":"2021-09-21T19:57:56+00:00","dateModified":"2021-09-24T17:37:55+00:00","breadcrumb":{"@id":"https:\/\/cbhmeiaponte.meioambiente.go.gov.br\/?page_id=452#breadcrumb"},"inLanguage":"pt-BR","potentialAction":[{"@type":"ReadAction","target":["https:\/\/cbhmeiaponte.meioambiente.go.gov.br\/?page_id=452"]}]},{"@type":"BreadcrumbList","@id":"https:\/\/cbhmeiaponte.meioambiente.go.gov.br\/?page_id=452#breadcrumb","itemListElement":[{"@type":"ListItem","position":1,"name":"In\u00edcio","item":"https:\/\/cbhmeiaponte.meioambiente.go.gov.br\/"},{"@type":"ListItem","position":2,"name":"Of\u00edcios e Portarias"}]},{"@type":"WebSite","@id":"https:\/\/cbhmeiaponte.meioambiente.go.gov.br\/#website","url":"https:\/\/cbhmeiaponte.meioambiente.go.gov.br\/","name":"cbhmeiaponte","description":"Comit\u00ea da Bacia Hidrogr\u00e1fica do Rio Meia Ponte","publisher":{"@id":"https:\/\/cbhmeiaponte.meioambiente.go.gov.br\/#organization"},"potentialAction":[{"@type":"SearchAction","target":{"@type":"EntryPoint","urlTemplate":"https:\/\/cbhmeiaponte.meioambiente.go.gov.br\/?s={search_term_string}"},"query-input":{"@type":"PropertyValueSpecification","valueRequired":true,"valueName":"search_term_string"}}],"inLanguage":"pt-BR"},{"@type":"Organization","@id":"https:\/\/cbhmeiaponte.meioambiente.go.gov.br\/#organization","name":"cbhmeiaponte","url":"https:\/\/cbhmeiaponte.meioambiente.go.gov.br\/","logo":{"@type":"ImageObject","inLanguage":"pt-BR","@id":"https:\/\/cbhmeiaponte.meioambiente.go.gov.br\/#\/schema\/logo\/image\/","url":"https:\/\/i0.wp.com\/cbhmeiaponte.meioambiente.go.gov.br\/wp-content\/uploads\/2022\/04\/cropped-CBH-Meia-Ponte.png?fit=315%2C80&ssl=1","contentUrl":"https:\/\/i0.wp.com\/cbhmeiaponte.meioambiente.go.gov.br\/wp-content\/uploads\/2022\/04\/cropped-CBH-Meia-Ponte.png?fit=315%2C80&ssl=1","width":315,"height":80,"caption":"cbhmeiaponte"},"image":{"@id":"https:\/\/cbhmeiaponte.meioambiente.go.gov.br\/#\/schema\/logo\/image\/"}}]}},"featured_image_src":null,"featured_image_src_square":null,"jetpack_sharing_enabled":true,"_links":{"self":[{"href":"https:\/\/cbhmeiaponte.meioambiente.go.gov.br\/index.php?rest_route=\/wp\/v2\/pages\/452","targetHints":{"allow":["GET"]}}],"collection":[{"href":"https:\/\/cbhmeiaponte.meioambiente.go.gov.br\/index.php?rest_route=\/wp\/v2\/pages"}],"about":[{"href":"https:\/\/cbhmeiaponte.meioambiente.go.gov.br\/index.php?rest_route=\/wp\/v2\/types\/page"}],"author":[{"embeddable":true,"href":"https:\/\/cbhmeiaponte.meioambiente.go.gov.br\/index.php?rest_route=\/wp\/v2\/users\/2"}],"replies":[{"embeddable":true,"href":"https:\/\/cbhmeiaponte.meioambiente.go.gov.br\/index.php?rest_route=%2Fwp%2Fv2%2Fcomments&post=452"}],"version-history":[{"count":7,"href":"https:\/\/cbhmeiaponte.meioambiente.go.gov.br\/index.php?rest_route=\/wp\/v2\/pages\/452\/revisions"}],"predecessor-version":[{"id":554,"href":"https:\/\/cbhmeiaponte.meioambiente.go.gov.br\/index.php?rest_route=\/wp\/v2\/pages\/452\/revisions\/554"}],"wp:attachment":[{"href":"https:\/\/cbhmeiaponte.meioambiente.go.gov.br\/index.php?rest_route=%2Fwp%2Fv2%2Fmedia&parent=452"}],"curies":[{"name":"wp","href":"https:\/\/api.w.org\/{rel}","templated":true}]}}