{"id":62,"date":"2021-08-30T22:52:15","date_gmt":"2021-08-31T01:52:15","guid":{"rendered":"https:\/\/cbhmeiaponte.meioambiente.go.gov.br\/?page_id=62"},"modified":"2025-03-26T19:00:20","modified_gmt":"2025-03-26T22:00:20","slug":"deliberacoes","status":"publish","type":"page","link":"https:\/\/cbhmeiaponte.meioambiente.go.gov.br\/?page_id=62","title":{"rendered":"Delibera\u00e7\u00f5es"},"content":{"rendered":"\n<p>Um dos objetivos do Comit\u00ea de Bacia Hidrogr\u00e1fica do Rio Meia Ponte (CBH Meia Ponte) \u00e9 o de discutir as condi\u00e7\u00f5es da bacia, bem como a\u00e7\u00f5es de interesse comum. Por meio do comit\u00ea \u00e9 poss\u00edvel o debate para determinar o correto uso da \u00e1gua de cada uma das bacias hidrogr\u00e1ficas. Essas delibera\u00e7\u00f5es tamb\u00e9m ficam registradas em nosso site.<\/p>\n\n\n\n<p>S\u00e3o variados os assuntos de cada delibera\u00e7\u00e3o, que v\u00e3o desde a cria\u00e7\u00e3o de grupos de trabalho at\u00e9 a defini\u00e7\u00e3o de diretrizes para o enfrentamento de crise h\u00eddrica. Abaixo est\u00e3o os links para acessar as delibera\u00e7\u00f5es deste CBH desde o ano de 2018.<\/p>\n\n\n\n<div class=\"wp-block-atomic-blocks-ab-accordion ab-block-accordion\"><details><summary class=\"ab-accordion-title\">2025<\/summary><div class=\"ab-accordion-text\">\n<p><a href=\"https:\/\/cbhmeiaponte.meioambiente.go.gov.br\/wp-content\/uploads\/2025\/03\/Deliberacao_029_2025_CBH-Meia-Ponte_Aprova-PAP_26_02_25.pdf\">Delibera\u00e7\u00e3o 029 -2024 &#8211; Aprova o Plano de Aplica\u00e7\u00e3o Plurianual (PAP) dos recursos origin\u00e1rios da cobran\u00e7a pelo uso de recursos h\u00eddricos na Bacia Hidrogr\u00e1fica do Rio Meia Ponte, para o exerc\u00edcio de 2025 a 2027.<\/a><\/p>\n<\/div><\/details><\/div>\n\n\n\n<div class=\"wp-block-atomic-blocks-ab-accordion ab-block-accordion\"><details><summary class=\"ab-accordion-title\">2024<\/summary><div class=\"ab-accordion-text\">\n<p><a href=\"https:\/\/cbhmeiaponte.meioambiente.go.gov.br\/wp-content\/uploads\/2024\/10\/Deliberacao-028-2024-Criacao-GT-Regimento-Meia-Ponte.pdf\">Delibera\u00e7\u00e3o 028 -2024 &#8211; Institui o Grupo de Trabalho para Revis\u00e3o do Regimento Interno do Comit\u00ea da Bacia Hidrogr\u00e1fica do Rio Meia Ponte<\/a><\/p>\n\n\n\n<p><a href=\"https:\/\/cbhmeiaponte.meioambiente.go.gov.br\/wp-content\/uploads\/2024\/10\/Deliberac\u0327a\u0303o-027-2024-Composicao-CTPI-Meia-Ponte.pdf\">Delibera\u00e7\u00e3o 027 -2024 &#8211; Aprova a composi\u00e7\u00e3o da C\u00e2mara T\u00e9cnica de Planejamento Institucional (CTPI) do CBH Meia Ponte para a gest\u00e3o 2024\/2027.<\/a><\/p>\n\n\n\n<p><a href=\"https:\/\/cbhmeiaponte.meioambiente.go.gov.br\/wp-content\/uploads\/2024\/10\/Deliberac\u0327a\u0303o-026-2024-Criacao-CTPI-Meia-Ponte.pdf\">Delibera\u00e7\u00e3o 026 -2024 &#8211; Define as atribui\u00e7\u00f5es, a composi\u00e7\u00e3o e as regras de funcionamento da C\u00e2mara T\u00e9cnica de Planejamento Institucional (CTPI) do Comit\u00ea da Bacia Hidrogr\u00e1fica do Rio Meia Ponte.<\/a><\/p>\n\n\n\n<p><a href=\"https:\/\/cbhmeiaponte.meioambiente.go.gov.br\/wp-content\/uploads\/2024\/07\/Deliberacao-025-CBH-Meia-Ponte-Aprova-Proposta-de-Alteracao-nos-Mecanismos-de-Cobranca-pelo-Uso.pdf\" target=\"_blank\" rel=\"noreferrer noopener\">Delibera\u00e7\u00e3o 025 &#8211; 2024 &#8211; Aprova a proposta de altera\u00e7\u00e3o dos mecanismos de cobran\u00e7a pelo uso dos recursos h\u00eddricos na Bacia Hidrogr\u00e1fica do Rio Meia Ponte.<\/a><\/p>\n<\/div><\/details><\/div>\n\n\n\n<div class=\"wp-block-atomic-blocks-ab-accordion ab-block-accordion\"><details><summary class=\"ab-accordion-title\">2023<\/summary><div class=\"ab-accordion-text\">\n<p><a href=\"https:\/\/cbhmeiaponte.meioambiente.go.gov.br\/wp-content\/uploads\/2023\/08\/Deliberacao-024-2023-CBH-Meia-Ponte-Processo-eleitoral-2023-2027.pdf\" data-type=\"link\" data-id=\"https:\/\/cbhmeiaponte.meioambiente.go.gov.br\/wp-content\/uploads\/2023\/08\/Deliberacao-024-2023-CBH-Meia-Ponte-Processo-eleitoral-2023-2027.pdf\">Deliberac\u0327a\u0303o 024-2023 CBH Meia Ponte Processo eleitoral 2023-2027<\/a><\/p>\n\n\n\n<p><a href=\"https:\/\/cbhmeiaponte.meioambiente.go.gov.br\/wp-content\/uploads\/2023\/08\/Deliberacao-023-2023-GT-Acompanhamento-Paranaiba_CBH-MEIA-PONTE.pdf\" data-type=\"link\" data-id=\"https:\/\/cbhmeiaponte.meioambiente.go.gov.br\/wp-content\/uploads\/2023\/08\/Deliberacao-023-2023-GT-Acompanhamento-Paranaiba_CBH-MEIA-PONTE.pdf\">Delibera\u00e7\u00e3o 023 -2023 &#8211; Aprova a cria\u00e7\u00e3o do Grupo de Trabalho de Acompanhamento da Revis\u00e3o do Plano de Recursos H\u00eddricos<\/a><\/p>\n\n\n\n<p><\/p>\n<\/div><\/details><\/div>\n\n\n\n<div class=\"wp-block-atomic-blocks-ab-accordion ab-block-accordion\"><details><summary class=\"ab-accordion-title\">2022<\/summary><div class=\"ab-accordion-text\">\n<p><a href=\"https:\/\/cbhmeiaponte.meioambiente.go.gov.br\/wp-content\/uploads\/2022\/09\/Deliberacao-022-2022-Alocacao-Negociada-Meia-Ponte.pdf\" data-type=\"URL\" data-id=\"https:\/\/cbhmeiaponte.meioambiente.go.gov.br\/wp-content\/uploads\/2022\/09\/Deliberacao-022-2022-Alocacao-Negociada-Meia-Ponte.pdf\" target=\"_blank\" rel=\"noreferrer noopener\">Delibera\u00e7\u00e3o 022-2022 Aloca\u00e7\u00e3o Negociada Meia Ponte<\/a><\/p>\n\n\n\n<p><a href=\"https:\/\/cbhmeiaponte.meioambiente.go.gov.br\/wp-content\/uploads\/2022\/09\/Deliberacao-021-2022-Emergencia-Hidrica-Meia-Ponte-1.pdf\" data-type=\"URL\" data-id=\"https:\/\/cbhmeiaponte.meioambiente.go.gov.br\/wp-content\/uploads\/2022\/09\/Deliberacao-021-2022-Emergencia-Hidrica-Meia-Ponte-1.pdf\" target=\"_blank\" rel=\"noreferrer noopener\">Delibera\u00e7\u00e3o 021-2022 Emergencia Hidrica Meia Ponte <\/a><\/p>\n\n\n\n<p><a href=\"https:\/\/cbhmeiaponte.meioambiente.go.gov.br\/wp-content\/uploads\/2023\/01\/Deliberacao-020-2022-Criacao-GT-Alocacao-Negociada.pdf\" data-type=\"URL\" data-id=\"https:\/\/cbhmeiaponte.meioambiente.go.gov.br\/wp-content\/uploads\/2023\/01\/Deliberacao-020-2022-Criacao-GT-Alocacao-Negociada.pdf\" target=\"_blank\" rel=\"noreferrer noopener\">Delibera\u00e7\u00e3o 020 &#8211; 2022 &#8211; Cria\u00e7\u00e3o GT Aloca\u00e7\u00e3o Negociada<\/a><\/p>\n\n\n\n<p><a rel=\"noreferrer noopener\" href=\"https:\/\/cbhmeiaponte.meioambiente.go.gov.br\/wp-content\/uploads\/2022\/06\/Deliberac\u0327a\u0303o-019-2022-Aprovac\u0327a\u0303o-do-Enquadramento-1.pdf\" data-type=\"URL\" data-id=\"https:\/\/cbhmeiaponte.meioambiente.go.gov.br\/wp-content\/uploads\/2022\/06\/Deliberac\u0327a\u0303o-019-2022-Aprovac\u0327a\u0303o-do-Enquadramento-1.pdf\" target=\"_blank\">Delibera\u00e7\u00e3o 019-2022 &#8211; Aprovar a Proposta de Enquadramento dos corpos h\u00eddricos superficiais<\/a><\/p>\n<\/div><\/details><\/div>\n\n\n\n<div class=\"wp-block-atomic-blocks-ab-accordion ab-block-accordion\"><details><summary class=\"ab-accordion-title\">2021<\/summary><div class=\"ab-accordion-text\">\n<p><a href=\"https:\/\/cbhmeiaponte.meioambiente.go.gov.br\/wp-content\/uploads\/2021\/09\/Deliberacao-018-2021-Aprovacao-do-Plano-de-Bacia.pdf\" data-type=\"URL\" data-id=\"https:\/\/cbhmeiaponte.meioambiente.go.gov.br\/wp-content\/uploads\/2021\/09\/Deliberacao-018-2021-Aprovacao-do-Plano-de-Bacia.pdf\" target=\"_blank\" rel=\"noreferrer noopener\">Delibera\u00e7\u00e3o 018-2021 &#8211; Aprova\u00e7\u00e3o do Plano de Bacia<\/a><\/p>\n\n\n\n<p><a href=\"https:\/\/cbhmeiaponte.meioambiente.go.gov.br\/wp-content\/uploads\/2022\/08\/Deliberacao-017-2021-Define-Diretrizes-para-o-enfrentamento-de-crise-hidrica-CORRIGIDO.pdf\" data-type=\"URL\" data-id=\"https:\/\/cbhmeiaponte.meioambiente.go.gov.br\/wp-content\/uploads\/2022\/08\/Deliberacao-017-2021-Define-Diretrizes-para-o-enfrentamento-de-crise-hidrica-CORRIGIDO.pdf\" target=\"_blank\" rel=\"noreferrer noopener\">Delibera\u00e7\u00e3o 017-2021 &#8211; Define Diretrizes para o enfrentamento de crise h\u00eddrica  <\/a><\/p>\n\n\n\n<p><a rel=\"noreferrer noopener\" href=\"https:\/\/cbhmeiaponte.meioambiente.go.gov.br\/wp-content\/uploads\/2021\/09\/Deliberacao-016-2021-Criacaod-e-GT-para-o-Rio-Caldas.pdf\" data-type=\"URL\" data-id=\"https:\/\/cbhmeiaponte.meioambiente.go.gov.br\/wp-content\/uploads\/2021\/09\/Deliberacao-016-2021-Criacaod-e-GT-para-o-Rio-Caldas.pdf\" target=\"_blank\">Delibera\u00e7\u00e3o 016-2021 &#8211; Cria\u00e7\u00e3o de GT para o Rio Caldas<\/a><\/p>\n<\/div><\/details><\/div>\n\n\n\n<div class=\"wp-block-atomic-blocks-ab-accordion ab-block-accordion\"><details><summary class=\"ab-accordion-title\">2020<\/summary><div class=\"ab-accordion-text\">\n<p><a rel=\"noreferrer noopener\" href=\"https:\/\/cbhmeiaponte.meioambiente.go.gov.br\/wp-content\/uploads\/2021\/09\/Deliberacao-015-2020-Define-Diretrizes-para-o-enfrentamento-de-crise-hidrica.pdf\" data-type=\"URL\" data-id=\"https:\/\/cbhmeiaponte.meioambiente.go.gov.br\/wp-content\/uploads\/2021\/09\/Deliberacao-015-2020-Define-Diretrizes-para-o-enfrentamento-de-crise-hidrica.pdf\" target=\"_blank\">Delibera\u00e7\u00e3o 015-2020 &#8211; Define Diretrizes para o enfrentamento de crise h\u00eddrica<\/a>      <\/p>\n\n\n\n<p><a rel=\"noreferrer noopener\" href=\"https:\/\/cbhmeiaponte.meioambiente.go.gov.br\/wp-content\/uploads\/2021\/09\/Deliberacao-014-2020-Institui-o-GT-de-Revisao-de-Regimento-Interno.pdf\" data-type=\"URL\" data-id=\"https:\/\/cbhmeiaponte.meioambiente.go.gov.br\/wp-content\/uploads\/2021\/09\/Deliberacao-014-2020-Institui-o-GT-de-Revisao-de-Regimento-Interno.pdf\" target=\"_blank\">Delibera\u00e7\u00e3o 014-2020 &#8211; Institui o GT de Revis\u00e3o de Regime Interno<\/a><\/p>\n\n\n\n<p><a rel=\"noreferrer noopener\" href=\"https:\/\/cbhmeiaponte.meioambiente.go.gov.br\/wp-content\/uploads\/2021\/09\/Deliberacao-013-2020-Institui-e-define-as-atribuicoes-de-Camara-Tecnica-Permanente.pdf\" data-type=\"URL\" data-id=\"https:\/\/cbhmeiaponte.meioambiente.go.gov.br\/wp-content\/uploads\/2021\/09\/Deliberacao-013-2020-Institui-e-define-as-atribuicoes-de-Camara-Tecnica-Permanente.pdf\" target=\"_blank\">Delibera\u00e7\u00e3o 013-2020 &#8211; Institui e define as atribui\u00e7\u00f5es de C\u00e2mara T\u00e9cnica Permanente<\/a><\/p>\n\n\n\n<p><a rel=\"noreferrer noopener\" href=\"https:\/\/cbhmeiaponte.meioambiente.go.gov.br\/wp-content\/uploads\/2021\/09\/Deliberacao-012-2020-Criacao-do-GT-sobre-viabilidade-da-implenatacao-de-Cobranca.pdf\" data-type=\"URL\" data-id=\"https:\/\/cbhmeiaponte.meioambiente.go.gov.br\/wp-content\/uploads\/2021\/09\/Deliberacao-012-2020-Criacao-do-GT-sobre-viabilidade-da-implenatacao-de-Cobranca.pdf\" target=\"_blank\">Delibera\u00e7\u00e3o 012-2020 &#8211; Cria\u00e7\u00e3o do GT sobre viabilidade da implementa\u00e7\u00e3o de cobran\u00e7a<\/a><\/p>\n<\/div><\/details><\/div>\n\n\n\n<div class=\"wp-block-atomic-blocks-ab-accordion ab-block-accordion\"><details><summary class=\"ab-accordion-title\">2019<\/summary><div class=\"ab-accordion-text\">\n<p><a rel=\"noreferrer noopener\" href=\"https:\/\/cbhmeiaponte.meioambiente.go.gov.br\/wp-content\/uploads\/2021\/09\/Deliberacao-011-2019-Normas-procedimentos-e-criterios-de-escolha-novos-membros.pdf\" data-type=\"URL\" data-id=\"https:\/\/cbhmeiaponte.meioambiente.go.gov.br\/wp-content\/uploads\/2021\/09\/Deliberacao-011-2019-Normas-procedimentos-e-criterios-de-escolha-novos-membros.pdf\" target=\"_blank\">Delibera\u00e7\u00e3o 011-2019 &#8211; Normas, procedimentos e crit\u00e9rios de escolha novos membros<\/a>     <\/p>\n\n\n\n<p><a rel=\"noreferrer noopener\" href=\"https:\/\/cbhmeiaponte.meioambiente.go.gov.br\/wp-content\/uploads\/2021\/09\/Deliberacao-010-2019-Aprova-alteracao-Regimento-Interno.pdf\" data-type=\"URL\" data-id=\"https:\/\/cbhmeiaponte.meioambiente.go.gov.br\/wp-content\/uploads\/2021\/09\/Deliberacao-010-2019-Aprova-alteracao-Regimento-Interno.pdf\" target=\"_blank\">Delibera\u00e7\u00e3o 010-2019 &#8211; Aprova altera\u00e7\u00e3o Regimento Interno<\/a> <\/p>\n\n\n\n<p><a rel=\"noreferrer noopener\" href=\"https:\/\/cbhmeiaponte.meioambiente.go.gov.br\/wp-content\/uploads\/2021\/09\/Deliberacao-009-2019-Alteracao-Deliberacao-008.pdf\" data-type=\"URL\" data-id=\"https:\/\/cbhmeiaponte.meioambiente.go.gov.br\/wp-content\/uploads\/2021\/09\/Deliberacao-009-2019-Alteracao-Deliberacao-008.pdf\" target=\"_blank\">Delibera\u00e7\u00e3o 009-2019 &#8211; Altera\u00e7\u00e3o Delibera\u00e7\u00e3o 008<\/a><\/p>\n\n\n\n<p><a rel=\"noreferrer noopener\" href=\"https:\/\/cbhmeiaponte.meioambiente.go.gov.br\/wp-content\/uploads\/2021\/09\/Deliberacao-008-2019-Define-Diretrizes-para-o-enfrentamento-de-crise-hidrica.pdf\" data-type=\"URL\" data-id=\"https:\/\/cbhmeiaponte.meioambiente.go.gov.br\/wp-content\/uploads\/2021\/09\/Deliberacao-008-2019-Define-Diretrizes-para-o-enfrentamento-de-crise-hidrica.pdf\" target=\"_blank\">Delibera\u00e7\u00e3o 008-2019 &#8211; Define Diretrizes para o enfrentamento de crise h\u00eddrica<\/a><\/p>\n\n\n\n<p><a rel=\"noreferrer noopener\" href=\"https:\/\/cbhmeiaponte.meioambiente.go.gov.br\/wp-content\/uploads\/2021\/09\/Deliberacao-007-2019-Instituir-GT-e-Revisao-Regimental.pdf\" data-type=\"URL\" data-id=\"https:\/\/cbhmeiaponte.meioambiente.go.gov.br\/wp-content\/uploads\/2021\/09\/Deliberacao-007-2019-Instituir-GT-e-Revisao-Regimental.pdf\" target=\"_blank\">Delibera\u00e7\u00e3o 007-2019 &#8211; Instituir GT e Revis\u00e3o Regimental<\/a><\/p>\n\n\n\n<p><a rel=\"noreferrer noopener\" href=\"https:\/\/cbhmeiaponte.meioambiente.go.gov.br\/wp-content\/uploads\/2021\/09\/Deliberacao-006-2019-Instituir-GT-Monitoramento-e-Crise-Hidrica.pdf\" data-type=\"URL\" data-id=\"https:\/\/cbhmeiaponte.meioambiente.go.gov.br\/wp-content\/uploads\/2021\/09\/Deliberacao-006-2019-Instituir-GT-Monitoramento-e-Crise-Hidrica.pdf\" target=\"_blank\">Delibera\u00e7\u00e3o 006-2019 &#8211; Instituir GT Monitoramento e Crise H\u00eddrica<\/a><\/p>\n<\/div><\/details><\/div>\n\n\n\n<div class=\"wp-block-atomic-blocks-ab-accordion ab-block-accordion\"><details><summary class=\"ab-accordion-title\">2018<\/summary><div class=\"ab-accordion-text\">\n<p><a rel=\"noreferrer noopener\" href=\"https:\/\/cbhmeiaponte.meioambiente.go.gov.br\/wp-content\/uploads\/2021\/08\/Deliberacao-005-2018-CBH-Meia-Ponte.pdf\" target=\"_blank\">Delibera\u00e7\u00e3o 005-2018 &#8211; Aprova as Diretrizes<\/a>  <\/p>\n\n\n\n<p><a rel=\"noreferrer noopener\" href=\"https:\/\/cbhmeiaponte.meioambiente.go.gov.br\/wp-content\/uploads\/2021\/08\/Deliberacao-004-2018-CBH-Meia-Ponte.pdf\" target=\"_blank\">Delibera\u00e7\u00e3o 004-2018 &#8211; Altera Diretrizes<\/a> <\/p>\n\n\n\n<p><a rel=\"noreferrer noopener\" href=\"https:\/\/cbhmeiaponte.meioambiente.go.gov.br\/wp-content\/uploads\/2021\/08\/Deliberacao-003-2018-CBH-Meia-Ponte.pdf\" target=\"_blank\">Delibera\u00e7\u00e3o 003-2018 &#8211; Define diretrizes para o enfrentamento de crise h\u00eddrica<\/a><\/p>\n\n\n\n<p><\/p>\n\n\n\n<p><\/p>\n<\/div><\/details><\/div>\n\n\n\n<p><\/p>\n","protected":false},"excerpt":{"rendered":"<p>Um dos objetivos do Comit\u00ea de Bacia Hidrogr\u00e1fica do Rio Meia Ponte (CBH Meia Ponte) \u00e9 o de discutir as condi\u00e7\u00f5es da bacia, bem como a\u00e7\u00f5es de interesse comum. Por meio do comit\u00ea \u00e9 poss\u00edvel o debate para determinar o correto uso da \u00e1gua de cada uma das bacias hidrogr\u00e1ficas. Essas delibera\u00e7\u00f5es tamb\u00e9m ficam registradas [&hellip;]<\/p>\n","protected":false},"author":2,"featured_media":0,"parent":0,"menu_order":0,"comment_status":"closed","ping_status":"closed","template":"general-template.php","meta":{"footnotes":""},"class_list":["post-62","page","type-page","status-publish","hentry"],"yoast_head":"<!-- This site is optimized with the Yoast SEO plugin v27.3 - https:\/\/yoast.com\/product\/yoast-seo-wordpress\/ -->\n<title>Delibera\u00e7\u00f5es - cbhmeiaponte<\/title>\n<meta name=\"robots\" content=\"index, follow, max-snippet:-1, max-image-preview:large, max-video-preview:-1\" \/>\n<link rel=\"canonical\" href=\"https:\/\/cbhmeiaponte.meioambiente.go.gov.br\/?page_id=62\" \/>\n<meta property=\"og:locale\" content=\"pt_BR\" \/>\n<meta property=\"og:type\" content=\"article\" \/>\n<meta property=\"og:title\" content=\"Delibera\u00e7\u00f5es - cbhmeiaponte\" \/>\n<meta property=\"og:description\" content=\"Um dos objetivos do Comit\u00ea de Bacia Hidrogr\u00e1fica do Rio Meia Ponte (CBH Meia Ponte) \u00e9 o de discutir as condi\u00e7\u00f5es da bacia, bem como a\u00e7\u00f5es de interesse comum. Por meio do comit\u00ea \u00e9 poss\u00edvel o debate para determinar o correto uso da \u00e1gua de cada uma das bacias hidrogr\u00e1ficas. Essas delibera\u00e7\u00f5es tamb\u00e9m ficam registradas [&hellip;]\" \/>\n<meta property=\"og:url\" content=\"https:\/\/cbhmeiaponte.meioambiente.go.gov.br\/?page_id=62\" \/>\n<meta property=\"og:site_name\" content=\"cbhmeiaponte\" \/>\n<meta property=\"article:modified_time\" content=\"2025-03-26T22:00:20+00:00\" \/>\n<meta name=\"twitter:card\" content=\"summary_large_image\" \/>\n<meta name=\"twitter:label1\" content=\"Est. tempo de leitura\" \/>\n\t<meta name=\"twitter:data1\" content=\"3 minutos\" \/>\n<script type=\"application\/ld+json\" class=\"yoast-schema-graph\">{\"@context\":\"https:\\\/\\\/schema.org\",\"@graph\":[{\"@type\":\"WebPage\",\"@id\":\"https:\\\/\\\/cbhmeiaponte.meioambiente.go.gov.br\\\/?page_id=62\",\"url\":\"https:\\\/\\\/cbhmeiaponte.meioambiente.go.gov.br\\\/?page_id=62\",\"name\":\"Delibera\u00e7\u00f5es - cbhmeiaponte\",\"isPartOf\":{\"@id\":\"https:\\\/\\\/cbhmeiaponte.meioambiente.go.gov.br\\\/#website\"},\"datePublished\":\"2021-08-31T01:52:15+00:00\",\"dateModified\":\"2025-03-26T22:00:20+00:00\",\"breadcrumb\":{\"@id\":\"https:\\\/\\\/cbhmeiaponte.meioambiente.go.gov.br\\\/?page_id=62#breadcrumb\"},\"inLanguage\":\"pt-BR\",\"potentialAction\":[{\"@type\":\"ReadAction\",\"target\":[\"https:\\\/\\\/cbhmeiaponte.meioambiente.go.gov.br\\\/?page_id=62\"]}]},{\"@type\":\"BreadcrumbList\",\"@id\":\"https:\\\/\\\/cbhmeiaponte.meioambiente.go.gov.br\\\/?page_id=62#breadcrumb\",\"itemListElement\":[{\"@type\":\"ListItem\",\"position\":1,\"name\":\"In\u00edcio\",\"item\":\"https:\\\/\\\/cbhmeiaponte.meioambiente.go.gov.br\\\/\"},{\"@type\":\"ListItem\",\"position\":2,\"name\":\"Delibera\u00e7\u00f5es\"}]},{\"@type\":\"WebSite\",\"@id\":\"https:\\\/\\\/cbhmeiaponte.meioambiente.go.gov.br\\\/#website\",\"url\":\"https:\\\/\\\/cbhmeiaponte.meioambiente.go.gov.br\\\/\",\"name\":\"cbhmeiaponte\",\"description\":\"Comit\u00ea da Bacia Hidrogr\u00e1fica do Rio Meia Ponte\",\"publisher\":{\"@id\":\"https:\\\/\\\/cbhmeiaponte.meioambiente.go.gov.br\\\/#organization\"},\"potentialAction\":[{\"@type\":\"SearchAction\",\"target\":{\"@type\":\"EntryPoint\",\"urlTemplate\":\"https:\\\/\\\/cbhmeiaponte.meioambiente.go.gov.br\\\/?s={search_term_string}\"},\"query-input\":{\"@type\":\"PropertyValueSpecification\",\"valueRequired\":true,\"valueName\":\"search_term_string\"}}],\"inLanguage\":\"pt-BR\"},{\"@type\":\"Organization\",\"@id\":\"https:\\\/\\\/cbhmeiaponte.meioambiente.go.gov.br\\\/#organization\",\"name\":\"cbhmeiaponte\",\"url\":\"https:\\\/\\\/cbhmeiaponte.meioambiente.go.gov.br\\\/\",\"logo\":{\"@type\":\"ImageObject\",\"inLanguage\":\"pt-BR\",\"@id\":\"https:\\\/\\\/cbhmeiaponte.meioambiente.go.gov.br\\\/#\\\/schema\\\/logo\\\/image\\\/\",\"url\":\"https:\\\/\\\/i0.wp.com\\\/cbhmeiaponte.meioambiente.go.gov.br\\\/wp-content\\\/uploads\\\/2022\\\/04\\\/cropped-CBH-Meia-Ponte.png?fit=315%2C80&ssl=1\",\"contentUrl\":\"https:\\\/\\\/i0.wp.com\\\/cbhmeiaponte.meioambiente.go.gov.br\\\/wp-content\\\/uploads\\\/2022\\\/04\\\/cropped-CBH-Meia-Ponte.png?fit=315%2C80&ssl=1\",\"width\":315,\"height\":80,\"caption\":\"cbhmeiaponte\"},\"image\":{\"@id\":\"https:\\\/\\\/cbhmeiaponte.meioambiente.go.gov.br\\\/#\\\/schema\\\/logo\\\/image\\\/\"}}]}<\/script>\n<!-- \/ Yoast SEO plugin. -->","yoast_head_json":{"title":"Delibera\u00e7\u00f5es - cbhmeiaponte","robots":{"index":"index","follow":"follow","max-snippet":"max-snippet:-1","max-image-preview":"max-image-preview:large","max-video-preview":"max-video-preview:-1"},"canonical":"https:\/\/cbhmeiaponte.meioambiente.go.gov.br\/?page_id=62","og_locale":"pt_BR","og_type":"article","og_title":"Delibera\u00e7\u00f5es - cbhmeiaponte","og_description":"Um dos objetivos do Comit\u00ea de Bacia Hidrogr\u00e1fica do Rio Meia Ponte (CBH Meia Ponte) \u00e9 o de discutir as condi\u00e7\u00f5es da bacia, bem como a\u00e7\u00f5es de interesse comum. Por meio do comit\u00ea \u00e9 poss\u00edvel o debate para determinar o correto uso da \u00e1gua de cada uma das bacias hidrogr\u00e1ficas. Essas delibera\u00e7\u00f5es tamb\u00e9m ficam registradas [&hellip;]","og_url":"https:\/\/cbhmeiaponte.meioambiente.go.gov.br\/?page_id=62","og_site_name":"cbhmeiaponte","article_modified_time":"2025-03-26T22:00:20+00:00","twitter_card":"summary_large_image","twitter_misc":{"Est. tempo de leitura":"3 minutos"},"schema":{"@context":"https:\/\/schema.org","@graph":[{"@type":"WebPage","@id":"https:\/\/cbhmeiaponte.meioambiente.go.gov.br\/?page_id=62","url":"https:\/\/cbhmeiaponte.meioambiente.go.gov.br\/?page_id=62","name":"Delibera\u00e7\u00f5es - cbhmeiaponte","isPartOf":{"@id":"https:\/\/cbhmeiaponte.meioambiente.go.gov.br\/#website"},"datePublished":"2021-08-31T01:52:15+00:00","dateModified":"2025-03-26T22:00:20+00:00","breadcrumb":{"@id":"https:\/\/cbhmeiaponte.meioambiente.go.gov.br\/?page_id=62#breadcrumb"},"inLanguage":"pt-BR","potentialAction":[{"@type":"ReadAction","target":["https:\/\/cbhmeiaponte.meioambiente.go.gov.br\/?page_id=62"]}]},{"@type":"BreadcrumbList","@id":"https:\/\/cbhmeiaponte.meioambiente.go.gov.br\/?page_id=62#breadcrumb","itemListElement":[{"@type":"ListItem","position":1,"name":"In\u00edcio","item":"https:\/\/cbhmeiaponte.meioambiente.go.gov.br\/"},{"@type":"ListItem","position":2,"name":"Delibera\u00e7\u00f5es"}]},{"@type":"WebSite","@id":"https:\/\/cbhmeiaponte.meioambiente.go.gov.br\/#website","url":"https:\/\/cbhmeiaponte.meioambiente.go.gov.br\/","name":"cbhmeiaponte","description":"Comit\u00ea da Bacia Hidrogr\u00e1fica do Rio Meia Ponte","publisher":{"@id":"https:\/\/cbhmeiaponte.meioambiente.go.gov.br\/#organization"},"potentialAction":[{"@type":"SearchAction","target":{"@type":"EntryPoint","urlTemplate":"https:\/\/cbhmeiaponte.meioambiente.go.gov.br\/?s={search_term_string}"},"query-input":{"@type":"PropertyValueSpecification","valueRequired":true,"valueName":"search_term_string"}}],"inLanguage":"pt-BR"},{"@type":"Organization","@id":"https:\/\/cbhmeiaponte.meioambiente.go.gov.br\/#organization","name":"cbhmeiaponte","url":"https:\/\/cbhmeiaponte.meioambiente.go.gov.br\/","logo":{"@type":"ImageObject","inLanguage":"pt-BR","@id":"https:\/\/cbhmeiaponte.meioambiente.go.gov.br\/#\/schema\/logo\/image\/","url":"https:\/\/i0.wp.com\/cbhmeiaponte.meioambiente.go.gov.br\/wp-content\/uploads\/2022\/04\/cropped-CBH-Meia-Ponte.png?fit=315%2C80&ssl=1","contentUrl":"https:\/\/i0.wp.com\/cbhmeiaponte.meioambiente.go.gov.br\/wp-content\/uploads\/2022\/04\/cropped-CBH-Meia-Ponte.png?fit=315%2C80&ssl=1","width":315,"height":80,"caption":"cbhmeiaponte"},"image":{"@id":"https:\/\/cbhmeiaponte.meioambiente.go.gov.br\/#\/schema\/logo\/image\/"}}]}},"featured_image_src":null,"featured_image_src_square":null,"jetpack_sharing_enabled":true,"_links":{"self":[{"href":"https:\/\/cbhmeiaponte.meioambiente.go.gov.br\/index.php?rest_route=\/wp\/v2\/pages\/62","targetHints":{"allow":["GET"]}}],"collection":[{"href":"https:\/\/cbhmeiaponte.meioambiente.go.gov.br\/index.php?rest_route=\/wp\/v2\/pages"}],"about":[{"href":"https:\/\/cbhmeiaponte.meioambiente.go.gov.br\/index.php?rest_route=\/wp\/v2\/types\/page"}],"author":[{"embeddable":true,"href":"https:\/\/cbhmeiaponte.meioambiente.go.gov.br\/index.php?rest_route=\/wp\/v2\/users\/2"}],"replies":[{"embeddable":true,"href":"https:\/\/cbhmeiaponte.meioambiente.go.gov.br\/index.php?rest_route=%2Fwp%2Fv2%2Fcomments&post=62"}],"version-history":[{"count":35,"href":"https:\/\/cbhmeiaponte.meioambiente.go.gov.br\/index.php?rest_route=\/wp\/v2\/pages\/62\/revisions"}],"predecessor-version":[{"id":1799,"href":"https:\/\/cbhmeiaponte.meioambiente.go.gov.br\/index.php?rest_route=\/wp\/v2\/pages\/62\/revisions\/1799"}],"wp:attachment":[{"href":"https:\/\/cbhmeiaponte.meioambiente.go.gov.br\/index.php?rest_route=%2Fwp%2Fv2%2Fmedia&parent=62"}],"curies":[{"name":"wp","href":"https:\/\/api.w.org\/{rel}","templated":true}]}}