{"id":74,"date":"2021-08-30T22:54:05","date_gmt":"2021-08-31T01:54:05","guid":{"rendered":"https:\/\/cbhmeiaponte.meioambiente.go.gov.br\/?page_id=74"},"modified":"2024-02-20T10:08:34","modified_gmt":"2024-02-20T13:08:34","slug":"plano-de-bacia","status":"publish","type":"page","link":"https:\/\/cbhmeiaponte.meioambiente.go.gov.br\/?page_id=74","title":{"rendered":"Plano de Bacia"},"content":{"rendered":"\n<p>Os Planos de Recursos H\u00eddricos (Nacional, Estadual e de Bacia) s\u00e3o instrumentos de planejamento que servem para orientar a sociedade e, mais particularmente, a atua\u00e7\u00e3o dos gestores, no que diz respeito ao uso, recupera\u00e7\u00e3o, prote\u00e7\u00e3o, conserva\u00e7\u00e3o e desenvolvimento dos recursos h\u00eddricos. Segundo a Lei das \u00c1guas, s\u00e3o planos diretores que visam a fundamentar e orientar a implementa\u00e7\u00e3o da Pol\u00edtica Nacional de Recursos H\u00eddricos e a gest\u00e3o das \u00e1guas. Devem ser formulados com uma vis\u00e3o de longo prazo, acompanhados de revis\u00f5es peri\u00f3dicas.<\/p>\n\n\n\n<p>Entre os objetivos dos Planos de Recursos H\u00eddricos, podem ser destacados os seguintes:<\/p>\n\n\n\n<p>\u2022 defini\u00e7\u00e3o de uma agenda de recursos h\u00eddricos, identificando a\u00e7\u00f5es de gest\u00e3o, programas, projetos, obras e investimentos priorit\u00e1rios, dentro de um contexto que inclua os \u00f3rg\u00e3os governamentais, a sociedade civil, os usu\u00e1rios e as diferentes institui\u00e7\u00f5es que participam do gerenciamento dos recursos h\u00eddricos;<\/p>\n\n\n\n<p>\u2022 compatibiliza\u00e7\u00e3o do uso, controle e prote\u00e7\u00e3o dos recursos h\u00eddricos \u00e0s aspira\u00e7\u00f5es sociais;<\/p>\n\n\n\n<p>\u2022 atendimento das demandas de \u00e1gua com foco no desenvolvimento sustent\u00e1vel (econ\u00f4mico, social e ambiental);<\/p>\n\n\n\n<p>\u2022 equil\u00edbrio entre oferta e demanda de \u00e1gua, de modo a assegurar as disponibilidades h\u00eddricas em quantidade, qualidade e confiabilidade adequadas aos diferentes usu\u00e1rios;<\/p>\n\n\n\n<p>&nbsp;\u2022 orienta\u00e7\u00e3o do uso dos recursos h\u00eddricos por meio de processo interativo, considerando varia\u00e7\u00f5es do ciclo hidrol\u00f3gico e dos cen\u00e1rios de desenvolvimento.<\/p>\n\n\n\n<p>Os Planos de Bacia servem de elementos motivadores e indutores da gest\u00e3o descentralizada e participativa, uma vez que s\u00e3o aprovados pelo comit\u00ea de bacia. Estabelecem metas e solu\u00e7\u00f5es de curto, m\u00e9dio e longo prazos para os problemas da bacia relacionados \u00e0 \u00e1gua.<\/p>\n\n\n\n<p>O Plano da Bacia Hidrogr\u00e1fica do Rio Meia Ponte foi aprovado por meio da Delibera\u00e7\u00e3o n\u00ba 018\/2021 de 24 de setembro de 2021, e est\u00e1 dispon\u00edvel abaixo:<\/p>\n\n\n\n<p><\/p>\n\n\n\n<p><a href=\"https:\/\/cbhmeiaponte.meioambiente.go.gov.br\/wp-content\/uploads\/2021\/09\/Deliberacao-018-2021-Aprovacao-do-Plano-de-Bacia.pdf\" target=\"_blank\" rel=\"noreferrer noopener\">Delibera\u00e7\u00e3o 018-2021 \u2013 Aprova\u00e7\u00e3o do Plano de Bacia<\/a><\/p>\n\n\n\n<p><a href=\"http:\/\/pbapgo.meioambiente.go.gov.br\/?page_id=1445\" data-type=\"link\" data-id=\"http:\/\/pbapgo.meioambiente.go.gov.br\/?page_id=1445\">Produtos &#8211; Planos de Bacia dos afluentes do Parana\u00edba do estado de Goi\u00e1s<\/a><\/p>\n","protected":false},"excerpt":{"rendered":"<p>Os Planos de Recursos H\u00eddricos (Nacional, Estadual e de Bacia) s\u00e3o instrumentos de planejamento que servem para orientar a sociedade e, mais particularmente, a atua\u00e7\u00e3o dos gestores, no que diz respeito ao uso, recupera\u00e7\u00e3o, prote\u00e7\u00e3o, conserva\u00e7\u00e3o e desenvolvimento dos recursos h\u00eddricos. Segundo a Lei das \u00c1guas, s\u00e3o planos diretores que visam a fundamentar e orientar [&hellip;]<\/p>\n","protected":false},"author":2,"featured_media":0,"parent":0,"menu_order":0,"comment_status":"closed","ping_status":"closed","template":"general-template.php","meta":{"footnotes":""},"class_list":["post-74","page","type-page","status-publish","hentry"],"yoast_head":"<!-- This site is optimized with the Yoast SEO plugin v27.3 - https:\/\/yoast.com\/product\/yoast-seo-wordpress\/ -->\n<title>Plano de Bacia - cbhmeiaponte<\/title>\n<meta name=\"robots\" content=\"index, follow, max-snippet:-1, max-image-preview:large, max-video-preview:-1\" \/>\n<link rel=\"canonical\" href=\"https:\/\/cbhmeiaponte.meioambiente.go.gov.br\/?page_id=74\" \/>\n<meta property=\"og:locale\" content=\"pt_BR\" \/>\n<meta property=\"og:type\" content=\"article\" \/>\n<meta property=\"og:title\" content=\"Plano de Bacia - cbhmeiaponte\" \/>\n<meta property=\"og:description\" content=\"Os Planos de Recursos H\u00eddricos (Nacional, Estadual e de Bacia) s\u00e3o instrumentos de planejamento que servem para orientar a sociedade e, mais particularmente, a atua\u00e7\u00e3o dos gestores, no que diz respeito ao uso, recupera\u00e7\u00e3o, prote\u00e7\u00e3o, conserva\u00e7\u00e3o e desenvolvimento dos recursos h\u00eddricos. Segundo a Lei das \u00c1guas, s\u00e3o planos diretores que visam a fundamentar e orientar [&hellip;]\" \/>\n<meta property=\"og:url\" content=\"https:\/\/cbhmeiaponte.meioambiente.go.gov.br\/?page_id=74\" \/>\n<meta property=\"og:site_name\" content=\"cbhmeiaponte\" \/>\n<meta property=\"article:modified_time\" content=\"2024-02-20T13:08:34+00:00\" \/>\n<meta name=\"twitter:card\" content=\"summary_large_image\" \/>\n<meta name=\"twitter:label1\" content=\"Est. tempo de leitura\" \/>\n\t<meta name=\"twitter:data1\" content=\"2 minutos\" \/>\n<script type=\"application\/ld+json\" class=\"yoast-schema-graph\">{\"@context\":\"https:\\\/\\\/schema.org\",\"@graph\":[{\"@type\":\"WebPage\",\"@id\":\"https:\\\/\\\/cbhmeiaponte.meioambiente.go.gov.br\\\/?page_id=74\",\"url\":\"https:\\\/\\\/cbhmeiaponte.meioambiente.go.gov.br\\\/?page_id=74\",\"name\":\"Plano de Bacia - cbhmeiaponte\",\"isPartOf\":{\"@id\":\"https:\\\/\\\/cbhmeiaponte.meioambiente.go.gov.br\\\/#website\"},\"datePublished\":\"2021-08-31T01:54:05+00:00\",\"dateModified\":\"2024-02-20T13:08:34+00:00\",\"breadcrumb\":{\"@id\":\"https:\\\/\\\/cbhmeiaponte.meioambiente.go.gov.br\\\/?page_id=74#breadcrumb\"},\"inLanguage\":\"pt-BR\",\"potentialAction\":[{\"@type\":\"ReadAction\",\"target\":[\"https:\\\/\\\/cbhmeiaponte.meioambiente.go.gov.br\\\/?page_id=74\"]}]},{\"@type\":\"BreadcrumbList\",\"@id\":\"https:\\\/\\\/cbhmeiaponte.meioambiente.go.gov.br\\\/?page_id=74#breadcrumb\",\"itemListElement\":[{\"@type\":\"ListItem\",\"position\":1,\"name\":\"In\u00edcio\",\"item\":\"https:\\\/\\\/cbhmeiaponte.meioambiente.go.gov.br\\\/\"},{\"@type\":\"ListItem\",\"position\":2,\"name\":\"Plano de Bacia\"}]},{\"@type\":\"WebSite\",\"@id\":\"https:\\\/\\\/cbhmeiaponte.meioambiente.go.gov.br\\\/#website\",\"url\":\"https:\\\/\\\/cbhmeiaponte.meioambiente.go.gov.br\\\/\",\"name\":\"cbhmeiaponte\",\"description\":\"Comit\u00ea da Bacia Hidrogr\u00e1fica do Rio Meia Ponte\",\"publisher\":{\"@id\":\"https:\\\/\\\/cbhmeiaponte.meioambiente.go.gov.br\\\/#organization\"},\"potentialAction\":[{\"@type\":\"SearchAction\",\"target\":{\"@type\":\"EntryPoint\",\"urlTemplate\":\"https:\\\/\\\/cbhmeiaponte.meioambiente.go.gov.br\\\/?s={search_term_string}\"},\"query-input\":{\"@type\":\"PropertyValueSpecification\",\"valueRequired\":true,\"valueName\":\"search_term_string\"}}],\"inLanguage\":\"pt-BR\"},{\"@type\":\"Organization\",\"@id\":\"https:\\\/\\\/cbhmeiaponte.meioambiente.go.gov.br\\\/#organization\",\"name\":\"cbhmeiaponte\",\"url\":\"https:\\\/\\\/cbhmeiaponte.meioambiente.go.gov.br\\\/\",\"logo\":{\"@type\":\"ImageObject\",\"inLanguage\":\"pt-BR\",\"@id\":\"https:\\\/\\\/cbhmeiaponte.meioambiente.go.gov.br\\\/#\\\/schema\\\/logo\\\/image\\\/\",\"url\":\"https:\\\/\\\/i0.wp.com\\\/cbhmeiaponte.meioambiente.go.gov.br\\\/wp-content\\\/uploads\\\/2022\\\/04\\\/cropped-CBH-Meia-Ponte.png?fit=315%2C80&ssl=1\",\"contentUrl\":\"https:\\\/\\\/i0.wp.com\\\/cbhmeiaponte.meioambiente.go.gov.br\\\/wp-content\\\/uploads\\\/2022\\\/04\\\/cropped-CBH-Meia-Ponte.png?fit=315%2C80&ssl=1\",\"width\":315,\"height\":80,\"caption\":\"cbhmeiaponte\"},\"image\":{\"@id\":\"https:\\\/\\\/cbhmeiaponte.meioambiente.go.gov.br\\\/#\\\/schema\\\/logo\\\/image\\\/\"}}]}<\/script>\n<!-- \/ Yoast SEO plugin. -->","yoast_head_json":{"title":"Plano de Bacia - cbhmeiaponte","robots":{"index":"index","follow":"follow","max-snippet":"max-snippet:-1","max-image-preview":"max-image-preview:large","max-video-preview":"max-video-preview:-1"},"canonical":"https:\/\/cbhmeiaponte.meioambiente.go.gov.br\/?page_id=74","og_locale":"pt_BR","og_type":"article","og_title":"Plano de Bacia - cbhmeiaponte","og_description":"Os Planos de Recursos H\u00eddricos (Nacional, Estadual e de Bacia) s\u00e3o instrumentos de planejamento que servem para orientar a sociedade e, mais particularmente, a atua\u00e7\u00e3o dos gestores, no que diz respeito ao uso, recupera\u00e7\u00e3o, prote\u00e7\u00e3o, conserva\u00e7\u00e3o e desenvolvimento dos recursos h\u00eddricos. Segundo a Lei das \u00c1guas, s\u00e3o planos diretores que visam a fundamentar e orientar [&hellip;]","og_url":"https:\/\/cbhmeiaponte.meioambiente.go.gov.br\/?page_id=74","og_site_name":"cbhmeiaponte","article_modified_time":"2024-02-20T13:08:34+00:00","twitter_card":"summary_large_image","twitter_misc":{"Est. tempo de leitura":"2 minutos"},"schema":{"@context":"https:\/\/schema.org","@graph":[{"@type":"WebPage","@id":"https:\/\/cbhmeiaponte.meioambiente.go.gov.br\/?page_id=74","url":"https:\/\/cbhmeiaponte.meioambiente.go.gov.br\/?page_id=74","name":"Plano de Bacia - cbhmeiaponte","isPartOf":{"@id":"https:\/\/cbhmeiaponte.meioambiente.go.gov.br\/#website"},"datePublished":"2021-08-31T01:54:05+00:00","dateModified":"2024-02-20T13:08:34+00:00","breadcrumb":{"@id":"https:\/\/cbhmeiaponte.meioambiente.go.gov.br\/?page_id=74#breadcrumb"},"inLanguage":"pt-BR","potentialAction":[{"@type":"ReadAction","target":["https:\/\/cbhmeiaponte.meioambiente.go.gov.br\/?page_id=74"]}]},{"@type":"BreadcrumbList","@id":"https:\/\/cbhmeiaponte.meioambiente.go.gov.br\/?page_id=74#breadcrumb","itemListElement":[{"@type":"ListItem","position":1,"name":"In\u00edcio","item":"https:\/\/cbhmeiaponte.meioambiente.go.gov.br\/"},{"@type":"ListItem","position":2,"name":"Plano de Bacia"}]},{"@type":"WebSite","@id":"https:\/\/cbhmeiaponte.meioambiente.go.gov.br\/#website","url":"https:\/\/cbhmeiaponte.meioambiente.go.gov.br\/","name":"cbhmeiaponte","description":"Comit\u00ea da Bacia Hidrogr\u00e1fica do Rio Meia Ponte","publisher":{"@id":"https:\/\/cbhmeiaponte.meioambiente.go.gov.br\/#organization"},"potentialAction":[{"@type":"SearchAction","target":{"@type":"EntryPoint","urlTemplate":"https:\/\/cbhmeiaponte.meioambiente.go.gov.br\/?s={search_term_string}"},"query-input":{"@type":"PropertyValueSpecification","valueRequired":true,"valueName":"search_term_string"}}],"inLanguage":"pt-BR"},{"@type":"Organization","@id":"https:\/\/cbhmeiaponte.meioambiente.go.gov.br\/#organization","name":"cbhmeiaponte","url":"https:\/\/cbhmeiaponte.meioambiente.go.gov.br\/","logo":{"@type":"ImageObject","inLanguage":"pt-BR","@id":"https:\/\/cbhmeiaponte.meioambiente.go.gov.br\/#\/schema\/logo\/image\/","url":"https:\/\/i0.wp.com\/cbhmeiaponte.meioambiente.go.gov.br\/wp-content\/uploads\/2022\/04\/cropped-CBH-Meia-Ponte.png?fit=315%2C80&ssl=1","contentUrl":"https:\/\/i0.wp.com\/cbhmeiaponte.meioambiente.go.gov.br\/wp-content\/uploads\/2022\/04\/cropped-CBH-Meia-Ponte.png?fit=315%2C80&ssl=1","width":315,"height":80,"caption":"cbhmeiaponte"},"image":{"@id":"https:\/\/cbhmeiaponte.meioambiente.go.gov.br\/#\/schema\/logo\/image\/"}}]}},"featured_image_src":null,"featured_image_src_square":null,"jetpack_sharing_enabled":true,"_links":{"self":[{"href":"https:\/\/cbhmeiaponte.meioambiente.go.gov.br\/index.php?rest_route=\/wp\/v2\/pages\/74","targetHints":{"allow":["GET"]}}],"collection":[{"href":"https:\/\/cbhmeiaponte.meioambiente.go.gov.br\/index.php?rest_route=\/wp\/v2\/pages"}],"about":[{"href":"https:\/\/cbhmeiaponte.meioambiente.go.gov.br\/index.php?rest_route=\/wp\/v2\/types\/page"}],"author":[{"embeddable":true,"href":"https:\/\/cbhmeiaponte.meioambiente.go.gov.br\/index.php?rest_route=\/wp\/v2\/users\/2"}],"replies":[{"embeddable":true,"href":"https:\/\/cbhmeiaponte.meioambiente.go.gov.br\/index.php?rest_route=%2Fwp%2Fv2%2Fcomments&post=74"}],"version-history":[{"count":5,"href":"https:\/\/cbhmeiaponte.meioambiente.go.gov.br\/index.php?rest_route=\/wp\/v2\/pages\/74\/revisions"}],"predecessor-version":[{"id":1427,"href":"https:\/\/cbhmeiaponte.meioambiente.go.gov.br\/index.php?rest_route=\/wp\/v2\/pages\/74\/revisions\/1427"}],"wp:attachment":[{"href":"https:\/\/cbhmeiaponte.meioambiente.go.gov.br\/index.php?rest_route=%2Fwp%2Fv2%2Fmedia&parent=74"}],"curies":[{"name":"wp","href":"https:\/\/api.w.org\/{rel}","templated":true}]}}